{"id":32554,"date":"2025-02-20T22:34:24","date_gmt":"2025-02-20T22:34:24","guid":{"rendered":"http:\/\/olemosaic.com\/producto\/salvamanteles-de-ceramica-delfin-tenerife\/"},"modified":"2025-07-25T18:54:01","modified_gmt":"2025-07-25T16:54:01","slug":"dessous-de-plat-en-ceramique-dauphin-tenerife","status":"publish","type":"product","link":"https:\/\/olemosaic.com\/fr\/produit\/dessous-de-plat-en-ceramique-dauphin-tenerife\/","title":{"rendered":"Dessous de plat en c\u00e9ramique. Dauphin. Tenerife."},"content":{"rendered":"<p>Ce dessous de plat en c\u00e9ramique, inspir\u00e9 par la beaut\u00e9 marine de Tenerife, est une pi\u00e8ce captivante qui ajoute une touche vibrante \u00e0 n&rsquo;importe quelle table. Son design pr\u00e9sente un dauphin color\u00e9 de style mosa\u00efque, avec une palette de bleus, jaunes et rouges qui \u00e9voquent la joie et le dynamisme de l&rsquo;oc\u00e9an. Entour\u00e9 d&rsquo;\u00e9l\u00e9ments marins tels que des \u00e9toiles de mer et des coraux, le dessous de plat cr\u00e9e une sc\u00e8ne anim\u00e9e rappelant les eaux cristallines des c\u00f4tes canariennes. Le texte \u00ab\u00a0TENERIFE\u00a0\u00bb, avec des lettres joyeuses, compl\u00e8te le design et apporte un air festif, faisant de cet objet bien plus qu&rsquo;un simple ustensile fonctionnel. La finition en c\u00e9ramique garantit non seulement la durabilit\u00e9, mais aussi la facilit\u00e9 de nettoyage et la r\u00e9sistance \u00e0 la chaleur, ce qui en fait un produit pratique pour la maison.<\/p>\n<p>Avec son authenticit\u00e9 et son lien avec la culture de Tenerife, ce dessous de plat est un souvenir id\u00e9al pour les touristes \u00e0 la recherche d&rsquo;un souvenir repr\u00e9sentatif de l&rsquo;\u00eele. Chez Ol\u00e9 Mosaic, nous distribuons des souvenirs en gros, et ce dessous de plat en c\u00e9ramique est une excellente option pour les boutiques de cadeaux touristiques souhaitant proposer des produits de qualit\u00e9 et de pertinence culturelle. Chaque pi\u00e8ce refl\u00e8te la biodiversit\u00e9 de l&rsquo;environnement marin, devenant un rappel parfait de la beaut\u00e9 naturelle de Tenerife.<\/p>\n","protected":false},"excerpt":{"rendered":"<p>Dessous de plat en c\u00e9ramique inspir\u00e9 par la beaut\u00e9 marine de Tenerife, d\u00e9cor\u00e9 d&rsquo;un dauphin color\u00e9 de style mosa\u00efque. Ce dessous de plat attrayant pr\u00e9sente une palette vibrante de bleus, jaunes et rouges, rehaussant le design avec des \u00e9l\u00e9ments marins comme des \u00e9toiles de mer et des coraux. Le mot \u00ab\u00a0TENERIFE\u00a0\u00bb est dispos\u00e9 en lettres joyeuses, ajoutant une touche festive. Sa finition c\u00e9ramique assure durabilit\u00e9 et fonctionnalit\u00e9, parfait pour orner n&rsquo;importe quelle table.<\/p>\n","protected":false},"featured_media":13818,"template":"","meta":{"_acf_changed":false},"product_brand":[],"product_cat":[827],"product_tag":[530,585],"class_list":{"0":"post-32554","1":"product","2":"type-product","3":"status-publish","4":"has-post-thumbnail","6":"product_cat-dessous-de-plat","7":"product_tag-animaux","8":"product_tag-ceramique","9":"pa_ciudad-tenerife","10":"pa_motivo-dauphins","11":"pa_pais-espana","13":"first","14":"instock","15":"shipping-taxable","16":"product-type-simple"},"acf":[],"_links":{"self":[{"href":"https:\/\/olemosaic.com\/fr\/wp-json\/wp\/v2\/product\/32554","targetHints":{"allow":["GET"]}}],"collection":[{"href":"https:\/\/olemosaic.com\/fr\/wp-json\/wp\/v2\/product"}],"about":[{"href":"https:\/\/olemosaic.com\/fr\/wp-json\/wp\/v2\/types\/product"}],"wp:featuredmedia":[{"embeddable":true,"href":"https:\/\/olemosaic.com\/fr\/wp-json\/wp\/v2\/media\/13818"}],"wp:attachment":[{"href":"https:\/\/olemosaic.com\/fr\/wp-json\/wp\/v2\/media?parent=32554"}],"wp:term":[{"taxonomy":"product_brand","embeddable":true,"href":"https:\/\/olemosaic.com\/fr\/wp-json\/wp\/v2\/product_brand?post=32554"},{"taxonomy":"product_cat","embeddable":true,"href":"https:\/\/olemosaic.com\/fr\/wp-json\/wp\/v2\/product_cat?post=32554"},{"taxonomy":"product_tag","embeddable":true,"href":"https:\/\/olemosaic.com\/fr\/wp-json\/wp\/v2\/product_tag?post=32554"}],"curies":[{"name":"wp","href":"https:\/\/api.w.org\/{rel}","templated":true}]}}