{"id":32553,"date":"2025-02-20T23:34:24","date_gmt":"2025-02-20T22:34:24","guid":{"rendered":"http:\/\/olemosaic.com\/producto\/salvamanteles-de-ceramica-mosaico-barcelona\/"},"modified":"2025-07-25T19:08:27","modified_gmt":"2025-07-25T17:08:27","slug":"dessous-de-plat-en-ceramique-mosaique-barcelone","status":"publish","type":"product","link":"https:\/\/olemosaic.com\/fr\/produit\/dessous-de-plat-en-ceramique-mosaique-barcelone\/","title":{"rendered":"Dessous de plat en c\u00e9ramique. Mosa\u00efque. Barcelone."},"content":{"rendered":"<p>Ce dessous de plat en c\u00e9ramique, inspir\u00e9 des mosa\u00efques vibrantes de Barcelone, est une pi\u00e8ce incontournable pour les amoureux de l&rsquo;art et de la culture catalane. Avec un design qui rassemble une collection color\u00e9e de motifs g\u00e9om\u00e9triques et floraux dans les tons rouges, bleus et jaunes, il \u00e9voque le riche h\u00e9ritage artistique de la cit\u00e9 comtale, c\u00e9l\u00e8bre pour son architecture moderniste et ses mosa\u00efques, comme celles cr\u00e9\u00e9es par le g\u00e9nial Antoni Gaud\u00ed. Chaque motif a \u00e9t\u00e9 soigneusement peint \u00e0 la main, garantissant que chaque pi\u00e8ce est unique et authentique. Le dessous de plat est fini avec un bord en corde qui ajoute une touche rustique et chaleureuse, en faisant non seulement un protecteur de surfaces, mais aussi un \u00e9l\u00e9ment d\u00e9coratif qui orne n&rsquo;importe quelle table. Ce produit est id\u00e9al comme souvenir de Barcelone, permettant aux touristes de ramener un morceau de la culture locale chez eux. Chez Ol\u00e9 Mosaic, nous nous sp\u00e9cialisons dans la distribution de souvenirs en gros, offrant des produits qui c\u00e9l\u00e8brent les traditions de chaque r\u00e9gion. Ce dessous de plat en c\u00e9ramique est une excellente option pour les boutiques de cadeaux touristiques cherchant \u00e0 offrir des articles de qualit\u00e9 et de pertinence culturelle, devenant un souvenir parfait et fonctionnel de la charmante Barcelone.<\/p>\n","protected":false},"excerpt":{"rendered":"<p>Dessous de plat en c\u00e9ramique inspir\u00e9 des mosa\u00efques vibrantes de Barcelone. Ce dessous de plat attrayant pr\u00e9sente une collection color\u00e9e de motifs g\u00e9om\u00e9triques et floraux dans les tons rouges, bleus et jaunes, \u00e9voquant le riche h\u00e9ritage artistique de la ville. Avec une finition en c\u00e9ramique au design artisanal, peint \u00e0 la main, il est compl\u00e9t\u00e9 par un bord en corde qui lui donne une touche rustique. Id\u00e9al pour prot\u00e9ger n&rsquo;importe quelle surface tout en ornant votre table d&rsquo;un morceau de culture catalane.<\/p>\n","protected":false},"featured_media":9110,"template":"","meta":{"_acf_changed":false},"product_brand":[],"product_cat":[827],"product_tag":[585],"class_list":{"0":"post-32553","1":"product","2":"type-product","3":"status-publish","4":"has-post-thumbnail","6":"product_cat-dessous-de-plat","7":"product_tag-ceramique","8":"pa_ciudad-barcelona","9":"pa_motivo-mosaique","10":"pa_pais-espana","12":"first","13":"instock","14":"shipping-taxable","15":"product-type-simple"},"acf":[],"_links":{"self":[{"href":"https:\/\/olemosaic.com\/fr\/wp-json\/wp\/v2\/product\/32553","targetHints":{"allow":["GET"]}}],"collection":[{"href":"https:\/\/olemosaic.com\/fr\/wp-json\/wp\/v2\/product"}],"about":[{"href":"https:\/\/olemosaic.com\/fr\/wp-json\/wp\/v2\/types\/product"}],"wp:featuredmedia":[{"embeddable":true,"href":"https:\/\/olemosaic.com\/fr\/wp-json\/wp\/v2\/media\/9110"}],"wp:attachment":[{"href":"https:\/\/olemosaic.com\/fr\/wp-json\/wp\/v2\/media?parent=32553"}],"wp:term":[{"taxonomy":"product_brand","embeddable":true,"href":"https:\/\/olemosaic.com\/fr\/wp-json\/wp\/v2\/product_brand?post=32553"},{"taxonomy":"product_cat","embeddable":true,"href":"https:\/\/olemosaic.com\/fr\/wp-json\/wp\/v2\/product_cat?post=32553"},{"taxonomy":"product_tag","embeddable":true,"href":"https:\/\/olemosaic.com\/fr\/wp-json\/wp\/v2\/product_tag?post=32553"}],"curies":[{"name":"wp","href":"https:\/\/api.w.org\/{rel}","templated":true}]}}