{"id":32552,"date":"2025-02-20T22:34:24","date_gmt":"2025-02-20T22:34:24","guid":{"rendered":"http:\/\/olemosaic.com\/producto\/salvamanteles-de-ceramica-bailaora\/"},"modified":"2025-07-25T19:22:06","modified_gmt":"2025-07-25T17:22:06","slug":"dessous-de-plat-en-ceramique-danseuse-flamenco","status":"publish","type":"product","link":"https:\/\/olemosaic.com\/fr\/produit\/dessous-de-plat-en-ceramique-danseuse-flamenco\/","title":{"rendered":"Dessous de plat en c\u00e9ramique. Danseuse de flamenco."},"content":{"rendered":"<p>Ce dessous de plat en c\u00e9ramique illustr\u00e9 est un hommage vibrant \u00e0 la riche culture andalouse, id\u00e9al pour ceux qui recherchent une touche authentique sur leur table. La pi\u00e8ce pr\u00e9sente une image centrale percutante d&rsquo;une danseuse de flamenco, v\u00eatue d&rsquo;un costume \u00e9labor\u00e9 de mosa\u00efques color\u00e9es qui capture l&rsquo;essence de l&rsquo;art flamenco. Entour\u00e9e de fleurs rouges, chaque d\u00e9tail est soigneusement peint, refl\u00e9tant la ferveur et la passion de cette danse traditionnelle. Le design stylis\u00e9, de style trencad\u00eds, avec ses diff\u00e9rentes formes et couleurs, ajoute de la profondeur et du dynamisme \u00e0 la pi\u00e8ce, \u00e9voquant les rues vibrantes de S\u00e9ville.<\/p>\n<p>Le dessous de plat est encadr\u00e9 par une \u00e9l\u00e9gante finition en corde qui non seulement embellit la pr\u00e9sentation, mais assure \u00e9galement la fonctionnalit\u00e9 en prot\u00e9geant la surface de la table. Cet objet d\u00e9coratif exquis n&rsquo;est pas seulement un ustensile pratique, mais aussi un souvenir culturel qui c\u00e9l\u00e8bre le patrimoine de l&rsquo;Andalousie. Chez Ol\u00e9 Mosaic, nous nous sp\u00e9cialisons dans la distribution d&rsquo;articles uniques comme ce dessous de plat, qui repr\u00e9sente le meilleur des souvenirs de la r\u00e9gion. Id\u00e9al pour les boutiques de cadeaux touristiques cherchant \u00e0 offrir des produits authentiques et magnifiquement con\u00e7us, ce dessous de plat en c\u00e9ramique flamenca est un excellent choix pour ceux qui souhaitent ramener un morceau d&rsquo;Espagne \u00e0 la maison.<\/p>\n","protected":false},"excerpt":{"rendered":"<p>Dessous de plat en c\u00e9ramique illustr\u00e9 d&rsquo;une vibrante danseuse de flamenco, repr\u00e9sentant la riche culture andalouse. Ce produit pr\u00e9sente un design color\u00e9 o\u00f9 la danseuse se distingue avec une robe \u00e9labor\u00e9e \u00e0 base de mosa\u00efques color\u00e9es, entour\u00e9e de fleurs rouges et d&rsquo;\u00e9l\u00e9ments d\u00e9coratifs de style trencad\u00eds. La base en c\u00e9ramique est compl\u00e9t\u00e9e par une finition en corde qui lui donne une touche \u00e9l\u00e9gante et fonctionnelle, id\u00e9ale pour embellir n&rsquo;importe quelle table.<\/p>\n","protected":false},"featured_media":8655,"template":"","meta":{"_acf_changed":false},"product_brand":[],"product_cat":[827],"product_tag":[585],"class_list":{"0":"post-32552","1":"product","2":"type-product","3":"status-publish","4":"has-post-thumbnail","6":"product_cat-dessous-de-plat","7":"product_tag-ceramique","8":"pa_motivo-danseurs","10":"first","11":"instock","12":"shipping-taxable","13":"product-type-simple"},"acf":[],"_links":{"self":[{"href":"https:\/\/olemosaic.com\/fr\/wp-json\/wp\/v2\/product\/32552","targetHints":{"allow":["GET"]}}],"collection":[{"href":"https:\/\/olemosaic.com\/fr\/wp-json\/wp\/v2\/product"}],"about":[{"href":"https:\/\/olemosaic.com\/fr\/wp-json\/wp\/v2\/types\/product"}],"wp:featuredmedia":[{"embeddable":true,"href":"https:\/\/olemosaic.com\/fr\/wp-json\/wp\/v2\/media\/8655"}],"wp:attachment":[{"href":"https:\/\/olemosaic.com\/fr\/wp-json\/wp\/v2\/media?parent=32552"}],"wp:term":[{"taxonomy":"product_brand","embeddable":true,"href":"https:\/\/olemosaic.com\/fr\/wp-json\/wp\/v2\/product_brand?post=32552"},{"taxonomy":"product_cat","embeddable":true,"href":"https:\/\/olemosaic.com\/fr\/wp-json\/wp\/v2\/product_cat?post=32552"},{"taxonomy":"product_tag","embeddable":true,"href":"https:\/\/olemosaic.com\/fr\/wp-json\/wp\/v2\/product_tag?post=32552"}],"curies":[{"name":"wp","href":"https:\/\/api.w.org\/{rel}","templated":true}]}}