{"id":32551,"date":"2025-02-20T23:34:24","date_gmt":"2025-02-20T22:34:24","guid":{"rendered":"http:\/\/olemosaic.com\/producto\/salvamanteles-de-ceramica-toros-2\/"},"modified":"2025-07-25T19:48:31","modified_gmt":"2025-07-25T17:48:31","slug":"dessous-de-plat-en-ceramique-taureaux-2","status":"publish","type":"product","link":"https:\/\/olemosaic.com\/fr\/produit\/dessous-de-plat-en-ceramique-taureaux-2\/","title":{"rendered":"Dessous de plat en c\u00e9ramique. Taureaux. Bord tress\u00e9 rouge."},"content":{"rendered":"<p>Ce dessous de plat en c\u00e9ramique est une repr\u00e9sentation vibrante de la riche tradition culturelle espagnole, id\u00e9al pour ceux qui recherchent des souvenirs authentiques. Avec son design illustr\u00e9, montrant deux taureaux dans une mosa\u00efque color\u00e9e, cet article est non seulement fonctionnel, mais sert \u00e9galement de magnifique pi\u00e8ce d\u00e9corative. Les tons rouges intenses et bleus profonds des taureaux contrastent merveilleusement avec le fond gris clair, rehaussant la vivacit\u00e9 du motif et capturant l&rsquo;essence de l&rsquo;Espagne festive. De plus, le bord tress\u00e9 en rouge ajoute une touche sp\u00e9ciale, offrant une finition \u00e9l\u00e9gante qui prot\u00e8ge efficacement contre les temp\u00e9ratures \u00e9lev\u00e9es.<\/p>\n<p>Le dessous de plat n&rsquo;est pas seulement un accessoire parfait pour la table, mais il symbolise \u00e9galement la passion et la fiert\u00e9 qui entourent la culture taurine en Espagne, \u00e9voquant des traditions qui font partie int\u00e9grante de son histoire. C&rsquo;est un excellent cadeau pour ceux qui souhaitent ramener un petit morceau d&rsquo;Espagne chez eux.<\/p>\n<p>Chez Ol\u00e9 Mosaic, nous sommes des distributeurs de souvenirs authentiques, et ce dessous de plat en c\u00e9ramique se distingue comme une option id\u00e9ale pour les boutiques de cadeaux touristiques. Attirez vos clients avec ce merveilleux dessous de plat qui allie art et fonctionnalit\u00e9, devenant un symbole repr\u00e9sentatif de l&rsquo;h\u00e9ritage espagnol.<\/p>\n","protected":false},"excerpt":{"rendered":"<p>Dessous de plat en c\u00e9ramique avec un design vibrant de taureaux, \u00e9voquant la riche tradition de la culture espagnole. Ce dessous de plat \u00e9l\u00e9gant pr\u00e9sente une mosa\u00efque color\u00e9e dans les tons rouges, verts et bleus, sur un fond gris clair qui rehausse la vivacit\u00e9 du motif. Avec un bord tress\u00e9 en rouge, il est aussi d\u00e9coratif que fonctionnel, id\u00e9al pour ajouter une touche authentique \u00e0 votre table et la prot\u00e9ger des temp\u00e9ratures \u00e9lev\u00e9es.<\/p>\n","protected":false},"featured_media":8583,"template":"","meta":{"_acf_changed":false},"product_brand":[],"product_cat":[827],"product_tag":[530,585],"class_list":{"0":"post-32551","1":"product","2":"type-product","3":"status-publish","4":"has-post-thumbnail","6":"product_cat-dessous-de-plat","7":"product_tag-animaux","8":"product_tag-ceramique","9":"pa_motivo-taureaux","11":"first","12":"instock","13":"shipping-taxable","14":"product-type-simple"},"acf":[],"_links":{"self":[{"href":"https:\/\/olemosaic.com\/fr\/wp-json\/wp\/v2\/product\/32551","targetHints":{"allow":["GET"]}}],"collection":[{"href":"https:\/\/olemosaic.com\/fr\/wp-json\/wp\/v2\/product"}],"about":[{"href":"https:\/\/olemosaic.com\/fr\/wp-json\/wp\/v2\/types\/product"}],"wp:featuredmedia":[{"embeddable":true,"href":"https:\/\/olemosaic.com\/fr\/wp-json\/wp\/v2\/media\/8583"}],"wp:attachment":[{"href":"https:\/\/olemosaic.com\/fr\/wp-json\/wp\/v2\/media?parent=32551"}],"wp:term":[{"taxonomy":"product_brand","embeddable":true,"href":"https:\/\/olemosaic.com\/fr\/wp-json\/wp\/v2\/product_brand?post=32551"},{"taxonomy":"product_cat","embeddable":true,"href":"https:\/\/olemosaic.com\/fr\/wp-json\/wp\/v2\/product_cat?post=32551"},{"taxonomy":"product_tag","embeddable":true,"href":"https:\/\/olemosaic.com\/fr\/wp-json\/wp\/v2\/product_tag?post=32551"}],"curies":[{"name":"wp","href":"https:\/\/api.w.org\/{rel}","templated":true}]}}