{"id":32539,"date":"2025-02-20T23:34:24","date_gmt":"2025-02-20T22:34:24","guid":{"rendered":"http:\/\/olemosaic.com\/producto\/salvamanteles-de-ceramica-salamandra-y-flores\/"},"modified":"2025-07-25T19:42:13","modified_gmt":"2025-07-25T17:42:13","slug":"dessous-de-plat-en-ceramique-salamandre-et-fleurs","status":"publish","type":"product","link":"https:\/\/olemosaic.com\/fr\/produit\/dessous-de-plat-en-ceramique-salamandre-et-fleurs\/","title":{"rendered":"Dessous de plat en c\u00e9ramique. Salamandre et fleurs."},"content":{"rendered":"<p>Ce dessous de plat en c\u00e9ramique est une pi\u00e8ce artistique exceptionnelle qui capture l&rsquo;essence vibrante de la culture espagnole. Avec un design captivant pr\u00e9sentant des salamandres dans des tons bleus, rouges et verts, entour\u00e9es de fleurs lumineuses en jaune, rouge et bleu, cette pi\u00e8ce est une symbiose parfaite entre fonctionnalit\u00e9 et esth\u00e9tique. La c\u00e9ramique, m\u00e9ticuleusement peinte \u00e0 la main, n&rsquo;apporte pas seulement une touche distinctive \u00e0 votre table, mais rend \u00e9galement hommage \u00e0 la riche tradition artisanale de l&rsquo;Espagne. Le fond dans des tons clairs rehausse la mosa\u00efque color\u00e9e, tandis qu&rsquo;un bord d\u00e9coratif tress\u00e9 en rouge ajoute une finition \u00e9l\u00e9gante \u00e0 la pi\u00e8ce.<\/p>\n<p>Ce dessous de plat n&rsquo;est pas seulement une solution pratique pour prot\u00e9ger la surface de votre table, il symbolise \u00e9galement la chaleur et la joie des r\u00e9unions de famille et des festivit\u00e9s en Espagne. Les salamandres, qui repr\u00e9sentent souvent l&rsquo;adaptation et le renouveau dans la culture m\u00e9diterran\u00e9enne, donnent vie \u00e0 la d\u00e9coration, en faisant un souvenir attrayant pour les touristes \u00e0 la recherche d&rsquo;un souvenir authentique et repr\u00e9sentatif.<\/p>\n<p>Chez Ol\u00e9 Mosaic, en tant que distributeurs de souvenirs en gros, nous proposons des articles qui encapsulent l&rsquo;essence de chaque r\u00e9gion. Ce dessous de plat est une option id\u00e9ale pour les boutiques de cadeaux touristiques, se distinguant comme un excellent souvenir alliant beaut\u00e9, culture et fonctionnalit\u00e9. Sa qualit\u00e9 artisanale et son design unique en font un choix irr\u00e9sistible pour ceux qui recherchent des souvenirs m\u00e9morables de leur visite en Espagne.<\/p>\n","protected":false},"excerpt":{"rendered":"<p>Dessous de plat en c\u00e9ramique avec un design vibrant de salamandres et de fleurs, inspir\u00e9 par la riche tradition culturelle espagnole. Cet article, \u00e9labor\u00e9 en c\u00e9ramique au design artisanal et peint \u00e0 la main, pr\u00e9sente une mosa\u00efque color\u00e9e avec des salamandres dans des tons bleu, rouge et vert, entour\u00e9es de fleurs jaunes, rouges et bleues. Avec un bord d\u00e9coratif tress\u00e9 en rouge, c&rsquo;est une pi\u00e8ce fonctionnelle et artistique qui apporte une touche de fra\u00eecheur et d&rsquo;originalit\u00e9 \u00e0 votre table.<\/p>\n","protected":false},"featured_media":8129,"template":"","meta":{"_acf_changed":false},"product_brand":[],"product_cat":[827],"product_tag":[530,585],"class_list":{"0":"post-32539","1":"product","2":"type-product","3":"status-publish","4":"has-post-thumbnail","6":"product_cat-dessous-de-plat","7":"product_tag-animaux","8":"product_tag-ceramique","9":"pa_motivo-salamandres","11":"first","12":"instock","13":"shipping-taxable","14":"product-type-simple"},"acf":[],"_links":{"self":[{"href":"https:\/\/olemosaic.com\/fr\/wp-json\/wp\/v2\/product\/32539","targetHints":{"allow":["GET"]}}],"collection":[{"href":"https:\/\/olemosaic.com\/fr\/wp-json\/wp\/v2\/product"}],"about":[{"href":"https:\/\/olemosaic.com\/fr\/wp-json\/wp\/v2\/types\/product"}],"wp:featuredmedia":[{"embeddable":true,"href":"https:\/\/olemosaic.com\/fr\/wp-json\/wp\/v2\/media\/8129"}],"wp:attachment":[{"href":"https:\/\/olemosaic.com\/fr\/wp-json\/wp\/v2\/media?parent=32539"}],"wp:term":[{"taxonomy":"product_brand","embeddable":true,"href":"https:\/\/olemosaic.com\/fr\/wp-json\/wp\/v2\/product_brand?post=32539"},{"taxonomy":"product_cat","embeddable":true,"href":"https:\/\/olemosaic.com\/fr\/wp-json\/wp\/v2\/product_cat?post=32539"},{"taxonomy":"product_tag","embeddable":true,"href":"https:\/\/olemosaic.com\/fr\/wp-json\/wp\/v2\/product_tag?post=32539"}],"curies":[{"name":"wp","href":"https:\/\/api.w.org\/{rel}","templated":true}]}}