{"id":32537,"date":"2025-02-20T23:34:23","date_gmt":"2025-02-20T22:34:23","guid":{"rendered":"http:\/\/olemosaic.com\/producto\/salvamanteles-de-ceramica-mariposa-mallorca\/"},"modified":"2025-07-25T18:41:05","modified_gmt":"2025-07-25T16:41:05","slug":"dessous-de-plat-en-ceramique-papillon-majorque","status":"publish","type":"product","link":"https:\/\/olemosaic.com\/fr\/produit\/dessous-de-plat-en-ceramique-papillon-majorque\/","title":{"rendered":"Dessous de plat en c\u00e9ramique. Papillon. Majorque."},"content":{"rendered":"<p>Ce dessous de plat en c\u00e9ramique est une \u0153uvre d&rsquo;art fonctionnelle qui rehausse n&rsquo;importe quelle table avec la beaut\u00e9 de la nature majorquine. Chaque pi\u00e8ce est finement d\u00e9cor\u00e9e de papillons et de fleurs vibrants, capturant l&rsquo;essence color\u00e9e de Majorque. Le design en mosa\u00efque peint \u00e0 la main pr\u00e9sente des papillons dans des tons exub\u00e9rants de rouge, bleu et jaune, qui se d\u00e9tachent sur un fond de tons gris doux, \u00e9voquant la chaleur et la vitalit\u00e9 de l&rsquo;environnement m\u00e9diterran\u00e9en. Les d\u00e9tails complexes de la mosa\u00efque apportent un air de sophistication et d&rsquo;originalit\u00e9, faisant de ce dessous de plat une d\u00e9claration de style.<\/p>\n<p>Le bord tress\u00e9 en rouge n&rsquo;ajoute pas seulement une touche artisanale, il assure \u00e9galement la protection des surfaces tout en pr\u00e9sentant un d\u00e9tail artistique \u00e9l\u00e9gant. Ce dessous de plat n&rsquo;est pas seulement un accessoire culinaire, mais un souvenir authentique de Majorque, id\u00e9al pour ceux qui recherchent des souvenirs refl\u00e9tant la riche culture et la splendeur naturelle de l&rsquo;\u00eele.<\/p>\n<p>Chez Ol\u00e9 Mosaic, nous nous sp\u00e9cialisons dans la distribution de souvenirs en gros et ce dessous de plat en c\u00e9ramique est un choix exceptionnel pour les boutiques de cadeaux touristiques souhaitant proposer des articles authentiques et repr\u00e9sentatifs. Un souvenir parfait qui allie art, utilit\u00e9 et la chaleur de la tradition majorquine.<\/p>\n","protected":false},"excerpt":{"rendered":"<p>Dessous de plat en c\u00e9ramique d\u00e9cor\u00e9 de papillons et de fleurs color\u00e9s, inspir\u00e9 par la nature vibrante de Majorque. Ce produit pr\u00e9sente un design de mosa\u00efque artisanal, peint \u00e0 la main, avec des papillons dans des tons rouges, bleus et jaunes qui se d\u00e9tachent sur un fond de tons gris doux. Le dessous de plat comprend un bord tress\u00e9 en rouge, ajoutant une touche artisanale et pratique, id\u00e9al pour prot\u00e9ger les surfaces et apporter un d\u00e9tail artistique \u00e9l\u00e9gant \u00e0 la table.<\/p>\n","protected":false},"featured_media":8970,"template":"","meta":{"_acf_changed":false},"product_brand":[],"product_cat":[827],"product_tag":[530,585],"class_list":{"0":"post-32537","1":"product","2":"type-product","3":"status-publish","4":"has-post-thumbnail","6":"product_cat-dessous-de-plat","7":"product_tag-animaux","8":"product_tag-ceramique","9":"pa_ciudad-mallorca","10":"pa_motivo-papillons","11":"pa_pais-espana","13":"first","14":"instock","15":"shipping-taxable","16":"product-type-simple"},"acf":[],"_links":{"self":[{"href":"https:\/\/olemosaic.com\/fr\/wp-json\/wp\/v2\/product\/32537","targetHints":{"allow":["GET"]}}],"collection":[{"href":"https:\/\/olemosaic.com\/fr\/wp-json\/wp\/v2\/product"}],"about":[{"href":"https:\/\/olemosaic.com\/fr\/wp-json\/wp\/v2\/types\/product"}],"wp:featuredmedia":[{"embeddable":true,"href":"https:\/\/olemosaic.com\/fr\/wp-json\/wp\/v2\/media\/8970"}],"wp:attachment":[{"href":"https:\/\/olemosaic.com\/fr\/wp-json\/wp\/v2\/media?parent=32537"}],"wp:term":[{"taxonomy":"product_brand","embeddable":true,"href":"https:\/\/olemosaic.com\/fr\/wp-json\/wp\/v2\/product_brand?post=32537"},{"taxonomy":"product_cat","embeddable":true,"href":"https:\/\/olemosaic.com\/fr\/wp-json\/wp\/v2\/product_cat?post=32537"},{"taxonomy":"product_tag","embeddable":true,"href":"https:\/\/olemosaic.com\/fr\/wp-json\/wp\/v2\/product_tag?post=32537"}],"curies":[{"name":"wp","href":"https:\/\/api.w.org\/{rel}","templated":true}]}}