{"id":32536,"date":"2025-02-20T23:34:23","date_gmt":"2025-02-20T22:34:23","guid":{"rendered":"http:\/\/olemosaic.com\/producto\/salvamanteles-de-ceramica-madrid\/"},"modified":"2025-07-25T18:49:22","modified_gmt":"2025-07-25T16:49:22","slug":"dessous-de-plat-en-ceramique-madrid","status":"publish","type":"product","link":"https:\/\/olemosaic.com\/fr\/produit\/dessous-de-plat-en-ceramique-madrid\/","title":{"rendered":"Dessous de plat en c\u00e9ramique. Madrid."},"content":{"rendered":"<p>Ce dessous de plat en c\u00e9ramique est une splendide repr\u00e9sentation de l&#8217;embl\u00e9matique Puerta del Sol de Madrid, un lieu iconique qui bat au c\u0153ur de la ville. D\u00e9cor\u00e9 d&rsquo;une illustration vibrante qui capture l&rsquo;essence de ce c\u00e9l\u00e8bre point de rencontre, le dessous de plat pr\u00e9sente un design caract\u00e9ristique rappelant le style de la mosa\u00efque, cr\u00e9ant un effet visuel captivant. Parmi ses d\u00e9tails distinctifs, on remarque la c\u00e9l\u00e8bre horloge de la porte et divers personnages traditionnels qui animent la sc\u00e8ne, refl\u00e9tant l&rsquo;effervescence et la culture madril\u00e8ne. Les couleurs vives et les fins d\u00e9tails peints \u00e0 la main apportent une touche de joie et de vitalit\u00e9, tout en \u00e9voquant la richesse de l&rsquo;art populaire espagnol.<\/p>\n<p>Avec un bord en corde qui ajoute une touche rustique, ce dessous de plat n&rsquo;est pas seulement pratique pour prot\u00e9ger les surfaces, il devient une pi\u00e8ce d\u00e9corative id\u00e9ale pour n&rsquo;importe quelle table, rehaussant les repas de famille ou les r\u00e9unions entre amis. Chez Ol\u00e9 Mosaic, nous nous sp\u00e9cialisons dans la distribution de souvenirs de haute qualit\u00e9, et ce dessous de plat de Madrid est une excellente option pour les boutiques de cadeaux touristiques \u00e0 la recherche de produits authentiques et repr\u00e9sentatifs. C&rsquo;est un souvenir parfait qui allie fonctionnalit\u00e9 et esth\u00e9tique, id\u00e9al pour les touristes souhaitant emporter un morceau de la culture madril\u00e8ne.<\/p>\n","protected":false},"excerpt":{"rendered":"<p>Dessous de plat en c\u00e9ramique d\u00e9cor\u00e9 d&rsquo;une illustration vibrante de la Puerta del Sol de Madrid. Ce dessous de plat color\u00e9 pr\u00e9sente des motifs culturels et des \u00e9l\u00e9ments distinctifs de la ville, tels que sa c\u00e9l\u00e8bre horloge et ses personnages traditionnels. Le design, rappelant le style de la mosa\u00efque, est encadr\u00e9 par un bord en corde qui lui donne une touche rustique. Avec des couleurs vives et des d\u00e9tails peints \u00e0 la main, c&rsquo;est une pi\u00e8ce id\u00e9ale pour ajouter une touche espagnole \u00e0 votre table.<\/p>\n","protected":false},"featured_media":9963,"template":"","meta":{"_acf_changed":false},"product_brand":[],"product_cat":[827],"product_tag":[585],"class_list":{"0":"post-32536","1":"product","2":"type-product","3":"status-publish","4":"has-post-thumbnail","6":"product_cat-dessous-de-plat","7":"product_tag-ceramique","8":"pa_ciudad-madrid","9":"pa_pais-espana","11":"first","12":"instock","13":"shipping-taxable","14":"product-type-simple"},"acf":[],"_links":{"self":[{"href":"https:\/\/olemosaic.com\/fr\/wp-json\/wp\/v2\/product\/32536","targetHints":{"allow":["GET"]}}],"collection":[{"href":"https:\/\/olemosaic.com\/fr\/wp-json\/wp\/v2\/product"}],"about":[{"href":"https:\/\/olemosaic.com\/fr\/wp-json\/wp\/v2\/types\/product"}],"wp:featuredmedia":[{"embeddable":true,"href":"https:\/\/olemosaic.com\/fr\/wp-json\/wp\/v2\/media\/9963"}],"wp:attachment":[{"href":"https:\/\/olemosaic.com\/fr\/wp-json\/wp\/v2\/media?parent=32536"}],"wp:term":[{"taxonomy":"product_brand","embeddable":true,"href":"https:\/\/olemosaic.com\/fr\/wp-json\/wp\/v2\/product_brand?post=32536"},{"taxonomy":"product_cat","embeddable":true,"href":"https:\/\/olemosaic.com\/fr\/wp-json\/wp\/v2\/product_cat?post=32536"},{"taxonomy":"product_tag","embeddable":true,"href":"https:\/\/olemosaic.com\/fr\/wp-json\/wp\/v2\/product_tag?post=32536"}],"curies":[{"name":"wp","href":"https:\/\/api.w.org\/{rel}","templated":true}]}}