{"id":32535,"date":"2025-02-20T22:34:23","date_gmt":"2025-02-20T22:34:23","guid":{"rendered":"http:\/\/olemosaic.com\/producto\/salvamanteles-de-ceramica-salamandra-y-flores-barcelona\/"},"modified":"2025-07-25T19:32:05","modified_gmt":"2025-07-25T17:32:05","slug":"dessous-de-plat-en-ceramique-salamandre-et-fleurs-barcelone","status":"publish","type":"product","link":"https:\/\/olemosaic.com\/fr\/produit\/dessous-de-plat-en-ceramique-salamandre-et-fleurs-barcelone\/","title":{"rendered":"Dessous de plat en c\u00e9ramique. Salamandre et fleurs. Barcelone."},"content":{"rendered":"<p>Ce dessous de plat d\u00e9coratif en c\u00e9ramique est une repr\u00e9sentation vibrante de la c\u00e9l\u00e8bre mosa\u00efque de Barcelone, id\u00e9al pour rehausser n&rsquo;importe quelle table avec une touche culturelle charmante. Son design pr\u00e9sente des salamandres et des fleurs color\u00e9es dans des tons rouges, bleus et jaunes, \u00e9voquant la cr\u00e9ativit\u00e9 et l&rsquo;originalit\u00e9 du style artistique d&rsquo;Antoni Gaud\u00ed, l&rsquo;un des plus grands repr\u00e9sentants du modernisme catalan. La base en c\u00e9ramique refl\u00e8te une finition brillante qui souligne la richesse des couleurs et des formes, tandis que le bord tress\u00e9 ajoute une touche rustique, fusionnant le traditionnel et le contemporain. Tout au long du dessous de plat, l&rsquo;inscription \u00ab\u00a0Barcelona\u00a0\u00bb se connecte directement \u00e0 la ville, faisant de cet objet un souvenir repr\u00e9sentatif et un rappel de la merveille architecturale et artistique de la r\u00e9gion.<\/p>\n<p>Ce dessous de plat n&rsquo;est pas seulement fonctionnel, il devient une pi\u00e8ce d\u00e9corative qui c\u00e9l\u00e8bre la culture locale, ce qui en fait un excellent cadeau pour les touristes \u00e0 la recherche de souvenirs authentiques et significatifs de leur visite \u00e0 Barcelone. Chez Ol\u00e9 Mosaic, nous sommes des distributeurs en gros de souvenirs authentiques en c\u00e9ramique, et ce produit est une invitation parfaite \u00e0 transporter l&rsquo;essence de Barcelone dans n&rsquo;importe quel foyer. Avec son design attrayant et sa pertinence culturelle, ce dessous de plat en c\u00e9ramique est un choix id\u00e9al pour les boutiques de cadeaux touristiques souhaitant proposer des produits de qualit\u00e9.<\/p>\n","protected":false},"excerpt":{"rendered":"<p>Dessous de plat d\u00e9coratif en c\u00e9ramique, inspir\u00e9 de la vibrante mosa\u00efque de Barcelone. Ce design original pr\u00e9sente des salamandres et des fleurs color\u00e9es dans des tons rouges, bleus et jaunes, mettant en valeur le style artistique d&rsquo;Antoni Gaud\u00ed. La base en c\u00e9ramique est encadr\u00e9e par un bord tress\u00e9 qui ajoute une touche rustique, tandis que le mot \u00ab\u00a0Barcelona\u00a0\u00bb souligne sa connexion avec la ville. Id\u00e9al pour apporter une touche culturelle \u00e0 votre table.<\/p>\n","protected":false},"featured_media":8126,"template":"","meta":{"_acf_changed":false},"product_brand":[],"product_cat":[827],"product_tag":[530,585],"class_list":{"0":"post-32535","1":"product","2":"type-product","3":"status-publish","4":"has-post-thumbnail","6":"product_cat-dessous-de-plat","7":"product_tag-animaux","8":"product_tag-ceramique","9":"pa_ciudad-barcelona","10":"pa_motivo-salamandres","11":"pa_pais-espana","13":"first","14":"instock","15":"shipping-taxable","16":"product-type-simple"},"acf":[],"_links":{"self":[{"href":"https:\/\/olemosaic.com\/fr\/wp-json\/wp\/v2\/product\/32535","targetHints":{"allow":["GET"]}}],"collection":[{"href":"https:\/\/olemosaic.com\/fr\/wp-json\/wp\/v2\/product"}],"about":[{"href":"https:\/\/olemosaic.com\/fr\/wp-json\/wp\/v2\/types\/product"}],"wp:featuredmedia":[{"embeddable":true,"href":"https:\/\/olemosaic.com\/fr\/wp-json\/wp\/v2\/media\/8126"}],"wp:attachment":[{"href":"https:\/\/olemosaic.com\/fr\/wp-json\/wp\/v2\/media?parent=32535"}],"wp:term":[{"taxonomy":"product_brand","embeddable":true,"href":"https:\/\/olemosaic.com\/fr\/wp-json\/wp\/v2\/product_brand?post=32535"},{"taxonomy":"product_cat","embeddable":true,"href":"https:\/\/olemosaic.com\/fr\/wp-json\/wp\/v2\/product_cat?post=32535"},{"taxonomy":"product_tag","embeddable":true,"href":"https:\/\/olemosaic.com\/fr\/wp-json\/wp\/v2\/product_tag?post=32535"}],"curies":[{"name":"wp","href":"https:\/\/api.w.org\/{rel}","templated":true}]}}