{"id":32519,"date":"2025-02-20T23:34:23","date_gmt":"2025-02-20T22:34:23","guid":{"rendered":"http:\/\/olemosaic.com\/producto\/salvamanteles-de-ceramica-patio-madrid\/"},"modified":"2025-07-25T18:57:43","modified_gmt":"2025-07-25T16:57:43","slug":"dessous-de-plat-en-ceramique-patio-madrid","status":"publish","type":"product","link":"https:\/\/olemosaic.com\/fr\/produit\/dessous-de-plat-en-ceramique-patio-madrid\/","title":{"rendered":"Dessous de plat en c\u00e9ramique. Patio. Madrid."},"content":{"rendered":"<p>Ce dessous de plat en c\u00e9ramique d\u00e9cor\u00e9e est une pi\u00e8ce charmante qui capture l&rsquo;essence vibrante d&rsquo;un patio madril\u00e8ne, id\u00e9al pour apporter une touche authentique et espagnole \u00e0 n&rsquo;importe quelle table. Il se distingue par son design peint \u00e0 la main, o\u00f9 la sc\u00e8ne prend vie avec une danseuse de flamenco (bailaora) v\u00eatue d&rsquo;une \u00e9blouissante robe rouge qui irradie la passion du flamenco, accompagn\u00e9e d&rsquo;un homme en tenue de charro. Les deux personnages sont entour\u00e9s de fleurs et d&rsquo;\u00e9l\u00e9ments typiques qui \u00e9voquent l&rsquo;ambiance festive des rues de Madrid. Le fond pr\u00e9sente une mosa\u00efque classique qui souligne les couleurs vives et joyeuses de l&rsquo;image, cr\u00e9ant un contraste charmant.<\/p>\n<p>Avec un d\u00e9licat bord en corde, ce dessous de plat devient un article aussi pratique que d\u00e9coratif, id\u00e9al pour prot\u00e9ger les surfaces tout en \u00e9gayant la vue. Ce souvenir repr\u00e9sente non seulement un acc\u00e8s \u00e0 la culture madril\u00e8ne, mais aussi une excellente option pour ceux qui recherchent un souvenir authentique de leur visite dans la magnifique capitale espagnole. Chez Ol\u00e9 Mosaic, nous sommes fiers de proposer des souvenirs de qualit\u00e9 qui c\u00e9l\u00e8brent la richesse du folklore espagnol. Ce dessous de plat est une excellente proposition pour les boutiques de cadeaux touristiques, \u00e9tant un objet tr\u00e8s appr\u00e9ci\u00e9 pour sa fonctionnalit\u00e9 et son lien culturel avec Madrid.<\/p>\n","protected":false},"excerpt":{"rendered":"<p>Dessous de plat en c\u00e9ramique d\u00e9cor\u00e9 d&rsquo;une sc\u00e8ne vibrante d&rsquo;un patio madril\u00e8ne. Ce produit, id\u00e9al pour ajouter une touche espagnole \u00e0 votre table, pr\u00e9sente un design artisanal, peint \u00e0 la main, incluant une danseuse de flamenco en robe rouge et un homme habill\u00e9 en charro, entour\u00e9s de fleurs et d&rsquo;\u00e9l\u00e9ments typiques. Le fond avec mosa\u00efque classique rehausse les couleurs vives et l&rsquo;essence festive de Madrid. Avec un d\u00e9licat bord en corde, il est \u00e0 la fois pratique et d\u00e9coratif.<\/p>\n","protected":false},"featured_media":7984,"template":"","meta":{"_acf_changed":false},"product_brand":[],"product_cat":[827],"product_tag":[585],"class_list":{"0":"post-32519","1":"product","2":"type-product","3":"status-publish","4":"has-post-thumbnail","6":"product_cat-dessous-de-plat","7":"product_tag-ceramique","8":"pa_ciudad-madrid","9":"pa_motivo-cours-interieures","10":"pa_pais-espana","12":"first","13":"instock","14":"shipping-taxable","15":"product-type-simple"},"acf":[],"_links":{"self":[{"href":"https:\/\/olemosaic.com\/fr\/wp-json\/wp\/v2\/product\/32519","targetHints":{"allow":["GET"]}}],"collection":[{"href":"https:\/\/olemosaic.com\/fr\/wp-json\/wp\/v2\/product"}],"about":[{"href":"https:\/\/olemosaic.com\/fr\/wp-json\/wp\/v2\/types\/product"}],"wp:featuredmedia":[{"embeddable":true,"href":"https:\/\/olemosaic.com\/fr\/wp-json\/wp\/v2\/media\/7984"}],"wp:attachment":[{"href":"https:\/\/olemosaic.com\/fr\/wp-json\/wp\/v2\/media?parent=32519"}],"wp:term":[{"taxonomy":"product_brand","embeddable":true,"href":"https:\/\/olemosaic.com\/fr\/wp-json\/wp\/v2\/product_brand?post=32519"},{"taxonomy":"product_cat","embeddable":true,"href":"https:\/\/olemosaic.com\/fr\/wp-json\/wp\/v2\/product_cat?post=32519"},{"taxonomy":"product_tag","embeddable":true,"href":"https:\/\/olemosaic.com\/fr\/wp-json\/wp\/v2\/product_tag?post=32519"}],"curies":[{"name":"wp","href":"https:\/\/api.w.org\/{rel}","templated":true}]}}