{"id":32518,"date":"2025-02-20T23:34:23","date_gmt":"2025-02-20T22:34:23","guid":{"rendered":"http:\/\/olemosaic.com\/producto\/salvamanteles-de-ceramica-mosaico\/"},"modified":"2025-07-25T18:46:11","modified_gmt":"2025-07-25T16:46:11","slug":"dessous-de-plat-en-ceramique-mosaique","status":"publish","type":"product","link":"https:\/\/olemosaic.com\/fr\/produit\/dessous-de-plat-en-ceramique-mosaique\/","title":{"rendered":"Dessous de plat en c\u00e9ramique. Mosa\u00efque."},"content":{"rendered":"<p>Ce dessous de plat en c\u00e9ramique d\u00e9cor\u00e9e est un joyau de l&rsquo;art traditionnel portugais, parfait pour ceux qui recherchent un souvenir \u00e9l\u00e9gant et fonctionnel. Avec un motif de mosa\u00efque vibrant combinant des bleus, des rouges et des jaunes dans une s\u00e9rie de motifs g\u00e9om\u00e9triques et floraux, ce produit est un reflet authentique du riche h\u00e9ritage culturel portugais. Chaque pi\u00e8ce semble \u00eatre peinte \u00e0 la main, ce qui souligne le savoir-faire artisanal des c\u00e9ramistes locaux et garantit que chaque dessous de plat est unique.<\/p>\n<p>Le bord tress\u00e9 de couleur rouge apporte non seulement une touche sophistiqu\u00e9e, mais ajoute \u00e9galement un \u00e9l\u00e9ment pratique, garantissant que votre table soit prot\u00e9g\u00e9e avec style. Ce dessous de plat n&rsquo;est pas seulement fonctionnel, il sert \u00e9galement de compl\u00e9ment d\u00e9coratif attrayant qui peut embellir n&rsquo;importe quel environnement, invitant \u00e0 des conversations sur son origine et son design.<\/p>\n<p>Un souvenir id\u00e9al pour les touristes souhaitant emporter chez eux un morceau de la tradition portugaise. Chez Ol\u00e9 Mosaic, nous nous sp\u00e9cialisons dans la distribution de souvenirs en c\u00e9ramique en gros, offrant des options authentiques et de qualit\u00e9 pour les boutiques de cadeaux touristiques. Ce dessous de plat est, sans aucun doute, une excellente option pour ceux qui recherchent des produits repr\u00e9sentant l&rsquo;exquise finesse de l&rsquo;art du Portugal et l&rsquo;authenticit\u00e9 de ses traditions.<\/p>\n","protected":false},"excerpt":{"rendered":"<p>Dessous de plat en c\u00e9ramique d\u00e9cor\u00e9 de motifs de mosa\u00efque vibrants, \u00e9voquant l&rsquo;art traditionnel portugais. Ce design color\u00e9 combine des bleus, des rouges et des jaunes dans une s\u00e9rie de motifs g\u00e9om\u00e9triques et floraux, peints \u00e0 la main pour souligner le savoir-faire artisanal. Avec un bord tress\u00e9 de couleur rouge, il est non seulement fonctionnel, mais ajoute \u00e9galement une touche de couleur et d&rsquo;\u00e9l\u00e9gance \u00e0 votre table, en faisant un excellent cadeau ou un compl\u00e9ment d\u00e9coratif.<\/p>\n","protected":false},"featured_media":8772,"template":"","meta":{"_acf_changed":false},"product_brand":[],"product_cat":[827],"product_tag":[585],"class_list":{"0":"post-32518","1":"product","2":"type-product","3":"status-publish","4":"has-post-thumbnail","6":"product_cat-dessous-de-plat","7":"product_tag-ceramique","8":"pa_motivo-mosaique","10":"first","11":"instock","12":"shipping-taxable","13":"product-type-simple"},"acf":[],"_links":{"self":[{"href":"https:\/\/olemosaic.com\/fr\/wp-json\/wp\/v2\/product\/32518","targetHints":{"allow":["GET"]}}],"collection":[{"href":"https:\/\/olemosaic.com\/fr\/wp-json\/wp\/v2\/product"}],"about":[{"href":"https:\/\/olemosaic.com\/fr\/wp-json\/wp\/v2\/types\/product"}],"wp:featuredmedia":[{"embeddable":true,"href":"https:\/\/olemosaic.com\/fr\/wp-json\/wp\/v2\/media\/8772"}],"wp:attachment":[{"href":"https:\/\/olemosaic.com\/fr\/wp-json\/wp\/v2\/media?parent=32518"}],"wp:term":[{"taxonomy":"product_brand","embeddable":true,"href":"https:\/\/olemosaic.com\/fr\/wp-json\/wp\/v2\/product_brand?post=32518"},{"taxonomy":"product_cat","embeddable":true,"href":"https:\/\/olemosaic.com\/fr\/wp-json\/wp\/v2\/product_cat?post=32518"},{"taxonomy":"product_tag","embeddable":true,"href":"https:\/\/olemosaic.com\/fr\/wp-json\/wp\/v2\/product_tag?post=32518"}],"curies":[{"name":"wp","href":"https:\/\/api.w.org\/{rel}","templated":true}]}}