{"id":32515,"date":"2025-02-20T22:34:22","date_gmt":"2025-02-20T22:34:22","guid":{"rendered":"http:\/\/olemosaic.com\/producto\/salvamanteles-de-ceramica-bogavante\/"},"modified":"2025-07-25T18:45:38","modified_gmt":"2025-07-25T16:45:38","slug":"dessous-de-plat-en-ceramique-homard","status":"publish","type":"product","link":"https:\/\/olemosaic.com\/fr\/produit\/dessous-de-plat-en-ceramique-homard\/","title":{"rendered":"Dessous de plat en c\u00e9ramique. Homard."},"content":{"rendered":"<p>Ce dessous de plat en c\u00e9ramique, orn\u00e9 d&rsquo;un motif vibrant de homards, est le compl\u00e9ment id\u00e9al pour apporter une touche distinctive et pleine de vie \u00e0 votre table. Sa base ronde pr\u00e9sente un magnifique fond bleu, \u00e9voquant les eaux de la M\u00e9diterran\u00e9e, orn\u00e9 de motifs complexes qui apportent un air d&rsquo;\u00e9l\u00e9gance et de sophistication. Les homards, m\u00e9ticuleusement illustr\u00e9s dans des tons rouges \u00e9clatants, captent l&rsquo;attention et ajoutent une touche maritime qui se d\u00e9marque en toute occasion. Chaque d\u00e9tail est soigneusement peint, t\u00e9moignant de l&rsquo;artisanat exquis qui caract\u00e9rise la c\u00e9ramique espagnole et refl\u00e9tant les traditions culinaires des r\u00e9gions c\u00f4ti\u00e8res, o\u00f9 le homard est un v\u00e9ritable mets d\u00e9licat.<\/p>\n<p>Avec un design fonctionnel, ce dessous de plat prot\u00e8ge non seulement la surface de votre table, mais sert \u00e9galement d&rsquo;\u00e9l\u00e9ment d\u00e9coratif attrayant, parfait pour les d\u00eeners formels ou les r\u00e9unions informelles. De plus, il dispose d&rsquo;un cordon en corde r\u00e9sistant qui facilite son rangement et son exposition, le rendant \u00e0 la fois pratique et esth\u00e9tique. Ce dessous de plat est un excellent souvenir qui repr\u00e9sente le riche h\u00e9ritage culturel de la M\u00e9diterran\u00e9e, devenant un souvenir m\u00e9morable pour les touristes et les amateurs de gastronomie.<\/p>\n<p>Chez Ol\u00e9 Mosaic, nous nous sp\u00e9cialisons dans la distribution de souvenirs en c\u00e9ramique en gros, offrant des produits authentiques qui refl\u00e8tent l&rsquo;essence de la tradition espagnole. Ce dessous de plat est un choix parfait pour les boutiques de cadeaux touristiques \u00e0 la recherche d&rsquo;articles de qualit\u00e9 et de pertinence culturelle, garantissant que chaque pi\u00e8ce soit un hommage \u00e0 la beaut\u00e9 et \u00e0 la diversit\u00e9 du patrimoine culinaire.<\/p>\n","protected":false},"excerpt":{"rendered":"<p>Dessous de plat en c\u00e9ramique d\u00e9cor\u00e9 d&rsquo;un motif vibrant de homards, id\u00e9al pour apporter une touche distinctive \u00e0 votre table. Cet \u00e9l\u00e9gant dessous de plat pr\u00e9sente un fond bleu avec des dessins complexes, mettant en valeur les homards dans des tons rouges et des d\u00e9tails aux couleurs \u00e9clatantes, \u00e9voquant le charme de la M\u00e9diterran\u00e9e. \u00c9quip\u00e9 d&rsquo;une corde r\u00e9sistante pour le suspendre, il est aussi fonctionnel qu&rsquo;esth\u00e9tique pour toute occasion.<\/p>\n","protected":false},"featured_media":9353,"template":"","meta":{"_acf_changed":false},"product_brand":[],"product_cat":[827],"product_tag":[530,585],"class_list":{"0":"post-32515","1":"product","2":"type-product","3":"status-publish","4":"has-post-thumbnail","6":"product_cat-dessous-de-plat","7":"product_tag-animaux","8":"product_tag-ceramique","9":"pa_motivo-homards","11":"first","12":"instock","13":"shipping-taxable","14":"product-type-simple"},"acf":[],"_links":{"self":[{"href":"https:\/\/olemosaic.com\/fr\/wp-json\/wp\/v2\/product\/32515","targetHints":{"allow":["GET"]}}],"collection":[{"href":"https:\/\/olemosaic.com\/fr\/wp-json\/wp\/v2\/product"}],"about":[{"href":"https:\/\/olemosaic.com\/fr\/wp-json\/wp\/v2\/types\/product"}],"wp:featuredmedia":[{"embeddable":true,"href":"https:\/\/olemosaic.com\/fr\/wp-json\/wp\/v2\/media\/9353"}],"wp:attachment":[{"href":"https:\/\/olemosaic.com\/fr\/wp-json\/wp\/v2\/media?parent=32515"}],"wp:term":[{"taxonomy":"product_brand","embeddable":true,"href":"https:\/\/olemosaic.com\/fr\/wp-json\/wp\/v2\/product_brand?post=32515"},{"taxonomy":"product_cat","embeddable":true,"href":"https:\/\/olemosaic.com\/fr\/wp-json\/wp\/v2\/product_cat?post=32515"},{"taxonomy":"product_tag","embeddable":true,"href":"https:\/\/olemosaic.com\/fr\/wp-json\/wp\/v2\/product_tag?post=32515"}],"curies":[{"name":"wp","href":"https:\/\/api.w.org\/{rel}","templated":true}]}}