{"id":32503,"date":"2025-02-20T22:34:21","date_gmt":"2025-02-20T22:34:21","guid":{"rendered":"http:\/\/olemosaic.com\/producto\/salvamanteles-de-ceramica-toros\/"},"modified":"2025-07-25T18:46:11","modified_gmt":"2025-07-25T16:46:11","slug":"dessous-de-plat-en-ceramique-taureaux","status":"publish","type":"product","link":"https:\/\/olemosaic.com\/fr\/produit\/dessous-de-plat-en-ceramique-taureaux\/","title":{"rendered":"Dessous-de-plat en c\u00e9ramique. Taureaux."},"content":{"rendered":"<p>Ce dessous-de-plat en c\u00e9ramique au design de taureaux est un v\u00e9ritable bijou qui capture l&rsquo;essence vibrante de la culture espagnole. Sa mosa\u00efque color\u00e9e, avec des taureaux dans les tons rouges et verts, \u00e9l\u00e9gamment entour\u00e9s de fleurs et d&rsquo;un soleil stylis\u00e9, refl\u00e8te la joie et la tradition des festivit\u00e9s espagnoles. La c\u00e9ramique, mat\u00e9riau embl\u00e9matique de l&rsquo;artisanat espagnol, garantit une surface r\u00e9sistante et facile \u00e0 nettoyer, id\u00e9ale pour prot\u00e9ger la table des taches et de la chaleur pendant les repas.<\/p>\n<p>Le design color\u00e9 et d\u00e9taill\u00e9 n&rsquo;ajoute pas seulement une touche artistique \u00e0 votre maison, mais raconte \u00e9galement une histoire qui se connecte \u00e0 la c\u00e9l\u00e8bre tradition de la tauromachie et \u00e0 la c\u00e9l\u00e9bration de la vie en Espagne. Chaque fois que vous utiliserez ce dessous-de-plat, vous int\u00e9grerez un morceau de la richesse culturelle des f\u00eates espagnoles dans votre quotidien.<\/p>\n<p>Ce souvenir est parfait pour ceux qui cherchent \u00e0 ramener chez eux un souvenir repr\u00e9sentatif de leur voyage. Chez Ol\u00e9 Mosaic, nous nous sp\u00e9cialisons dans la distribution de souvenirs en gros et ce dessous-de-plat est une excellente option pour les boutiques de cadeaux touristiques souhaitant offrir \u00e0 leurs clients un produit authentique et plein de caract\u00e8re. Profiter de ce dessous-de-plat d\u00e9coratif n&rsquo;est pas seulement pratique, mais aussi un hommage \u00e0 la culture, \u00e9levant n&rsquo;importe quel repas \u00e0 une exp\u00e9rience inoubliable.<\/p>\n","protected":false},"excerpt":{"rendered":"<p>Dessous-de-plat en c\u00e9ramique avec un design de taureaux, un \u00e9l\u00e9ment embl\u00e9matique de la culture espagnole. D\u00e9cor\u00e9 d&rsquo;une mosa\u00efque de couleurs vibrantes, il pr\u00e9sente des taureaux dans les tons rouges et verts, entour\u00e9s de fleurs et d&rsquo;un soleil stylis\u00e9, refl\u00e9tant la joie et la tradition des f\u00eates espagnoles. Cet article, id\u00e9al pour prot\u00e9ger la surface de vos tables, allie fonctionnalit\u00e9 et art, rendant chaque repas sp\u00e9cial et plein de caract\u00e8re.<\/p>\n","protected":false},"featured_media":8551,"template":"","meta":{"_acf_changed":false},"product_brand":[],"product_cat":[827],"product_tag":[530,585],"class_list":{"0":"post-32503","1":"product","2":"type-product","3":"status-publish","4":"has-post-thumbnail","6":"product_cat-dessous-de-plat","7":"product_tag-animaux","8":"product_tag-ceramique","9":"pa_motivo-taureaux","11":"first","12":"instock","13":"shipping-taxable","14":"product-type-simple"},"acf":[],"_links":{"self":[{"href":"https:\/\/olemosaic.com\/fr\/wp-json\/wp\/v2\/product\/32503","targetHints":{"allow":["GET"]}}],"collection":[{"href":"https:\/\/olemosaic.com\/fr\/wp-json\/wp\/v2\/product"}],"about":[{"href":"https:\/\/olemosaic.com\/fr\/wp-json\/wp\/v2\/types\/product"}],"wp:featuredmedia":[{"embeddable":true,"href":"https:\/\/olemosaic.com\/fr\/wp-json\/wp\/v2\/media\/8551"}],"wp:attachment":[{"href":"https:\/\/olemosaic.com\/fr\/wp-json\/wp\/v2\/media?parent=32503"}],"wp:term":[{"taxonomy":"product_brand","embeddable":true,"href":"https:\/\/olemosaic.com\/fr\/wp-json\/wp\/v2\/product_brand?post=32503"},{"taxonomy":"product_cat","embeddable":true,"href":"https:\/\/olemosaic.com\/fr\/wp-json\/wp\/v2\/product_cat?post=32503"},{"taxonomy":"product_tag","embeddable":true,"href":"https:\/\/olemosaic.com\/fr\/wp-json\/wp\/v2\/product_tag?post=32503"}],"curies":[{"name":"wp","href":"https:\/\/api.w.org\/{rel}","templated":true}]}}