{"id":32502,"date":"2025-02-20T23:34:21","date_gmt":"2025-02-20T22:34:21","guid":{"rendered":"http:\/\/olemosaic.com\/producto\/saleros-de-ceramica-salamandra-y-flores-barcelona-blanco\/"},"modified":"2025-07-25T19:22:23","modified_gmt":"2025-07-25T17:22:23","slug":"salieres-en-ceramique-salamandre-et-fleurs-barcelone-blanc","status":"publish","type":"product","link":"https:\/\/olemosaic.com\/fr\/produit\/salieres-en-ceramique-salamandre-et-fleurs-barcelone-blanc\/","title":{"rendered":"Sali\u00e8res en c\u00e9ramique. Salamandre et fleurs. Barcelone. Blanc."},"content":{"rendered":"<p>Cette sali\u00e8re en c\u00e9ramique, d\u00e9cor\u00e9e \u00e0 la main, est une pi\u00e8ce authentique qui capture l&rsquo;essence vibrante de la culture barcelonaise. \u00c9labor\u00e9e avec d\u00e9licatesse, chaque sali\u00e8re pr\u00e9sente une salamandre frappante dans une palette de couleurs vives, telles que le rouge, le vert et le bleu, qui \u00e9voquent l&rsquo;\u00e9nergie et l&rsquo;art de la ville. La salamandre, symbole historique et architectural de l&rsquo;\u0153uvre d&rsquo;Antoni Gaud\u00ed, est entour\u00e9e de motifs floraux exquis sur un fond blanc qui souligne le design en mosa\u00efque, typique de l&rsquo;esth\u00e9tique moderniste singuli\u00e8re de la r\u00e9gion. L&rsquo;inscription \u00ab\u00a0Barcelona\u00a0\u00bb, \u00e9l\u00e9gamment appos\u00e9e, ajoute une touche distinctive, faisant de cet objet un souvenir attachant et repr\u00e9sentatif de la ville.<\/p>\n<p>Avec son design amusant et color\u00e9, cette sali\u00e8re n&rsquo;est pas seulement fonctionnelle, permettant d&rsquo;assaisonner vos plats, mais elle devient \u00e9galement un \u00e9l\u00e9ment d\u00e9coratif id\u00e9al pour toute table ou cuisine, apportant un air artistique et authentique. Sa connexion culturelle avec Barcelone, c\u00e9l\u00e8bre pour son architecture unique et son riche h\u00e9ritage artistique, en fait le souvenir parfait pour les touristes qui souhaitent ramener chez eux un petit morceau de cette ville merveilleuse. Chez Ol\u00e9 Mosaic, en tant que grossistes de souvenirs en c\u00e9ramique, nous nous engageons \u00e0 offrir des produits authentiques qui refl\u00e8tent la riche tradition culturelle de l&rsquo;Espagne, et cette sali\u00e8re est, sans aucun doute, une excellente option pour les boutiques de cadeaux touristiques qui appr\u00e9cient la qualit\u00e9 et la cr\u00e9ativit\u00e9 dans leurs offres.<\/p>\n","protected":false},"excerpt":{"rendered":"<p>Sali\u00e8res en c\u00e9ramique d\u00e9cor\u00e9es dans un style artisanal, inspir\u00e9es par la culture vibrante de Barcelone. Chaque sali\u00e8re pr\u00e9sente une salamandre frappante en rouge, vert et bleu, entour\u00e9e de motifs floraux sur un fond blanc avec un design en mosa\u00efque. L&rsquo;inscription \u00ab\u00a0Barcelona\u00a0\u00bb ressort \u00e9l\u00e9gamment sur la sali\u00e8re, apportant une touche distinctive. Parfaites pour donner une touche artistique et authentique \u00e0 votre table ou cuisine, alliant fonctionnalit\u00e9 et esth\u00e9tique catalane.<\/p>\n","protected":false},"featured_media":8081,"template":"","meta":{"_acf_changed":false},"product_brand":[],"product_cat":[817],"product_tag":[530,585],"class_list":{"0":"post-32502","1":"product","2":"type-product","3":"status-publish","4":"has-post-thumbnail","6":"product_cat-salieres","7":"product_tag-animaux","8":"product_tag-ceramique","9":"pa_ciudad-barcelona","10":"pa_motivo-salamandres","11":"pa_pais-espana","13":"first","14":"instock","15":"shipping-taxable","16":"product-type-simple"},"acf":[],"_links":{"self":[{"href":"https:\/\/olemosaic.com\/fr\/wp-json\/wp\/v2\/product\/32502","targetHints":{"allow":["GET"]}}],"collection":[{"href":"https:\/\/olemosaic.com\/fr\/wp-json\/wp\/v2\/product"}],"about":[{"href":"https:\/\/olemosaic.com\/fr\/wp-json\/wp\/v2\/types\/product"}],"wp:featuredmedia":[{"embeddable":true,"href":"https:\/\/olemosaic.com\/fr\/wp-json\/wp\/v2\/media\/8081"}],"wp:attachment":[{"href":"https:\/\/olemosaic.com\/fr\/wp-json\/wp\/v2\/media?parent=32502"}],"wp:term":[{"taxonomy":"product_brand","embeddable":true,"href":"https:\/\/olemosaic.com\/fr\/wp-json\/wp\/v2\/product_brand?post=32502"},{"taxonomy":"product_cat","embeddable":true,"href":"https:\/\/olemosaic.com\/fr\/wp-json\/wp\/v2\/product_cat?post=32502"},{"taxonomy":"product_tag","embeddable":true,"href":"https:\/\/olemosaic.com\/fr\/wp-json\/wp\/v2\/product_tag?post=32502"}],"curies":[{"name":"wp","href":"https:\/\/api.w.org\/{rel}","templated":true}]}}