{"id":32488,"date":"2025-02-20T22:34:21","date_gmt":"2025-02-20T22:34:21","guid":{"rendered":"http:\/\/olemosaic.com\/producto\/libreta-de-80-hojas-salamandra-gran-canaria-2\/"},"modified":"2025-07-25T19:45:37","modified_gmt":"2025-07-25T17:45:37","slug":"carnet-de-80-feuilles-salamandre-gran-canaria-2","status":"publish","type":"product","link":"https:\/\/olemosaic.com\/fr\/produit\/carnet-de-80-feuilles-salamandre-gran-canaria-2\/","title":{"rendered":"Carnet de 80 feuilles. Salamandre. Gran Canaria."},"content":{"rendered":"<p>Ce carnet de 80 feuilles est d\u00e9cor\u00e9 d&rsquo;une illustration vibrante d&rsquo;une salamandre, un animal repr\u00e9sentatif de la faune de Gran Canaria. La couverture pr\u00e9sente un design captivant o\u00f9 la salamandre, peinte avec des couleurs \u00e9clatantes et des formes g\u00e9om\u00e9triques \u00e9voquant l&rsquo;art local, se d\u00e9tache sur un fond noir. Des motifs floraux aux tons vifs contrastent de mani\u00e8re attrayante, inondant le carnet d&rsquo;\u00e9nergie et de dynamisme.<\/p>\n<p>Le design n&#8217;embellit pas seulement l&rsquo;article, il en fait aussi un souvenir authentique qui refl\u00e8te la riche biodiversit\u00e9 de l&rsquo;\u00eele. Pour plus de confort, le carnet comprend une bande \u00e9lastique rouge qui assure sa fermeture, en faisant un compagnon id\u00e9al pour noter les exp\u00e9riences, pens\u00e9es et moments sp\u00e9ciaux de votre visite. Ce souvenir est parfait pour les touristes \u00e0 la recherche d&rsquo;une mani\u00e8re originale d&#8217;emporter un morceau de la culture canarienne.<\/p>\n<p>Chez Ol\u00e9 Mosaic, nous sommes sp\u00e9cialis\u00e9s dans la distribution de souvenirs en gros, offrant des produits uniques et authentiques qui capturent l&rsquo;essence de chaque r\u00e9gion. Ce carnet de Gran Canaria est une excellente option pour les boutiques de cadeaux touristiques, car il assure qualit\u00e9 et pertinence culturelle pour chaque article. C&rsquo;est un souvenir polyvalent et pratique qui ravira ceux qui souhaitent se souvenir de leur voyage sur cette \u00eele magnifique.<\/p>\n","protected":false},"excerpt":{"rendered":"<p>Carnet de 80 feuilles d\u00e9cor\u00e9 d&rsquo;une illustration color\u00e9e d&rsquo;une salamandre, repr\u00e9sentative de la faune de Gran Canaria. La couverture est orn\u00e9e de motifs floraux aux tons vibrants sur un fond noir, cr\u00e9ant un contraste attrayant. Le carnet comprend une bande \u00e9lastique rouge qui assure sa fermeture, faisant de cet article un souvenir pratique et original, id\u00e9al pour noter les souvenirs de votre visite sur l&rsquo;\u00eele.<\/p>\n","protected":false},"featured_media":12016,"template":"","meta":{"_acf_changed":false},"product_brand":[],"product_cat":[806],"product_tag":[530],"class_list":{"0":"post-32488","1":"product","2":"type-product","3":"status-publish","4":"has-post-thumbnail","6":"product_cat-carnets","7":"product_tag-animaux","8":"pa_ciudad-gran-canaria","9":"pa_motivo-salamandres","10":"pa_pais-espana","12":"first","13":"instock","14":"shipping-taxable","15":"product-type-simple"},"acf":[],"_links":{"self":[{"href":"https:\/\/olemosaic.com\/fr\/wp-json\/wp\/v2\/product\/32488","targetHints":{"allow":["GET"]}}],"collection":[{"href":"https:\/\/olemosaic.com\/fr\/wp-json\/wp\/v2\/product"}],"about":[{"href":"https:\/\/olemosaic.com\/fr\/wp-json\/wp\/v2\/types\/product"}],"wp:featuredmedia":[{"embeddable":true,"href":"https:\/\/olemosaic.com\/fr\/wp-json\/wp\/v2\/media\/12016"}],"wp:attachment":[{"href":"https:\/\/olemosaic.com\/fr\/wp-json\/wp\/v2\/media?parent=32488"}],"wp:term":[{"taxonomy":"product_brand","embeddable":true,"href":"https:\/\/olemosaic.com\/fr\/wp-json\/wp\/v2\/product_brand?post=32488"},{"taxonomy":"product_cat","embeddable":true,"href":"https:\/\/olemosaic.com\/fr\/wp-json\/wp\/v2\/product_cat?post=32488"},{"taxonomy":"product_tag","embeddable":true,"href":"https:\/\/olemosaic.com\/fr\/wp-json\/wp\/v2\/product_tag?post=32488"}],"curies":[{"name":"wp","href":"https:\/\/api.w.org\/{rel}","templated":true}]}}