{"id":32485,"date":"2025-02-20T22:34:20","date_gmt":"2025-02-20T22:34:20","guid":{"rendered":"http:\/\/olemosaic.com\/producto\/huevera-de-ceramica-salamandra-y-flores-barcelona-blanco\/"},"modified":"2025-07-25T18:47:17","modified_gmt":"2025-07-25T16:47:17","slug":"coquetier-en-ceramique-salamandre-et-fleurs-barcelone-blanc","status":"publish","type":"product","link":"https:\/\/olemosaic.com\/fr\/produit\/coquetier-en-ceramique-salamandre-et-fleurs-barcelone-blanc\/","title":{"rendered":"Coquetier en c\u00e9ramique. Salamandre et fleurs. Barcelone. Blanc"},"content":{"rendered":"<p>Ce produit est un coquetier en c\u00e9ramique d\u00e9cor\u00e9 qui capture l&rsquo;essence vibrante de Barcelone gr\u00e2ce \u00e0 son magnifique design de salamandre et de fleurs. R\u00e9alis\u00e9 en c\u00e9ramique de haute qualit\u00e9, il se distingue par son fond blanc qui met en valeur les mosa\u00efques color\u00e9es aux tons rouges, jaunes et verts, \u00e9voquant la c\u00e9l\u00e8bre esth\u00e9tique de l&rsquo;architecte Antoni Gaud\u00ed, embl\u00e9matique de la ville. L&rsquo;image d&rsquo;une salamandre, symbole de chance et de richesse, s&rsquo;entrelace avec un design floral joyeux qui ajoute une touche artistique et unique \u00e0 ce souvenir.<\/p>\n<p>Le mot \u00ab\u00a0Barcelona\u00a0\u00bb est \u00e9l\u00e9gamment imprim\u00e9 sur le c\u00f4t\u00e9, faisant de ce coquetier un souvenir parfait de la cit\u00e9 comtale. Sa forme stylis\u00e9e et les d\u00e9tails soigneusement \u00e9labor\u00e9s d\u00e9montrent l&rsquo;attention port\u00e9e au design, faisant de cette pi\u00e8ce un accessoire fonctionnel. En plus de servir \u00e0 poser des \u0153ufs, il fait office d&rsquo;\u00e9l\u00e9ment d\u00e9coratif qui \u00e9gayera n&rsquo;importe quelle table.<\/p>\n<p>En tant qu&rsquo;authentique souvenir de Barcelone, ce coquetier est id\u00e9al pour les touristes qui cherchent \u00e0 emporter un morceau de la culture catalane. Chez Ol\u00e9 Mosaic, nous sommes sp\u00e9cialis\u00e9s dans la distribution de souvenirs en gros, et ce coquetier en c\u00e9ramique repr\u00e9sente le riche h\u00e9ritage culturel de Barcelone, constituant une excellente option pour les boutiques de cadeaux touristiques \u00e0 la recherche de produits authentiques et de souvenirs m\u00e9morables qui durent dans le temps.<\/p>\n","protected":false},"excerpt":{"rendered":"<p>Coquetier en c\u00e9ramique d\u00e9cor\u00e9 d&rsquo;un design vibrant de salamandre et de fleurs, repr\u00e9sentant l&rsquo;essence de Barcelone. Ce produit, \u00e9labor\u00e9 en c\u00e9ramique de haute qualit\u00e9, pr\u00e9sente un fond blanc orn\u00e9 de mosa\u00efques color\u00e9es aux tons rouges, jaunes et verts, \u00e9voquant la c\u00e9l\u00e8bre esth\u00e9tique de Gaud\u00ed. Le mot \u00ab\u00a0Barcelona\u00a0\u00bb est \u00e9l\u00e9gamment imprim\u00e9, faisant de ce coquetier un souvenir parfait alliant art et fonctionnalit\u00e9.<\/p>\n","protected":false},"featured_media":8088,"template":"","meta":{"_acf_changed":false},"product_brand":[],"product_cat":[681],"product_tag":[530,585],"class_list":{"0":"post-32485","1":"product","2":"type-product","3":"status-publish","4":"has-post-thumbnail","6":"product_cat-coquetiers","7":"product_tag-animaux","8":"product_tag-ceramique","9":"pa_ciudad-barcelona","10":"pa_motivo-salamandres","11":"pa_pais-espana","13":"first","14":"instock","15":"shipping-taxable","16":"product-type-simple"},"acf":[],"_links":{"self":[{"href":"https:\/\/olemosaic.com\/fr\/wp-json\/wp\/v2\/product\/32485","targetHints":{"allow":["GET"]}}],"collection":[{"href":"https:\/\/olemosaic.com\/fr\/wp-json\/wp\/v2\/product"}],"about":[{"href":"https:\/\/olemosaic.com\/fr\/wp-json\/wp\/v2\/types\/product"}],"wp:featuredmedia":[{"embeddable":true,"href":"https:\/\/olemosaic.com\/fr\/wp-json\/wp\/v2\/media\/8088"}],"wp:attachment":[{"href":"https:\/\/olemosaic.com\/fr\/wp-json\/wp\/v2\/media?parent=32485"}],"wp:term":[{"taxonomy":"product_brand","embeddable":true,"href":"https:\/\/olemosaic.com\/fr\/wp-json\/wp\/v2\/product_brand?post=32485"},{"taxonomy":"product_cat","embeddable":true,"href":"https:\/\/olemosaic.com\/fr\/wp-json\/wp\/v2\/product_cat?post=32485"},{"taxonomy":"product_tag","embeddable":true,"href":"https:\/\/olemosaic.com\/fr\/wp-json\/wp\/v2\/product_tag?post=32485"}],"curies":[{"name":"wp","href":"https:\/\/api.w.org\/{rel}","templated":true}]}}