{"id":32474,"date":"2025-02-20T22:34:20","date_gmt":"2025-02-20T22:34:20","guid":{"rendered":"http:\/\/olemosaic.com\/producto\/funda-de-telefono-para-iphone-15-promax-tpu-punt-de-trobada-barcelona-blanco\/"},"modified":"2025-07-25T19:02:59","modified_gmt":"2025-07-25T17:02:59","slug":"coque-de-telephone-pour-iphone-15-promax-tpu-punt-de-trobada-barcelone-blanc","status":"publish","type":"product","link":"https:\/\/olemosaic.com\/fr\/produit\/coque-de-telephone-pour-iphone-15-promax-tpu-punt-de-trobada-barcelone-blanc\/","title":{"rendered":"Coque de t\u00e9l\u00e9phone pour iPhone 15 Promax (TPU). Punt de trobada. Barcelone. Blanc"},"content":{"rendered":"<p>Cette coque pour iPhone 15 Pro Max, fabriqu\u00e9e en TPU, allie fonctionnalit\u00e9 et esth\u00e9tique. Avec un design vibrant qui rend hommage \u00e0 l&#8217;embl\u00e9matique \u00ab Punt de Trobada \u00bb de Barcelone, elle pr\u00e9sente un fond blanc anim\u00e9 qui fait ressortir des mosa\u00efques color\u00e9es en rouge, jaune, vert, bleu et noir. Ces \u00e9l\u00e9ments iconiques ne se contentent pas d&rsquo;orner la coque, ils \u00e9voquent \u00e9galement la riche culture et l&rsquo;art de la capitale catalane. L&rsquo;illustration comprend des formes abstraites qui compl\u00e8tent la composition g\u00e9n\u00e9rale, ainsi que le mot \u00ab Barcelona \u00bb, qui r\u00e9affirme le lien avec la ville.<\/p>\n<p>Le niveau de d\u00e9tail de chaque mosa\u00efque symbolise la cr\u00e9ativit\u00e9 et l&rsquo;h\u00e9ritage artistique de Barcelone, o\u00f9 le modernisme et les mosa\u00efques de Gaud\u00ed font partie int\u00e9grante du paysage urbain. Cet article prot\u00e8ge non seulement l&rsquo;appareil, mais fonctionne \u00e9galement comme un souvenir exquis qui capture l&rsquo;essence de Barcelone, devenant un souvenir significatif pour ceux qui la visitent.<\/p>\n<p>Chez Ol\u00e9 Mosaic, nous nous sp\u00e9cialisons dans la distribution de souvenirs en gros, et cette coque de t\u00e9l\u00e9phone est une excellente option pour les boutiques de cadeaux touristiques \u00e0 la recherche de produits de qualit\u00e9 et de repr\u00e9sentation culturelle. Id\u00e9ale pour les touristes, cette coque refl\u00e8te l&rsquo;authenticit\u00e9 et le style de vie de Barcelone, ce qui en fait un choix attrayant et pratique.<\/p>\n","protected":false},"excerpt":{"rendered":"<p>Coque pour iPhone 15 Pro Max fabriqu\u00e9e en TPU, orn\u00e9e d&rsquo;un design vibrant qui \u00e9voque le c\u00e9l\u00e8bre \u00ab Punt de Trobada \u00bb de Barcelone. Cet article pr\u00e9sente un fond blanc parsem\u00e9 de mosa\u00efques color\u00e9es dans les tons rouge, jaune, vert, bleu et noir, repr\u00e9sentant des \u00e9l\u00e9ments embl\u00e9matiques de la ville. L&rsquo;illustration, avec ses formes abstraites et l&rsquo;inscription \u00ab Barcelona \u00bb, capture l&rsquo;essence artistique et culturelle de la capitale catalane. Parfaite pour prot\u00e9ger votre appareil avec style.<\/p>\n","protected":false},"featured_media":12466,"template":"","meta":{"_acf_changed":false},"product_brand":[],"product_cat":[674],"product_tag":[],"class_list":{"0":"post-32474","1":"product","2":"type-product","3":"status-publish","4":"has-post-thumbnail","6":"product_cat-etuis-pour-telephones-portables","7":"pa_ciudad-barcelona","8":"pa_motivo-punt-de-trobada","9":"pa_pais-espana","11":"first","12":"instock","13":"shipping-taxable","14":"product-type-simple"},"acf":[],"_links":{"self":[{"href":"https:\/\/olemosaic.com\/fr\/wp-json\/wp\/v2\/product\/32474","targetHints":{"allow":["GET"]}}],"collection":[{"href":"https:\/\/olemosaic.com\/fr\/wp-json\/wp\/v2\/product"}],"about":[{"href":"https:\/\/olemosaic.com\/fr\/wp-json\/wp\/v2\/types\/product"}],"wp:featuredmedia":[{"embeddable":true,"href":"https:\/\/olemosaic.com\/fr\/wp-json\/wp\/v2\/media\/12466"}],"wp:attachment":[{"href":"https:\/\/olemosaic.com\/fr\/wp-json\/wp\/v2\/media?parent=32474"}],"wp:term":[{"taxonomy":"product_brand","embeddable":true,"href":"https:\/\/olemosaic.com\/fr\/wp-json\/wp\/v2\/product_brand?post=32474"},{"taxonomy":"product_cat","embeddable":true,"href":"https:\/\/olemosaic.com\/fr\/wp-json\/wp\/v2\/product_cat?post=32474"},{"taxonomy":"product_tag","embeddable":true,"href":"https:\/\/olemosaic.com\/fr\/wp-json\/wp\/v2\/product_tag?post=32474"}],"curies":[{"name":"wp","href":"https:\/\/api.w.org\/{rel}","templated":true}]}}