{"id":32473,"date":"2025-02-20T22:34:20","date_gmt":"2025-02-20T22:34:20","guid":{"rendered":"http:\/\/olemosaic.com\/producto\/funda-de-telefono-para-iphone-14-pro-tpu-punt-de-trobada-barcelona-blanco\/"},"modified":"2025-07-25T19:36:12","modified_gmt":"2025-07-25T17:36:12","slug":"coque-de-telephone-pour-iphone-14-pro-tpu-punt-de-trobada-barcelone-blanc","status":"publish","type":"product","link":"https:\/\/olemosaic.com\/fr\/produit\/coque-de-telephone-pour-iphone-14-pro-tpu-punt-de-trobada-barcelone-blanc\/","title":{"rendered":"Coque de t\u00e9l\u00e9phone pour iPhone 14 Pro (TPU). Punt de trobada. Barcelone. Blanc"},"content":{"rendered":"<p>Cette coque pour iPhone 14 Pro, inspir\u00e9e par la vibrante Barcelone, fusionne style et fonctionnalit\u00e9. Fabriqu\u00e9e en TPU, elle offre une protection efficace sans compromettre le design. Son fond blanc met en valeur une mosa\u00efque spectaculaire qui \u00e9voque l&rsquo;\u0153uvre embl\u00e9matique d&rsquo;Antoni Gaud\u00ed, c\u00e9l\u00e8bre pour son utilisation de la couleur et des formes g\u00e9om\u00e9triques. Ce design cr\u00e9atif, baptis\u00e9 \u00ab Punt de trobada \u00bb, pr\u00e9sente une explosion de couleurs (rouge, jaune, vert, bleu et noir) qui s&rsquo;entrelacent dans des motifs dynamiques, capturant l&rsquo;essence du modernisme catalan.<\/p>\n<p>Dans la partie inf\u00e9rieure de la coque, le mot \u00ab Barcelona \u00bb embellit le design et \u00e9tablit une connexion \u00e9motionnelle avec la ville. Plus qu&rsquo;un simple accessoire, cette coque est un authentique souvenir de la culture catalane, parfait pour ceux qui souhaitent emporter un morceau de Barcelone avec eux. Id\u00e9ale pour les touristes \u00e0 la recherche de souvenirs uniques et repr\u00e9sentatifs, cette coque est une excellente option pour les boutiques de cadeaux touristiques. Chez Ol\u00e9 Mosaic, en tant que grossistes d&rsquo;accessoires, nous proposons des produits qui c\u00e9l\u00e8brent le riche patrimoine culturel de l&rsquo;Espagne, faisant de cette coque un compl\u00e9ment indispensable \u00e0 toute collection de souvenirs de Barcelone.<\/p>\n","protected":false},"excerpt":{"rendered":"<p>Coque pour iPhone 14 Pro fabriqu\u00e9e en TPU, d\u00e9cor\u00e9e du design \u00ab Punt de trobada \u00bb inspir\u00e9 de Barcelone. La coque pr\u00e9sente un fond blanc sur lequel se d\u00e9tache une mosa\u00efque vibrante aux formes g\u00e9om\u00e9triques en rouge, jaune, vert, bleu et noir, \u00e9voquant le style du c\u00e9l\u00e8bre architecte Antoni Gaud\u00ed. Dans la partie inf\u00e9rieure, l&rsquo;inscription \u00ab Barcelona \u00bb ajoute une touche d&rsquo;identit\u00e9 \u00e0 cet accessoire \u00e9l\u00e9gant qui combine protection et art.<\/p>\n","protected":false},"featured_media":12373,"template":"","meta":{"_acf_changed":false},"product_brand":[],"product_cat":[674],"product_tag":[],"class_list":{"0":"post-32473","1":"product","2":"type-product","3":"status-publish","4":"has-post-thumbnail","6":"product_cat-etuis-pour-telephones-portables","7":"pa_ciudad-barcelona","8":"pa_motivo-punt-de-trobada","9":"pa_pais-espana","11":"first","12":"instock","13":"shipping-taxable","14":"product-type-simple"},"acf":[],"_links":{"self":[{"href":"https:\/\/olemosaic.com\/fr\/wp-json\/wp\/v2\/product\/32473","targetHints":{"allow":["GET"]}}],"collection":[{"href":"https:\/\/olemosaic.com\/fr\/wp-json\/wp\/v2\/product"}],"about":[{"href":"https:\/\/olemosaic.com\/fr\/wp-json\/wp\/v2\/types\/product"}],"wp:featuredmedia":[{"embeddable":true,"href":"https:\/\/olemosaic.com\/fr\/wp-json\/wp\/v2\/media\/12373"}],"wp:attachment":[{"href":"https:\/\/olemosaic.com\/fr\/wp-json\/wp\/v2\/media?parent=32473"}],"wp:term":[{"taxonomy":"product_brand","embeddable":true,"href":"https:\/\/olemosaic.com\/fr\/wp-json\/wp\/v2\/product_brand?post=32473"},{"taxonomy":"product_cat","embeddable":true,"href":"https:\/\/olemosaic.com\/fr\/wp-json\/wp\/v2\/product_cat?post=32473"},{"taxonomy":"product_tag","embeddable":true,"href":"https:\/\/olemosaic.com\/fr\/wp-json\/wp\/v2\/product_tag?post=32473"}],"curies":[{"name":"wp","href":"https:\/\/api.w.org\/{rel}","templated":true}]}}