{"id":32472,"date":"2025-02-20T23:34:19","date_gmt":"2025-02-20T22:34:19","guid":{"rendered":"http:\/\/olemosaic.com\/producto\/libreta-de-80-hojas-panoramica-valencia-2\/"},"modified":"2025-07-25T18:52:05","modified_gmt":"2025-07-25T16:52:05","slug":"carnet-de-80-feuilles-panoramique-valence-2","status":"publish","type":"product","link":"https:\/\/olemosaic.com\/fr\/produit\/carnet-de-80-feuilles-panoramique-valence-2\/","title":{"rendered":"Carnet de 80 feuilles. Panoramique. Cit\u00e9 des Arts. Valence."},"content":{"rendered":"<p>Ce produit est un carnet exquis de 80 feuilles pr\u00e9sentant un panorama impressionnant de Valence, capturant l&rsquo;essence vibrante de cette ville embl\u00e9matique. Sa couverture, orn\u00e9e d&rsquo;un design artistique combinant des \u00e9l\u00e9ments iconiques tels que la futuriste Cit\u00e9 des Arts et des Sciences et l&rsquo;architecture historique de la vieille ville, se d\u00e9ploie dans une mosa\u00efque de couleurs \u00e9clatantes qui attire le regard de tout touriste. Le carnet est compl\u00e9t\u00e9 par une bande \u00e9lastique rouge pratique qui s\u00e9curise son contenu, en faisant le compagnon id\u00e9al pour noter des id\u00e9es, des r\u00e9flexions ou des souvenirs de votre visite. Ce souvenir ing\u00e9nieux est non seulement fonctionnel, mais aussi un rappel artistique de la diversit\u00e9 culturelle de Valence, connue pour son m\u00e9lange de modernit\u00e9 et de tradition. En tant que repr\u00e9sentation du riche patrimoine architectural et artistique de la ville, ce carnet est un cadeau id\u00e9al pour ceux qui recherchent un souvenir authentique et significatif de Valence. Chez Ol\u00e9 Mosaic, nous nous consacrons \u00e0 la distribution de souvenirs en gros, garantissant que des produits uniques comme notre carnet au design valencien soient accessibles \u00e0 toutes les boutiques de cadeaux touristiques.<\/p>\n","protected":false},"excerpt":{"rendered":"<p>Carnet de 80 feuilles avec un panorama impressionnant de Valence, d\u00e9cor\u00e9 d&rsquo;un design vibrant qui capture l&rsquo;essence de la ville. La finition pr\u00e9sente des \u00e9l\u00e9ments iconiques, tels que la Cit\u00e9 des Arts et des Sciences, aux c\u00f4t\u00e9s de l&rsquo;architecture historique de la vieille ville, le tout dans une magnifique mosa\u00efque de couleurs \u00e9clatantes. Avec sa bande \u00e9lastique rouge, ce carnet est id\u00e9al pour noter des id\u00e9es et des souvenirs, fusionnant fonctionnalit\u00e9 et art.<\/p>\n","protected":false},"featured_media":11641,"template":"","meta":{"_acf_changed":false},"product_brand":[],"product_cat":[806],"product_tag":[],"class_list":{"0":"post-32472","1":"product","2":"type-product","3":"status-publish","4":"has-post-thumbnail","6":"product_cat-carnets","7":"pa_ciudad-valencia","8":"pa_motivo-panoramas","9":"pa_pais-espana","11":"first","12":"instock","13":"shipping-taxable","14":"product-type-simple"},"acf":[],"_links":{"self":[{"href":"https:\/\/olemosaic.com\/fr\/wp-json\/wp\/v2\/product\/32472","targetHints":{"allow":["GET"]}}],"collection":[{"href":"https:\/\/olemosaic.com\/fr\/wp-json\/wp\/v2\/product"}],"about":[{"href":"https:\/\/olemosaic.com\/fr\/wp-json\/wp\/v2\/types\/product"}],"wp:featuredmedia":[{"embeddable":true,"href":"https:\/\/olemosaic.com\/fr\/wp-json\/wp\/v2\/media\/11641"}],"wp:attachment":[{"href":"https:\/\/olemosaic.com\/fr\/wp-json\/wp\/v2\/media?parent=32472"}],"wp:term":[{"taxonomy":"product_brand","embeddable":true,"href":"https:\/\/olemosaic.com\/fr\/wp-json\/wp\/v2\/product_brand?post=32472"},{"taxonomy":"product_cat","embeddable":true,"href":"https:\/\/olemosaic.com\/fr\/wp-json\/wp\/v2\/product_cat?post=32472"},{"taxonomy":"product_tag","embeddable":true,"href":"https:\/\/olemosaic.com\/fr\/wp-json\/wp\/v2\/product_tag?post=32472"}],"curies":[{"name":"wp","href":"https:\/\/api.w.org\/{rel}","templated":true}]}}