{"id":32471,"date":"2025-02-20T22:34:19","date_gmt":"2025-02-20T22:34:19","guid":{"rendered":"http:\/\/olemosaic.com\/producto\/taza-de-ceramica-salamandra-y-flores-mallorca-blanco\/"},"modified":"2025-07-25T19:33:35","modified_gmt":"2025-07-25T17:33:35","slug":"mug-en-ceramique-salamandre-et-fleurs-majorque-blanc","status":"publish","type":"product","link":"https:\/\/olemosaic.com\/fr\/produit\/mug-en-ceramique-salamandre-et-fleurs-majorque-blanc\/","title":{"rendered":"Mug en c\u00e9ramique. Salamandre et fleurs. Majorque. Blanc."},"content":{"rendered":"<p>Cette tasse en c\u00e9ramique exceptionnelle est d\u00e9cor\u00e9e d&rsquo;une salamandre vibrante et de fleurs color\u00e9es, inspir\u00e9es par les magnifiques paysages de Majorque. Son design se distingue par la repr\u00e9sentation d&rsquo;une salamandre rouge, orn\u00e9e de d\u00e9tails bleus et jaunes, qui s&rsquo;\u00e9tend avec \u00e9l\u00e9gance sur un fond blanc, \u00e9voquant le style artistique de la c\u00e9l\u00e8bre mosa\u00efque majorquine. Les formes all\u00e9goriques et les couleurs intenses apportent une fra\u00eecheur unique, id\u00e9ale pour ceux qui recherchent des souvenirs authentiques et repr\u00e9sentatifs de l&rsquo;\u00eele des Bal\u00e9ares.<\/p>\n<p>L&rsquo;int\u00e9rieur de la tasse resplendit d&rsquo;un rouge intense, cr\u00e9ant un contraste attrayant qui rehausse la beaut\u00e9 du design ext\u00e9rieur. Cet \u00e9l\u00e9ment fait non seulement de la tasse un objet fonctionnel pour savourer vos boissons, chaudes ou froides, mais la transforme \u00e9galement en un rappel visuel de la richesse naturelle et culturelle de Majorque. En choisissant ce produit, les touristes peuvent emporter un morceau du charme des \u00eeles Bal\u00e9ares, parfait pour \u00e9voquer des moments de d\u00e9tente et de plaisir.<\/p>\n<p>En tant que distributeur de souvenirs en gros, Ol\u00e9 Mosaic est fier de proposer des pi\u00e8ces qui se distinguent par leur authenticit\u00e9 et leur qualit\u00e9, et cette tasse en c\u00e9ramique ne fait pas exception. C&rsquo;est une excellente option pour les boutiques de cadeaux touristiques qui recherchent des articles captant l&rsquo;attention de leurs clients, tout en repr\u00e9sentant la tradition artistique de Majorque \u00e0 travers un souvenir ind\u00e9modable.<\/p>\n","protected":false},"excerpt":{"rendered":"<p>Mug en c\u00e9ramique d\u00e9cor\u00e9 d&rsquo;une salamandre frappante et de fleurs color\u00e9es, inspir\u00e9 par les paysages vibrants de Majorque. Ce design, qui combine des formes all\u00e9goriques en mosa\u00efque, pr\u00e9sente une salamandre rouge avec des d\u00e9tails bleus et jaunes sur un fond blanc, \u00e9voquant l&rsquo;art traditionnel de la r\u00e9gion. L&rsquo;int\u00e9rieur de la tasse est d&rsquo;un rouge intense, ajoutant une touche attrayante \u00e0 l&rsquo;ensemble. Id\u00e9al pour savourer vos boissons tout en vous transportant vers la beaut\u00e9 des \u00eeles Bal\u00e9ares.<\/p>\n","protected":false},"featured_media":8019,"template":"","meta":{"_acf_changed":false},"product_brand":[],"product_cat":[822],"product_tag":[530,585],"class_list":{"0":"post-32471","1":"product","2":"type-product","3":"status-publish","4":"has-post-thumbnail","6":"product_cat-mugs-fr","7":"product_tag-animaux","8":"product_tag-ceramique","9":"pa_ciudad-mallorca","10":"pa_motivo-salamandres","11":"pa_pais-espana","13":"first","14":"instock","15":"shipping-taxable","16":"product-type-simple"},"acf":[],"_links":{"self":[{"href":"https:\/\/olemosaic.com\/fr\/wp-json\/wp\/v2\/product\/32471","targetHints":{"allow":["GET"]}}],"collection":[{"href":"https:\/\/olemosaic.com\/fr\/wp-json\/wp\/v2\/product"}],"about":[{"href":"https:\/\/olemosaic.com\/fr\/wp-json\/wp\/v2\/types\/product"}],"wp:featuredmedia":[{"embeddable":true,"href":"https:\/\/olemosaic.com\/fr\/wp-json\/wp\/v2\/media\/8019"}],"wp:attachment":[{"href":"https:\/\/olemosaic.com\/fr\/wp-json\/wp\/v2\/media?parent=32471"}],"wp:term":[{"taxonomy":"product_brand","embeddable":true,"href":"https:\/\/olemosaic.com\/fr\/wp-json\/wp\/v2\/product_brand?post=32471"},{"taxonomy":"product_cat","embeddable":true,"href":"https:\/\/olemosaic.com\/fr\/wp-json\/wp\/v2\/product_cat?post=32471"},{"taxonomy":"product_tag","embeddable":true,"href":"https:\/\/olemosaic.com\/fr\/wp-json\/wp\/v2\/product_tag?post=32471"}],"curies":[{"name":"wp","href":"https:\/\/api.w.org\/{rel}","templated":true}]}}