{"id":32470,"date":"2025-02-20T23:34:19","date_gmt":"2025-02-20T22:34:19","guid":{"rendered":"http:\/\/olemosaic.com\/producto\/taza-de-ceramica-panoramica-barcelona-beige-4\/"},"modified":"2025-07-25T20:23:18","modified_gmt":"2025-07-25T18:23:18","slug":"mug-en-ceramique-panoramique-barcelone-beige-4","status":"publish","type":"product","link":"https:\/\/olemosaic.com\/fr\/produit\/mug-en-ceramique-panoramique-barcelone-beige-4\/","title":{"rendered":"Mug en c\u00e9ramique. Panoramique. Sagrada Familia. Barcelone. Beige."},"content":{"rendered":"<p>Cette charmante tasse en c\u00e9ramique pr\u00e9sente un panorama color\u00e9 de Barcelone, capturant l&rsquo;essence vibrante de cette ville embl\u00e9matique. D\u00e9cor\u00e9e dans des tons beiges, la tasse d\u00e9gage \u00e9l\u00e9gance et sophistication. L&rsquo;illustration, avec un effet peint \u00e0 la main, met en valeur la majestueuse Sagrada Familia et l&#8217;embl\u00e9matique Parc G\u00fcell, symboles iconiques de l&rsquo;architecture moderniste catalane. Les mosa\u00efques traditionnelles qui ornent la tasse \u00e9voquent l&rsquo;\u0153uvre du c\u00e9l\u00e8bre architecte Antoni Gaud\u00ed, connu pour son style unique fusionnant nature et art de mani\u00e8re extraordinaire.<\/p>\n<p>Accompagn\u00e9e d&rsquo;une cuill\u00e8re assortie, cette tasse est non seulement parfaite pour savourer vos boissons pr\u00e9f\u00e9r\u00e9es, mais elle \u00e9voque \u00e9galement la riche culture et l&rsquo;art de Barcelone, ce qui en fait un cadeau inoubliable ou un souvenir exceptionnel. C&rsquo;est un souvenir authentique, id\u00e9al pour les touristes souhaitant emporter un morceau de l&rsquo;histoire et du style de vie de cette ville magnifique.<\/p>\n<p>Chez Ol\u00e9 Mosaic, nous proposons cette tasse en c\u00e9ramique dans le cadre de notre s\u00e9lection de souvenirs de Barcelone, garantissant qualit\u00e9 et design repr\u00e9sentatif qui ravira vos clients. En tant que grossistes de souvenirs, notre proposition est id\u00e9ale pour les boutiques de cadeaux touristiques \u00e0 la recherche de produits authentiques et culturellement pertinents.<\/p>\n","protected":false},"excerpt":{"rendered":"<p>Mug en c\u00e9ramique avec un panorama color\u00e9 de Barcelone, mettant en valeur la majestueuse Sagrada Familia et l&#8217;embl\u00e9matique Parc G\u00fcell. Con\u00e7ue dans des tons beiges et orn\u00e9e de mosa\u00efques traditionnelles, cette tasse pr\u00e9sente une illustration au design artisanal, peinte \u00e0 la main, qui capture l&rsquo;essence artistique de la ville. Comprend une cuill\u00e8re assortie, parfaite pour savourer vos boissons pr\u00e9f\u00e9r\u00e9es tout en \u00e9voquant la culture vibrante de Barcelone. Id\u00e9al comme souvenir ou cadeau.<\/p>\n","protected":false},"featured_media":6930,"template":"","meta":{"_acf_changed":false},"product_brand":[],"product_cat":[822],"product_tag":[585],"class_list":{"0":"post-32470","1":"product","2":"type-product","3":"status-publish","4":"has-post-thumbnail","6":"product_cat-mugs-fr","7":"product_tag-ceramique","8":"pa_ciudad-barcelona","9":"pa_motivo-panoramas","10":"pa_pais-espana","12":"first","13":"instock","14":"shipping-taxable","15":"product-type-simple"},"acf":[],"_links":{"self":[{"href":"https:\/\/olemosaic.com\/fr\/wp-json\/wp\/v2\/product\/32470","targetHints":{"allow":["GET"]}}],"collection":[{"href":"https:\/\/olemosaic.com\/fr\/wp-json\/wp\/v2\/product"}],"about":[{"href":"https:\/\/olemosaic.com\/fr\/wp-json\/wp\/v2\/types\/product"}],"wp:featuredmedia":[{"embeddable":true,"href":"https:\/\/olemosaic.com\/fr\/wp-json\/wp\/v2\/media\/6930"}],"wp:attachment":[{"href":"https:\/\/olemosaic.com\/fr\/wp-json\/wp\/v2\/media?parent=32470"}],"wp:term":[{"taxonomy":"product_brand","embeddable":true,"href":"https:\/\/olemosaic.com\/fr\/wp-json\/wp\/v2\/product_brand?post=32470"},{"taxonomy":"product_cat","embeddable":true,"href":"https:\/\/olemosaic.com\/fr\/wp-json\/wp\/v2\/product_cat?post=32470"},{"taxonomy":"product_tag","embeddable":true,"href":"https:\/\/olemosaic.com\/fr\/wp-json\/wp\/v2\/product_tag?post=32470"}],"curies":[{"name":"wp","href":"https:\/\/api.w.org\/{rel}","templated":true}]}}