{"id":32449,"date":"2025-02-20T23:34:19","date_gmt":"2025-02-20T22:34:19","guid":{"rendered":"http:\/\/olemosaic.com\/producto\/bola-de-navidad-con-caja-mariposa\/"},"modified":"2025-07-25T18:49:11","modified_gmt":"2025-07-25T16:49:11","slug":"boule-de-noel-avec-boite-papillon","status":"publish","type":"product","link":"https:\/\/olemosaic.com\/fr\/produit\/boule-de-noel-avec-boite-papillon\/","title":{"rendered":"Boule de No\u00ebl avec bo\u00eete. Papillon."},"content":{"rendered":"<p>Ce produit est une charmante boule de No\u00ebl d\u00e9corative, pr\u00e9sent\u00e9e dans une jolie bo\u00eete, qui capture l&rsquo;essence artistique de Barcelone. Ses papillons color\u00e9s, inspir\u00e9s de la c\u00e9l\u00e8bre mosa\u00efque de Gaud\u00ed, en font une pi\u00e8ce unique. Fabriqu\u00e9e avec des mat\u00e9riaux de haute qualit\u00e9, cette boule pr\u00e9sente un design vibrant, orn\u00e9 de papillons aux tons brillants et de d\u00e9tails floraux qui \u00e9voquent l&rsquo;architecture moderniste singuli\u00e8re de la ville. Son fond blanc, parsem\u00e9 de motifs color\u00e9s et g\u00e9om\u00e9triques, n&rsquo;ajoute pas seulement une touche festive et joyeuse \u00e0 toute d\u00e9coration de No\u00ebl, mais sert \u00e9galement de rappel de la grande richesse culturelle que Barcelone offre.<\/p>\n<p>Cet ornement est un excellent souvenir qui refl\u00e8te l&rsquo;authenticit\u00e9 et la diversit\u00e9 de l&rsquo;art espagnol, faisant en sorte que chaque foyer qui l&rsquo;expose ressente la magie de la cit\u00e9 comtale. En tant que souvenir de Barcelone, il est parfait pour les touristes qui cherchent \u00e0 emporter un petit morceau de la capitale catalane dans leurs c\u00e9l\u00e9brations. Chez Ol\u00e9 Mosaic, nous nous sp\u00e9cialisons dans la distribution de d\u00e9corations de No\u00ebl en gros, et cette boule de No\u00ebl est une option id\u00e9ale pour les boutiques de cadeaux touristiques qui souhaitent proposer des produits authentiques et repr\u00e9sentatifs de la culture espagnole. Avec son design tr\u00e8s sp\u00e9cial et sa valeur culturelle, cet ornement devient une pi\u00e8ce incontournable pour ceux qui souhaitent c\u00e9l\u00e9brer les f\u00eates avec une touche d&rsquo;art et de tradition.<\/p>\n","protected":false},"excerpt":{"rendered":"<p>Boule de No\u00ebl d\u00e9corative pr\u00e9sent\u00e9e dans une jolie bo\u00eete, orn\u00e9e de papillons color\u00e9s inspir\u00e9s de la c\u00e9l\u00e8bre mosa\u00efque de Gaud\u00ed. Cet ornement, fabriqu\u00e9 avec des mat\u00e9riaux de haute qualit\u00e9, combine des designs vibrants et des d\u00e9tails artistiques qui \u00e9voquent l&rsquo;essence de l&rsquo;architecture moderniste de Barcelone. La boule, avec son fond blanc et ses motifs brillants, ajoute une touche festive et culturelle \u00e0 toute d\u00e9coration de No\u00ebl, constituant un souvenir parfait de la richesse de l&rsquo;art espagnol.<\/p>\n","protected":false},"featured_media":9746,"template":"","meta":{"_acf_changed":false},"product_brand":[],"product_cat":[659],"product_tag":[530,646],"class_list":{"0":"post-32449","1":"product","2":"type-product","3":"status-publish","4":"has-post-thumbnail","6":"product_cat-boules-de-noel","7":"product_tag-animaux","8":"product_tag-noel","9":"pa_motivo-papillons","11":"first","12":"instock","13":"shipping-taxable","14":"product-type-simple"},"acf":[],"_links":{"self":[{"href":"https:\/\/olemosaic.com\/fr\/wp-json\/wp\/v2\/product\/32449","targetHints":{"allow":["GET"]}}],"collection":[{"href":"https:\/\/olemosaic.com\/fr\/wp-json\/wp\/v2\/product"}],"about":[{"href":"https:\/\/olemosaic.com\/fr\/wp-json\/wp\/v2\/types\/product"}],"wp:featuredmedia":[{"embeddable":true,"href":"https:\/\/olemosaic.com\/fr\/wp-json\/wp\/v2\/media\/9746"}],"wp:attachment":[{"href":"https:\/\/olemosaic.com\/fr\/wp-json\/wp\/v2\/media?parent=32449"}],"wp:term":[{"taxonomy":"product_brand","embeddable":true,"href":"https:\/\/olemosaic.com\/fr\/wp-json\/wp\/v2\/product_brand?post=32449"},{"taxonomy":"product_cat","embeddable":true,"href":"https:\/\/olemosaic.com\/fr\/wp-json\/wp\/v2\/product_cat?post=32449"},{"taxonomy":"product_tag","embeddable":true,"href":"https:\/\/olemosaic.com\/fr\/wp-json\/wp\/v2\/product_tag?post=32449"}],"curies":[{"name":"wp","href":"https:\/\/api.w.org\/{rel}","templated":true}]}}