{"id":32447,"date":"2025-02-20T22:34:19","date_gmt":"2025-02-20T22:34:19","guid":{"rendered":"http:\/\/olemosaic.com\/producto\/funda-de-telefono-para-samsung-a12-tpu-panoramica-barcelona-blanco\/"},"modified":"2025-07-25T18:39:47","modified_gmt":"2025-07-25T16:39:47","slug":"coque-de-telephone-pour-samsung-a12-tpu-panoramique-barcelone-blanc","status":"publish","type":"product","link":"https:\/\/olemosaic.com\/fr\/produit\/coque-de-telephone-pour-samsung-a12-tpu-panoramique-barcelone-blanc\/","title":{"rendered":"Coque de t\u00e9l\u00e9phone pour Samsung A12 (TPU). Panoramique. Barcelone. Blanc"},"content":{"rendered":"<p>Cette coque pour le t\u00e9l\u00e9phone Samsung A12 est un accessoire indispensable pour ceux qui souhaitent prot\u00e9ger leur appareil tout en affichant leur passion pour Barcelone. Fabriqu\u00e9e en TPU de haute qualit\u00e9, cette coque assure non seulement durabilit\u00e9 et r\u00e9sistance, mais pr\u00e9sente \u00e9galement un design percutant qui capture l&rsquo;essence de la cit\u00e9 comtale. Sur sa surface se d\u00e9ploie une vue panoramique vibrante de l&#8217;embl\u00e9matique Sagrada Familia ainsi que d&rsquo;autres \u00e9l\u00e9ments architecturaux remarquables de Barcelone, repr\u00e9sent\u00e9s avec une finition rappelant les mosa\u00efques si caract\u00e9ristiques de la r\u00e9gion.<\/p>\n<p>Les couleurs vives de la coque, dans des tons rouges, jaunes et verts, ressortent sur un fond blanc qui apporte fra\u00eecheur et luminosit\u00e9 au design. Le nom \u00ab\u00a0Barcelona\u00a0\u00bb, imprim\u00e9 dans une \u00e9l\u00e9gante couleur dor\u00e9e, ajoute une touche distinctive et sophistiqu\u00e9e au produit, en faisant un souvenir visuellement attrayant. Cette coque n&rsquo;est pas seulement fonctionnelle, elle rend \u00e9galement hommage \u00e0 la riche culture et au patrimoine architectural de Barcelone, une ville reconnue pour son art et son architecture innovante.<\/p>\n<p>Ol\u00e9 Mosaic est fier de proposer des souvenirs authentiques qui refl\u00e8tent la diversit\u00e9 culturelle de l&rsquo;Espagne. Cette coque est une option id\u00e9ale pour les boutiques de cadeaux touristiques \u00e0 la recherche de produits uniques et repr\u00e9sentatifs de la ville, ce qui en fait un excellent souvenir de Barcelone. En tant que grossistes de coques, nous garantissons la qualit\u00e9 et le design de chaque pi\u00e8ce, offrant aux touristes le moyen id\u00e9al d&#8217;emporter un petit morceau de Barcelone partout o\u00f9 ils vont.<\/p>\n","protected":false},"excerpt":{"rendered":"<p>Coque pour t\u00e9l\u00e9phone Samsung A12 fabriqu\u00e9e en TPU, d\u00e9cor\u00e9e d&rsquo;une vue panoramique vibrante de Barcelone. Ce design color\u00e9 pr\u00e9sente une illustration de la c\u00e9l\u00e8bre Sagrada Familia et d&rsquo;autres \u00e9l\u00e9ments architecturaux embl\u00e9matiques de la ville, repr\u00e9sent\u00e9s avec une finition de type mosa\u00efque. Les tons vifs de rouge, jaune et vert ressortent sur un fond blanc, tandis que le nom &lsquo;Barcelona&rsquo; est imprim\u00e9 dans un dor\u00e9 \u00e9l\u00e9gant, apportant une touche distinctive. Id\u00e9ale pour prot\u00e9ger votre appareil et montrer votre amour pour cette magnifique ville.<\/p>\n","protected":false},"featured_media":12487,"template":"","meta":{"_acf_changed":false},"product_brand":[],"product_cat":[674],"product_tag":[],"class_list":{"0":"post-32447","1":"product","2":"type-product","3":"status-publish","4":"has-post-thumbnail","6":"product_cat-etuis-pour-telephones-portables","7":"pa_ciudad-barcelona","8":"pa_motivo-panoramas","9":"pa_pais-espana","11":"first","12":"instock","13":"shipping-taxable","14":"product-type-simple"},"acf":[],"_links":{"self":[{"href":"https:\/\/olemosaic.com\/fr\/wp-json\/wp\/v2\/product\/32447","targetHints":{"allow":["GET"]}}],"collection":[{"href":"https:\/\/olemosaic.com\/fr\/wp-json\/wp\/v2\/product"}],"about":[{"href":"https:\/\/olemosaic.com\/fr\/wp-json\/wp\/v2\/types\/product"}],"wp:featuredmedia":[{"embeddable":true,"href":"https:\/\/olemosaic.com\/fr\/wp-json\/wp\/v2\/media\/12487"}],"wp:attachment":[{"href":"https:\/\/olemosaic.com\/fr\/wp-json\/wp\/v2\/media?parent=32447"}],"wp:term":[{"taxonomy":"product_brand","embeddable":true,"href":"https:\/\/olemosaic.com\/fr\/wp-json\/wp\/v2\/product_brand?post=32447"},{"taxonomy":"product_cat","embeddable":true,"href":"https:\/\/olemosaic.com\/fr\/wp-json\/wp\/v2\/product_cat?post=32447"},{"taxonomy":"product_tag","embeddable":true,"href":"https:\/\/olemosaic.com\/fr\/wp-json\/wp\/v2\/product_tag?post=32447"}],"curies":[{"name":"wp","href":"https:\/\/api.w.org\/{rel}","templated":true}]}}