{"id":32444,"date":"2025-02-20T22:34:18","date_gmt":"2025-02-20T22:34:18","guid":{"rendered":"http:\/\/olemosaic.com\/producto\/posavasos-de-ceramica-santiago\/"},"modified":"2025-07-25T19:47:57","modified_gmt":"2025-07-25T17:47:57","slug":"sous-verre-en-ceramique-saint-jacques","status":"publish","type":"product","link":"https:\/\/olemosaic.com\/fr\/produit\/sous-verre-en-ceramique-saint-jacques\/","title":{"rendered":"Sous-verre en c\u00e9ramique. Saint-Jacques."},"content":{"rendered":"<p>Ce sous-verre en c\u00e9ramique, inspir\u00e9 de l&#8217;embl\u00e9matique Chemin de Compostelle, est un v\u00e9ritable hommage \u00e0 la culture galicienne. Son design vibrant capture la majest\u00e9 de la cath\u00e9drale de Saint-Jacques-de-Compostelle, avec ses splendides tours aux couleurs chaudes qui \u00e9voquent la richesse architecturale de cet important monument. Orn\u00e9 de d\u00e9tails en mosa\u00efque et de l&rsquo;iconique coquille du p\u00e8lerin, chaque \u00e9l\u00e9ment raconte l&rsquo;histoire des milliers de voyageurs qui ont parcouru ce chemin historique. Un guide avec un b\u00e2ton compl\u00e8te l&rsquo;illustration, symbolisant la pers\u00e9v\u00e9rance et l&rsquo;esprit de d\u00e9couverte qui caract\u00e9risent ceux qui entreprennent la route jacquaire.<\/p>\n<p>La texture brillante et les finitions de haute qualit\u00e9 de ce sous-verre assurent non seulement sa fonctionnalit\u00e9, mais en font \u00e9galement un souvenir exquis de la culture galicienne. Parfait pour ceux qui recherchent des souvenirs de voyage uniques, ce sous-verre est un moyen accessible et attrayant d&#8217;emporter un morceau de l&rsquo;essence de Saint-Jacques. Chez Ol\u00e9 Mosaic, nous sommes fiers d&rsquo;\u00eatre des distributeurs de souvenirs authentiques en gros, et cet article repr\u00e9sente notre engagement \u00e0 offrir des produits qui refl\u00e8tent le patrimoine culturel de l&rsquo;Espagne. Une option id\u00e9ale pour les boutiques de cadeaux touristiques souhaitant offrir \u00e0 leurs clients des souvenirs significatifs et de qualit\u00e9.<\/p>\n","protected":false},"excerpt":{"rendered":"<p>Sous-verre en c\u00e9ramique inspir\u00e9 du c\u00e9l\u00e8bre Chemin de Compostelle. Ce design vibrant pr\u00e9sente la majest\u00e9 de la cath\u00e9drale de Saint-Jacques-de-Compostelle, orn\u00e9e de couleurs chaudes et de d\u00e9tails en mosa\u00efque. Il inclut l&#8217;embl\u00e9matique coquille du p\u00e8lerin et un marcheur avec un b\u00e2ton, montrant des \u00e9l\u00e9ments caract\u00e9ristiques du trajet. Avec sa texture brillante et ses finitions de qualit\u00e9, ce sous-verre est non seulement fonctionnel, mais aussi un excellent souvenir de la riche culture galicienne.<\/p>\n","protected":false},"featured_media":9933,"template":"","meta":{"_acf_changed":false},"product_brand":[],"product_cat":[812],"product_tag":[585],"class_list":{"0":"post-32444","1":"product","2":"type-product","3":"status-publish","4":"has-post-thumbnail","6":"product_cat-sous-verres","7":"product_tag-ceramique","8":"pa_ciudad-santiago-de-compostela","9":"pa_pais-espana","11":"first","12":"instock","13":"shipping-taxable","14":"product-type-simple"},"acf":[],"_links":{"self":[{"href":"https:\/\/olemosaic.com\/fr\/wp-json\/wp\/v2\/product\/32444","targetHints":{"allow":["GET"]}}],"collection":[{"href":"https:\/\/olemosaic.com\/fr\/wp-json\/wp\/v2\/product"}],"about":[{"href":"https:\/\/olemosaic.com\/fr\/wp-json\/wp\/v2\/types\/product"}],"wp:featuredmedia":[{"embeddable":true,"href":"https:\/\/olemosaic.com\/fr\/wp-json\/wp\/v2\/media\/9933"}],"wp:attachment":[{"href":"https:\/\/olemosaic.com\/fr\/wp-json\/wp\/v2\/media?parent=32444"}],"wp:term":[{"taxonomy":"product_brand","embeddable":true,"href":"https:\/\/olemosaic.com\/fr\/wp-json\/wp\/v2\/product_brand?post=32444"},{"taxonomy":"product_cat","embeddable":true,"href":"https:\/\/olemosaic.com\/fr\/wp-json\/wp\/v2\/product_cat?post=32444"},{"taxonomy":"product_tag","embeddable":true,"href":"https:\/\/olemosaic.com\/fr\/wp-json\/wp\/v2\/product_tag?post=32444"}],"curies":[{"name":"wp","href":"https:\/\/api.w.org\/{rel}","templated":true}]}}