{"id":32443,"date":"2025-02-20T22:34:18","date_gmt":"2025-02-20T22:34:18","guid":{"rendered":"http:\/\/olemosaic.com\/producto\/posavasos-de-ceramica-camino-de-santiago\/"},"modified":"2025-07-25T18:49:26","modified_gmt":"2025-07-25T16:49:26","slug":"sous-verre-en-ceramique-chemin-de-compostelle","status":"publish","type":"product","link":"https:\/\/olemosaic.com\/fr\/produit\/sous-verre-en-ceramique-chemin-de-compostelle\/","title":{"rendered":"Sous-verre en c\u00e9ramique. Chemin de Compostelle."},"content":{"rendered":"<p>Ce sous-verre en c\u00e9ramique, inspir\u00e9 du Chemin de Compostelle, est une pi\u00e8ce color\u00e9e et vibrante qui capture l&rsquo;essence du c\u00e9l\u00e8bre p\u00e8lerinage espagnol. Il repr\u00e9sente avec ma\u00eetrise la majestueuse cath\u00e9drale de Saint-Jacques-de-Compostelle, avec ses tours embl\u00e9matiques et ses riches d\u00e9corations de style mosa\u00efque, se d\u00e9tachant dans des tons chauds et joyeux. L&rsquo;illustration montre \u00e9galement l&rsquo;ap\u00f4tre Saint-Jacques, distinctif du chemin, portant son b\u00e2ton et v\u00eatu de la cape traditionnelle, ce qui apporte une touche authentique \u00e0 l&rsquo;\u0153uvre. Autour de la cath\u00e9drale, des \u00e9l\u00e9ments iconiques sont inclus, tels que la coquille, symbole du p\u00e8lerin, et des fl\u00e8ches qui guident le marcheur, contribuant \u00e0 la connexion profonde avec l&rsquo;exp\u00e9rience du trajet. La forme ronde du sous-verre compl\u00e8te son design charmant, le rendant id\u00e9al pour n&rsquo;importe quelle table ou espace, et transformant un moment ordinaire en un souvenir de la riche histoire culturelle du Chemin de Compostelle. Ce souvenir n&rsquo;est pas seulement un objet fonctionnel, mais une v\u00e9ritable repr\u00e9sentation de la tradition et de la spiritualit\u00e9 qui entourent le chemin. Chez Ol\u00e9 Mosaic, nous proposons des souvenirs authentiques qui incarnent la tradition espagnole, ce qui en fait une excellente option pour les boutiques de cadeaux touristiques \u00e0 la recherche de produits ayant une valeur culturelle et esth\u00e9tique.<\/p>\n","protected":false},"excerpt":{"rendered":"<p>Sous-verre en c\u00e9ramique avec un design vibrant inspir\u00e9 du Chemin de Compostelle. Cette pi\u00e8ce pr\u00e9sente une illustration color\u00e9e de la majestueuse cath\u00e9drale de Saint-Jacques-de-Compostelle, mettant en valeur ses tours et ses \u00e9l\u00e9ments d\u00e9coratifs en mosa\u00efque. Entour\u00e9 de r\u00e9f\u00e9rences au chemin, comme une coquille et des fl\u00e8ches, sa forme ronde et ses couleurs joyeuses en font un souvenir attrayant. Id\u00e9al pour ajouter une touche culturelle \u00e0 n&rsquo;importe quelle table et se souvenir de la riche histoire du p\u00e8lerinage.<\/p>\n","protected":false},"featured_media":8716,"template":"","meta":{"_acf_changed":false},"product_brand":[],"product_cat":[812],"product_tag":[585],"class_list":{"0":"post-32443","1":"product","2":"type-product","3":"status-publish","4":"has-post-thumbnail","6":"product_cat-sous-verres","7":"product_tag-ceramique","8":"pa_ciudad-santiago-de-compostela","9":"pa_pais-espana","11":"first","12":"instock","13":"shipping-taxable","14":"product-type-simple"},"acf":[],"_links":{"self":[{"href":"https:\/\/olemosaic.com\/fr\/wp-json\/wp\/v2\/product\/32443","targetHints":{"allow":["GET"]}}],"collection":[{"href":"https:\/\/olemosaic.com\/fr\/wp-json\/wp\/v2\/product"}],"about":[{"href":"https:\/\/olemosaic.com\/fr\/wp-json\/wp\/v2\/types\/product"}],"wp:featuredmedia":[{"embeddable":true,"href":"https:\/\/olemosaic.com\/fr\/wp-json\/wp\/v2\/media\/8716"}],"wp:attachment":[{"href":"https:\/\/olemosaic.com\/fr\/wp-json\/wp\/v2\/media?parent=32443"}],"wp:term":[{"taxonomy":"product_brand","embeddable":true,"href":"https:\/\/olemosaic.com\/fr\/wp-json\/wp\/v2\/product_brand?post=32443"},{"taxonomy":"product_cat","embeddable":true,"href":"https:\/\/olemosaic.com\/fr\/wp-json\/wp\/v2\/product_cat?post=32443"},{"taxonomy":"product_tag","embeddable":true,"href":"https:\/\/olemosaic.com\/fr\/wp-json\/wp\/v2\/product_tag?post=32443"}],"curies":[{"name":"wp","href":"https:\/\/api.w.org\/{rel}","templated":true}]}}