{"id":32441,"date":"2025-02-20T22:34:18","date_gmt":"2025-02-20T22:34:18","guid":{"rendered":"http:\/\/olemosaic.com\/producto\/posavasos-de-ceramica-salamandra-y-flores\/"},"modified":"2025-07-25T18:48:35","modified_gmt":"2025-07-25T16:48:35","slug":"sous-verre-en-ceramique-salamandre-et-fleurs","status":"publish","type":"product","link":"https:\/\/olemosaic.com\/fr\/produit\/sous-verre-en-ceramique-salamandre-et-fleurs\/","title":{"rendered":"Sous-verre en c\u00e9ramique. Salamandre et fleurs."},"content":{"rendered":"<p>Ce sous-verre en c\u00e9ramique, d\u00e9cor\u00e9 d&rsquo;une salamandre vibrante et de fleurs de style mosa\u00efque, est un reflet parfait de la riche tradition m\u00e9diterran\u00e9enne. Son design color\u00e9 pr\u00e9sente une magnifique salamandre dans les tons verts, rouges et bleus, entour\u00e9e de fleurs jaunes et bleues \u00e9clatantes qui apportent une touche de fra\u00eecheur et de joie. La base blanche du sous-verre, associ\u00e9e \u00e0 une finition brillante, intensifie la vivacit\u00e9 des couleurs, en faisant un v\u00e9ritable spectacle visuel qui embellit n&rsquo;importe quelle table et espace.<\/p>\n<p>Ce sous-verre \u00e9l\u00e9gant et fonctionnel est id\u00e9al pour les amateurs de c\u00e9ramique artisanale et de d\u00e9tails d\u00e9coratifs, et repr\u00e9sente un souvenir authentique qui \u00e9voque le folklore des r\u00e9gions c\u00f4ti\u00e8res. La salamandre, symbole d&rsquo;adaptation et de renouveau, se connecte \u00e0 la biodiversit\u00e9 et \u00e0 la culture m\u00e9diterran\u00e9enne, faisant de cet article un beau souvenir pour ceux qui cherchent \u00e0 emporter un morceau de l&rsquo;h\u00e9ritage culturel de l&rsquo;Espagne ou du Portugal. Chez Ol\u00e9 Mosaic, nous proposons ce sous-verre en c\u00e9ramique dans le cadre de notre collection exclusive de souvenirs, garantissant authenticit\u00e9 et qualit\u00e9. C&rsquo;est le cadeau parfait pour les touristes \u00e0 la recherche d&rsquo;un produit repr\u00e9sentatif et fonctionnel, ce qui fait de ce sous-verre une excellente option pour les boutiques de cadeaux touristiques souhaitant offrir \u00e0 leurs clients une touche artistique et significative.<\/p>\n","protected":false},"excerpt":{"rendered":"<p>Sous-verre en c\u00e9ramique d\u00e9cor\u00e9 d&rsquo;une salamandre color\u00e9e et de fleurs, dans le style d&rsquo;une mosa\u00efque inspir\u00e9e de la tradition m\u00e9diterran\u00e9enne. Ce sous-verre \u00e9l\u00e9gant pr\u00e9sente une finition brillante et des d\u00e9tails vibrants dans les tons verts, rouges, jaunes et bleus, capturant l&rsquo;essence de la nature. Parfait pour ajouter une touche artistique et fonctionnelle \u00e0 n&rsquo;importe quelle table, il refl\u00e8te le folklore de la r\u00e9gion et est id\u00e9al pour les amateurs de c\u00e9ramique artisanale.<\/p>\n","protected":false},"featured_media":8139,"template":"","meta":{"_acf_changed":false},"product_brand":[],"product_cat":[812],"product_tag":[530,585],"class_list":{"0":"post-32441","1":"product","2":"type-product","3":"status-publish","4":"has-post-thumbnail","6":"product_cat-sous-verres","7":"product_tag-animaux","8":"product_tag-ceramique","9":"pa_motivo-salamandres","11":"first","12":"instock","13":"shipping-taxable","14":"product-type-simple"},"acf":[],"_links":{"self":[{"href":"https:\/\/olemosaic.com\/fr\/wp-json\/wp\/v2\/product\/32441","targetHints":{"allow":["GET"]}}],"collection":[{"href":"https:\/\/olemosaic.com\/fr\/wp-json\/wp\/v2\/product"}],"about":[{"href":"https:\/\/olemosaic.com\/fr\/wp-json\/wp\/v2\/types\/product"}],"wp:featuredmedia":[{"embeddable":true,"href":"https:\/\/olemosaic.com\/fr\/wp-json\/wp\/v2\/media\/8139"}],"wp:attachment":[{"href":"https:\/\/olemosaic.com\/fr\/wp-json\/wp\/v2\/media?parent=32441"}],"wp:term":[{"taxonomy":"product_brand","embeddable":true,"href":"https:\/\/olemosaic.com\/fr\/wp-json\/wp\/v2\/product_brand?post=32441"},{"taxonomy":"product_cat","embeddable":true,"href":"https:\/\/olemosaic.com\/fr\/wp-json\/wp\/v2\/product_cat?post=32441"},{"taxonomy":"product_tag","embeddable":true,"href":"https:\/\/olemosaic.com\/fr\/wp-json\/wp\/v2\/product_tag?post=32441"}],"curies":[{"name":"wp","href":"https:\/\/api.w.org\/{rel}","templated":true}]}}