{"id":32440,"date":"2025-02-20T22:34:18","date_gmt":"2025-02-20T22:34:18","guid":{"rendered":"http:\/\/olemosaic.com\/producto\/posavasos-de-ceramica-salamandra-y-flores-barcelona\/"},"modified":"2025-07-25T18:54:56","modified_gmt":"2025-07-25T16:54:56","slug":"sous-verre-en-ceramique-salamandre-et-fleurs-barcelone","status":"publish","type":"product","link":"https:\/\/olemosaic.com\/fr\/produit\/sous-verre-en-ceramique-salamandre-et-fleurs-barcelone\/","title":{"rendered":"Sous-verre en c\u00e9ramique. Salamandre et fleurs. Barcelone."},"content":{"rendered":"<p>Ce sous-verre en c\u00e9ramique, d\u00e9cor\u00e9 d&rsquo;une salamandre et de fleurs color\u00e9es, est une magnifique repr\u00e9sentation de l&rsquo;esth\u00e9tique vibrante de Barcelone. Avec un design inspir\u00e9 de la c\u00e9l\u00e8bre mosa\u00efque d&rsquo;Antoni Gaud\u00ed, cet accessoire \u00e9l\u00e9gant se distingue par son illustration dans les tons rouges, bleus et verts qui contrastent de mani\u00e8re exquise sur un fond blanc. De forme circulaire, le sous-verre pr\u00e9sente une salamandre de style mosa\u00efque, capturant l&rsquo;\u00e9nergie et le dynamisme de la cit\u00e9 comtale, entour\u00e9e de fleurs color\u00e9es qui apportent un air frais et joyeux.<\/p>\n<p>Le mot \u00ab\u00a0Barcelona\u00a0\u00bb, \u00e9l\u00e9gamment mis en avant, ajoute une touche locale et personnalis\u00e9e, transformant ce sous-verre non seulement en un objet fonctionnel, mais aussi en un charmant souvenir qui \u00e9voque la magie de la ville. Il est id\u00e9al pour prot\u00e9ger les surfaces, et son design pittoresque devient un \u00e9l\u00e9ment d\u00e9coratif attrayant dans n&rsquo;importe quel foyer. Parfait pour les touristes \u00e0 la recherche de souvenirs de Barcelone, son authenticit\u00e9 et sa connexion culturelle en font une excellente option pour ceux qui souhaitent emporter un morceau du riche h\u00e9ritage artistique de la ville.<\/p>\n<p>Chez Ol\u00e9 Mosaic, nous nous sp\u00e9cialisons dans la distribution en gros de souvenirs comme ce sous-verre en c\u00e9ramique, garantissant que nos clients trouvent toujours des produits de qualit\u00e9 et d&rsquo;une pertinence culturelle qui enchantent leurs acheteurs. Cette pi\u00e8ce est le compl\u00e9ment id\u00e9al pour les boutiques de cadeaux touristiques qui cherchent \u00e0 se d\u00e9marquer avec des articles authentiques et significatifs.<\/p>\n","protected":false},"excerpt":{"rendered":"<p>Sous-verre en c\u00e9ramique d\u00e9cor\u00e9 d&rsquo;une salamandre color\u00e9e et de fleurs, inspir\u00e9 de l&rsquo;esth\u00e9tique vibrante de Barcelone. Cet accessoire \u00e9l\u00e9gant pr\u00e9sente une illustration en mosa\u00efque, avec des tonalit\u00e9s rouges, bleues et vertes qui contrastent sur un fond blanc. Le mot \u00ab\u00a0Barcelona\u00a0\u00bb se distingue, ajoutant une touche locale. Id\u00e9al pour prot\u00e9ger les surfaces, son design pittoresque agit \u00e9galement comme un \u00e9l\u00e9ment d\u00e9coratif attrayant dans n&rsquo;importe quel foyer.<\/p>\n","protected":false},"featured_media":8136,"template":"","meta":{"_acf_changed":false},"product_brand":[],"product_cat":[812],"product_tag":[530,585],"class_list":{"0":"post-32440","1":"product","2":"type-product","3":"status-publish","4":"has-post-thumbnail","6":"product_cat-sous-verres","7":"product_tag-animaux","8":"product_tag-ceramique","9":"pa_ciudad-barcelona","10":"pa_motivo-salamandres","11":"pa_pais-espana","13":"first","14":"instock","15":"shipping-taxable","16":"product-type-simple"},"acf":[],"_links":{"self":[{"href":"https:\/\/olemosaic.com\/fr\/wp-json\/wp\/v2\/product\/32440","targetHints":{"allow":["GET"]}}],"collection":[{"href":"https:\/\/olemosaic.com\/fr\/wp-json\/wp\/v2\/product"}],"about":[{"href":"https:\/\/olemosaic.com\/fr\/wp-json\/wp\/v2\/types\/product"}],"wp:featuredmedia":[{"embeddable":true,"href":"https:\/\/olemosaic.com\/fr\/wp-json\/wp\/v2\/media\/8136"}],"wp:attachment":[{"href":"https:\/\/olemosaic.com\/fr\/wp-json\/wp\/v2\/media?parent=32440"}],"wp:term":[{"taxonomy":"product_brand","embeddable":true,"href":"https:\/\/olemosaic.com\/fr\/wp-json\/wp\/v2\/product_brand?post=32440"},{"taxonomy":"product_cat","embeddable":true,"href":"https:\/\/olemosaic.com\/fr\/wp-json\/wp\/v2\/product_cat?post=32440"},{"taxonomy":"product_tag","embeddable":true,"href":"https:\/\/olemosaic.com\/fr\/wp-json\/wp\/v2\/product_tag?post=32440"}],"curies":[{"name":"wp","href":"https:\/\/api.w.org\/{rel}","templated":true}]}}