{"id":32429,"date":"2025-02-20T22:34:18","date_gmt":"2025-02-20T22:34:18","guid":{"rendered":"http:\/\/olemosaic.com\/producto\/posavasos-de-ceramica-mosaico-barcelona\/"},"modified":"2025-07-25T19:48:37","modified_gmt":"2025-07-25T17:48:37","slug":"sous-verre-ceramique-mosaique-barcelone","status":"publish","type":"product","link":"https:\/\/olemosaic.com\/fr\/produit\/sous-verre-ceramique-mosaique-barcelone\/","title":{"rendered":"Sous-verre en c\u00e9ramique. Mosa\u00efque. Barcelone."},"content":{"rendered":"<p>Ce sous-verre en c\u00e9ramique, d\u00e9cor\u00e9 d&rsquo;une mosa\u00efque vibrante, rend hommage au riche h\u00e9ritage de Barcelone, capturant l&rsquo;essence de l&rsquo;art moderniste de la ville. Avec un design circulaire, il pr\u00e9sente une combinaison intrigante de motifs g\u00e9om\u00e9triques, tels que des formes florales, des \u00e9toiles et des motifs entrelac\u00e9s, dans une palette de couleurs intenses comprenant des tons bleus, rouges et jaunes. Chaque section de la mosa\u00efque t\u00e9moigne d&rsquo;une attention particuli\u00e8re aux d\u00e9tails, cr\u00e9ant une pi\u00e8ce visuellement attrayante, fonctionnelle et d\u00e9corative, parfaite pour ajouter une touche culturelle \u00e0 n&rsquo;importe quelle table. En bas, le mot \u00ab\u00a0Barcelona\u00a0\u00bb est \u00e9l\u00e9gamment imprim\u00e9, faisant de ce sous-verre un authentique souvenir qui c\u00e9l\u00e8bre l&rsquo;identit\u00e9 de la ville. Il est id\u00e9al tant pour les touristes \u00e0 la recherche de souvenirs repr\u00e9sentatifs que pour les boutiques de cadeaux souhaitant proposer des produits authentiques et de qualit\u00e9. Chez Ol\u00e9 Mosaic, nous sommes fiers d&rsquo;\u00eatre des distributeurs de souvenirs qui mettent en valeur la culture locale, et ce sous-verre en c\u00e9ramique est un exemple parfait de la mani\u00e8re de ramener un morceau de Barcelone chez soi.<\/p>\n","protected":false},"excerpt":{"rendered":"<p>Sous-verre en c\u00e9ramique d\u00e9cor\u00e9 d&rsquo;une mosa\u00efque vibrante rendant hommage au riche h\u00e9ritage de Barcelone. Ce sous-verre pr\u00e9sente de multiples motifs g\u00e9om\u00e9triques dans des tons bleu, rouge et jaune, capturant l&rsquo;essence de l&rsquo;art moderniste de la ville. Avec le mot \u00ab\u00a0Barcelona\u00a0\u00bb imprim\u00e9 en bas, c&rsquo;est un objet fonctionnel qui sert \u00e9galement de pi\u00e8ce d\u00e9corative, id\u00e9al pour apporter une touche culturelle \u00e0 n&rsquo;importe quelle table.<\/p>\n","protected":false},"featured_media":9111,"template":"","meta":{"_acf_changed":false},"product_brand":[],"product_cat":[812],"product_tag":[585],"class_list":{"0":"post-32429","1":"product","2":"type-product","3":"status-publish","4":"has-post-thumbnail","6":"product_cat-sous-verres","7":"product_tag-ceramique","8":"pa_ciudad-barcelona","9":"pa_motivo-mosaique","10":"pa_pais-espana","12":"first","13":"instock","14":"shipping-taxable","15":"product-type-simple"},"acf":[],"_links":{"self":[{"href":"https:\/\/olemosaic.com\/fr\/wp-json\/wp\/v2\/product\/32429","targetHints":{"allow":["GET"]}}],"collection":[{"href":"https:\/\/olemosaic.com\/fr\/wp-json\/wp\/v2\/product"}],"about":[{"href":"https:\/\/olemosaic.com\/fr\/wp-json\/wp\/v2\/types\/product"}],"wp:featuredmedia":[{"embeddable":true,"href":"https:\/\/olemosaic.com\/fr\/wp-json\/wp\/v2\/media\/9111"}],"wp:attachment":[{"href":"https:\/\/olemosaic.com\/fr\/wp-json\/wp\/v2\/media?parent=32429"}],"wp:term":[{"taxonomy":"product_brand","embeddable":true,"href":"https:\/\/olemosaic.com\/fr\/wp-json\/wp\/v2\/product_brand?post=32429"},{"taxonomy":"product_cat","embeddable":true,"href":"https:\/\/olemosaic.com\/fr\/wp-json\/wp\/v2\/product_cat?post=32429"},{"taxonomy":"product_tag","embeddable":true,"href":"https:\/\/olemosaic.com\/fr\/wp-json\/wp\/v2\/product_tag?post=32429"}],"curies":[{"name":"wp","href":"https:\/\/api.w.org\/{rel}","templated":true}]}}