{"id":32427,"date":"2025-02-20T23:34:17","date_gmt":"2025-02-20T22:34:17","guid":{"rendered":"http:\/\/olemosaic.com\/producto\/posavasos-de-ceramica-salamandra-2\/"},"modified":"2025-07-25T19:50:43","modified_gmt":"2025-07-25T17:50:43","slug":"sous-verre-ceramique-salamandre-2","status":"publish","type":"product","link":"https:\/\/olemosaic.com\/fr\/produit\/sous-verre-ceramique-salamandre-2\/","title":{"rendered":"Sous-verre en c\u00e9ramique. Salamandre."},"content":{"rendered":"<p>Ce sous-verre en c\u00e9ramique, d\u00e9cor\u00e9 de salamandres color\u00e9es, est un v\u00e9ritable hommage \u00e0 l&rsquo;art traditionnel de la r\u00e9gion, id\u00e9al pour les amateurs d&rsquo;artisanat espagnol. Chaque sous-verre pr\u00e9sente un design peint \u00e0 la main qui se distingue par sa palette de couleurs vibrantes, o\u00f9 des salamandres aux tons intenses de rouge, vert et bleu s&rsquo;entrelacent avec \u00e9l\u00e9gance sur un fond de mosa\u00efque gris. Cette mosa\u00efque non seulement embellit la pi\u00e8ce, mais est \u00e9galement orn\u00e9e de d\u00e9licates fleurs rouges, apportant une touche suppl\u00e9mentaire de fra\u00eecheur et de sophistication au design.<\/p>\n<p>Ce sous-verre, en plus d&rsquo;\u00eatre fonctionnel en prot\u00e9geant les surfaces des taches et des marques, devient un \u00e9l\u00e9ment d\u00e9coratif attrayant qui rehausse n&rsquo;importe quelle table. Chaque pi\u00e8ce est unique, reflet du d\u00e9vouement et du talent des artisans locaux, et symbolise le riche h\u00e9ritage culturel de la r\u00e9gion. Ce souvenir est le rappel parfait des traditions et de la diversit\u00e9 artistique de l&rsquo;Espagne, ce qui en fait une excellente option pour les touristes \u00e0 la recherche de pi\u00e8ces authentiques capturant l&rsquo;essence du lieu.<\/p>\n<p>Chez Ol\u00e9 Mosaic, nous nous sp\u00e9cialisons dans la distribution de souvenirs en gros, proposant des sous-verres en c\u00e9ramique comme celui-ci, qui allie art, fonctionnalit\u00e9 et culture. Ce sous-verre est le choix id\u00e9al pour les boutiques de cadeaux touristiques souhaitant offrir des articles exclusifs et pleins de sens.<\/p>\n","protected":false},"excerpt":{"rendered":"<p>Sous-verre en c\u00e9ramique d\u00e9cor\u00e9 de salamandres joyeuses inspir\u00e9es de l&rsquo;art traditionnel de la r\u00e9gion. Ce sous-verre attrayant pr\u00e9sente un design artisanal en c\u00e9ramique, peint \u00e0 la main, o\u00f9 des salamandres aux tons vibrants de rouge, vert et bleu s&rsquo;entrelacent sur un fond de mosa\u00efque gris, parsem\u00e9 de fleurs rouges. Id\u00e9al pour prot\u00e9ger les surfaces tout en ajoutant une touche artistique et culturelle \u00e0 n&rsquo;importe quelle table. Un souvenir parfait pour les amateurs d&rsquo;artisanat espagnol.<\/p>\n","protected":false},"featured_media":8669,"template":"","meta":{"_acf_changed":false},"product_brand":[],"product_cat":[812],"product_tag":[530,585],"class_list":{"0":"post-32427","1":"product","2":"type-product","3":"status-publish","4":"has-post-thumbnail","6":"product_cat-sous-verres","7":"product_tag-animaux","8":"product_tag-ceramique","9":"pa_motivo-salamandres","11":"first","12":"instock","13":"shipping-taxable","14":"product-type-simple"},"acf":[],"_links":{"self":[{"href":"https:\/\/olemosaic.com\/fr\/wp-json\/wp\/v2\/product\/32427","targetHints":{"allow":["GET"]}}],"collection":[{"href":"https:\/\/olemosaic.com\/fr\/wp-json\/wp\/v2\/product"}],"about":[{"href":"https:\/\/olemosaic.com\/fr\/wp-json\/wp\/v2\/types\/product"}],"wp:featuredmedia":[{"embeddable":true,"href":"https:\/\/olemosaic.com\/fr\/wp-json\/wp\/v2\/media\/8669"}],"wp:attachment":[{"href":"https:\/\/olemosaic.com\/fr\/wp-json\/wp\/v2\/media?parent=32427"}],"wp:term":[{"taxonomy":"product_brand","embeddable":true,"href":"https:\/\/olemosaic.com\/fr\/wp-json\/wp\/v2\/product_brand?post=32427"},{"taxonomy":"product_cat","embeddable":true,"href":"https:\/\/olemosaic.com\/fr\/wp-json\/wp\/v2\/product_cat?post=32427"},{"taxonomy":"product_tag","embeddable":true,"href":"https:\/\/olemosaic.com\/fr\/wp-json\/wp\/v2\/product_tag?post=32427"}],"curies":[{"name":"wp","href":"https:\/\/api.w.org\/{rel}","templated":true}]}}