{"id":32426,"date":"2025-02-20T22:34:17","date_gmt":"2025-02-20T22:34:17","guid":{"rendered":"http:\/\/olemosaic.com\/producto\/posavasos-de-ceramica-bailaora-tenerife\/"},"modified":"2025-07-25T18:58:08","modified_gmt":"2025-07-25T16:58:08","slug":"sous-verre-ceramique-danseuse-flamenco-tenerife","status":"publish","type":"product","link":"https:\/\/olemosaic.com\/fr\/produit\/sous-verre-ceramique-danseuse-flamenco-tenerife\/","title":{"rendered":"Sous-verre en c\u00e9ramique. Danseuse de flamenco. Tenerife."},"content":{"rendered":"<p>Ce sous-verre en c\u00e9ramique, orn\u00e9 d&rsquo;une illustration vibrante d&rsquo;une danseuse de flamenco, \u00e9voque le riche folklore de Tenerife, devenant un souvenir parfait des traditions canariennes. Le design montre une danseuse v\u00eatue d&rsquo;une robe pleine de d\u00e9tails multicolores, dont les tons vifs \u00e9voquent la joie et l&rsquo;esprit des f\u00eates typiques de l&rsquo;\u00eele. Entour\u00e9e de fleurs rouges exub\u00e9rantes, la figure centrale de la danseuse se d\u00e9tache dans un contexte festif et vibrant, avec une bordure rouge d\u00e9corative qui encadre le design et lui donne une touche d&rsquo;\u00e9l\u00e9gance.<\/p>\n<p>Ce sous-verre n&rsquo;est pas seulement un accessoire pratique pour prot\u00e9ger les surfaces de votre maison, mais il ajoute \u00e9galement un \u00e9l\u00e9ment artistique et culturel \u00e0 n&rsquo;importe quelle table. Fabriqu\u00e9 en c\u00e9ramique de haute qualit\u00e9, sa durabilit\u00e9 en fait un souvenir id\u00e9al pour les touristes et les amateurs d&rsquo;art folklorique. La connexion culturelle de cette pi\u00e8ce avec Tenerife r\u00e9side dans sa repr\u00e9sentation du flamenco, un art tr\u00e8s pr\u00e9sent dans les festivit\u00e9s locales, symbolisant l&rsquo;identit\u00e9 et la passion des \u00eeles Canaries.<\/p>\n<p>Chez Ol\u00e9 Mosaic, nous nous consacrons \u00e0 offrir des souvenirs authentiques qui capturent l&rsquo;essence du patrimoine culturel espagnol, et ce sous-verre de danseuse est une option exceptionnelle pour les boutiques de cadeaux touristiques \u00e0 la recherche de produits distinctifs. C&rsquo;est une excellente fa\u00e7on de ramener un morceau de la culture canarienne, id\u00e9al pour ceux qui recherchent des souvenirs authentiques et color\u00e9s de Tenerife.<\/p>\n","protected":false},"excerpt":{"rendered":"<p>Sous-verre en c\u00e9ramique avec une illustration vibrante d&rsquo;une danseuse de flamenco, \u00e9voquant le folklore de Tenerife. Le design pr\u00e9sente la danseuse avec une robe pleine de d\u00e9tails multicolores, entour\u00e9e de fleurs rouges, le tout encadr\u00e9 par une bordure d\u00e9corative rouge. Cet article fusionne des \u00e9l\u00e9ments typiques de la culture canarienne, devenant un souvenir id\u00e9al qui ajoute une touche artistique et culturelle \u00e0 n&rsquo;importe quelle table.<\/p>\n","protected":false},"featured_media":13817,"template":"","meta":{"_acf_changed":false},"product_brand":[],"product_cat":[812],"product_tag":[585],"class_list":{"0":"post-32426","1":"product","2":"type-product","3":"status-publish","4":"has-post-thumbnail","6":"product_cat-sous-verres","7":"product_tag-ceramique","8":"pa_ciudad-tenerife","9":"pa_motivo-danseurs","10":"pa_pais-espana","12":"first","13":"instock","14":"shipping-taxable","15":"product-type-simple"},"acf":[],"_links":{"self":[{"href":"https:\/\/olemosaic.com\/fr\/wp-json\/wp\/v2\/product\/32426","targetHints":{"allow":["GET"]}}],"collection":[{"href":"https:\/\/olemosaic.com\/fr\/wp-json\/wp\/v2\/product"}],"about":[{"href":"https:\/\/olemosaic.com\/fr\/wp-json\/wp\/v2\/types\/product"}],"wp:featuredmedia":[{"embeddable":true,"href":"https:\/\/olemosaic.com\/fr\/wp-json\/wp\/v2\/media\/13817"}],"wp:attachment":[{"href":"https:\/\/olemosaic.com\/fr\/wp-json\/wp\/v2\/media?parent=32426"}],"wp:term":[{"taxonomy":"product_brand","embeddable":true,"href":"https:\/\/olemosaic.com\/fr\/wp-json\/wp\/v2\/product_brand?post=32426"},{"taxonomy":"product_cat","embeddable":true,"href":"https:\/\/olemosaic.com\/fr\/wp-json\/wp\/v2\/product_cat?post=32426"},{"taxonomy":"product_tag","embeddable":true,"href":"https:\/\/olemosaic.com\/fr\/wp-json\/wp\/v2\/product_tag?post=32426"}],"curies":[{"name":"wp","href":"https:\/\/api.w.org\/{rel}","templated":true}]}}