{"id":32425,"date":"2025-02-20T23:34:17","date_gmt":"2025-02-20T22:34:17","guid":{"rendered":"http:\/\/olemosaic.com\/producto\/posavasos-de-ceramica-salamandra-mallorca-3\/"},"modified":"2025-07-25T20:34:42","modified_gmt":"2025-07-25T18:34:42","slug":"sous-verre-ceramique-salamandre-majorque-3","status":"publish","type":"product","link":"https:\/\/olemosaic.com\/fr\/produit\/sous-verre-ceramique-salamandre-majorque-3\/","title":{"rendered":"Sous-verre en c\u00e9ramique. Salamandre. \u00cele. Majorque."},"content":{"rendered":"<p>Ce sous-verre en c\u00e9ramique arrondi est une v\u00e9ritable repr\u00e9sentation de la faune vibrante de Majorque. D\u00e9cor\u00e9 d&rsquo;un design captivant de salamandres, cet article artisanal se distingue par son sch\u00e9ma de couleurs joyeux et vif. Les salamandres, dans des tons rouges, verts et bleus, se d\u00e9ploient avec gr\u00e2ce sur un fond de carreaux clairs, cr\u00e9ant un contraste visuel charmant qui attirera tous les regards. Entour\u00e9 de fleurs d\u00e9licates multicolores \u00e9voquant la riche biodiversit\u00e9 des \u00eeles Bal\u00e9ares, ce sous-verre est non seulement fonctionnel, mais sert \u00e9galement d&rsquo;\u00e9l\u00e9ment d\u00e9coratif \u00e9l\u00e9gant pour n&rsquo;importe quelle table.<\/p>\n<p>L&rsquo;inscription \u00ab\u00a0MALLORCA\u00a0\u00bb ajoute une touche distinctive, soulignant sa connexion culturelle avec l&rsquo;\u00eele et son authenticit\u00e9 en tant que souvenir. Ce sous-verre ne rappellera pas seulement aux touristes leur visite dans cette r\u00e9gion paradisiaque, mais constitue \u00e9galement un excellent cadeau pour ceux qui cherchent \u00e0 ramener un morceau de la beaut\u00e9 m\u00e9diterran\u00e9enne chez eux. Chez Ol\u00e9 Mosaic, nous nous sp\u00e9cialisons dans la distribution de souvenirs en gros, et ce sous-verre en c\u00e9ramique est un choix id\u00e9al pour les boutiques de cadeaux touristiques souhaitant proposer des produits uniques capturant l&rsquo;essence de Majorque. Avec son design attrayant et sa pertinence culturelle, c&rsquo;est un souvenir irr\u00e9sistible pour tout voyageur.<\/p>\n","protected":false},"excerpt":{"rendered":"<p>Sous-verres en c\u00e9ramique ronds, d\u00e9cor\u00e9s d&rsquo;un design vibrant de salamandres \u00e9voquant la riche faune de Majorque. Cet article artisanal pr\u00e9sente un sch\u00e9ma de couleurs joyeux, avec des salamandres dans des tons rouges, verts et bleus, entour\u00e9es de fleurs multicolores sur un fond de carreaux clairs. L&rsquo;inscription \u00ab\u00a0MALLORCA\u00a0\u00bb ajoute une touche distinctive, faisant de ce sous-verre un souvenir parfait du charme des Bal\u00e9ares. Id\u00e9al pour apporter une touche color\u00e9e \u00e0 n&rsquo;importe quelle table.<\/p>\n","protected":false},"featured_media":8964,"template":"","meta":{"_acf_changed":false},"product_brand":[],"product_cat":[812],"product_tag":[530,585],"class_list":{"0":"post-32425","1":"product","2":"type-product","3":"status-publish","4":"has-post-thumbnail","6":"product_cat-sous-verres","7":"product_tag-animaux","8":"product_tag-ceramique","9":"pa_ciudad-mallorca","10":"pa_motivo-salamandres","11":"pa_pais-espana","13":"first","14":"instock","15":"shipping-taxable","16":"product-type-simple"},"acf":[],"_links":{"self":[{"href":"https:\/\/olemosaic.com\/fr\/wp-json\/wp\/v2\/product\/32425","targetHints":{"allow":["GET"]}}],"collection":[{"href":"https:\/\/olemosaic.com\/fr\/wp-json\/wp\/v2\/product"}],"about":[{"href":"https:\/\/olemosaic.com\/fr\/wp-json\/wp\/v2\/types\/product"}],"wp:featuredmedia":[{"embeddable":true,"href":"https:\/\/olemosaic.com\/fr\/wp-json\/wp\/v2\/media\/8964"}],"wp:attachment":[{"href":"https:\/\/olemosaic.com\/fr\/wp-json\/wp\/v2\/media?parent=32425"}],"wp:term":[{"taxonomy":"product_brand","embeddable":true,"href":"https:\/\/olemosaic.com\/fr\/wp-json\/wp\/v2\/product_brand?post=32425"},{"taxonomy":"product_cat","embeddable":true,"href":"https:\/\/olemosaic.com\/fr\/wp-json\/wp\/v2\/product_cat?post=32425"},{"taxonomy":"product_tag","embeddable":true,"href":"https:\/\/olemosaic.com\/fr\/wp-json\/wp\/v2\/product_tag?post=32425"}],"curies":[{"name":"wp","href":"https:\/\/api.w.org\/{rel}","templated":true}]}}