{"id":32414,"date":"2025-02-20T22:34:17","date_gmt":"2025-02-20T22:34:17","guid":{"rendered":"http:\/\/olemosaic.com\/producto\/posavasos-de-ceramica-panoramica-sevilla\/"},"modified":"2025-07-25T18:54:57","modified_gmt":"2025-07-25T16:54:57","slug":"dessous-de-verre-ceramique-panoramique-seville","status":"publish","type":"product","link":"https:\/\/olemosaic.com\/fr\/produit\/dessous-de-verre-ceramique-panoramique-seville\/","title":{"rendered":"Dessous de verre en c\u00e9ramique. Panoramique. S\u00e9ville."},"content":{"rendered":"<p>Ce dessous de verre en c\u00e9ramique pr\u00e9sente une vue panoramique vibrante de S\u00e9ville, un souvenir embl\u00e9matique de la riche culture andalouse. Avec un design captivant, cet article pr\u00e9sente des illustrations d\u00e9taill\u00e9es de la c\u00e9l\u00e8bre Giralda et d&rsquo;autres monuments embl\u00e9matiques de la ville, orn\u00e9s d&rsquo;une belle mosa\u00efque de couleurs \u00e9voquant l&rsquo;esprit et la joie s\u00e9villane. Le mot \u00ab SEVILLA \u00bb est \u00e9l\u00e9gamment estampill\u00e9 sur la partie sup\u00e9rieure, entour\u00e9 de motifs ornementaux verts qui ajoutent une touche artistique et distinctive \u00e0 la pi\u00e8ce. Ce dessous de verre, en plus d&rsquo;\u00eatre fonctionnel, est une pi\u00e8ce d\u00e9corative attrayante qui rehausse n&rsquo;importe quelle table, devenant un excellent cadeau pour les amoureux de cette ville historique.<\/p>\n<p>Fabriqu\u00e9 en c\u00e9ramique de haute qualit\u00e9, ce dessous de verre est durable et l\u00e9ger, ce qui facilite son utilisation quotidienne. Son design color\u00e9 et d\u00e9taill\u00e9 capture l&rsquo;essence de l&rsquo;ambiance s\u00e9villane, en faisant un souvenir parfait pour les touristes et les visiteurs. Chez Ol\u00e9 Mosaic, nous sommes fiers d&rsquo;\u00eatre des distributeurs de souvenirs en gros, offrant des articles authentiques qui repr\u00e9sentent la culture espagnole. Ce dessous de verre de S\u00e9ville est id\u00e9al pour les boutiques de cadeaux touristiques cherchant \u00e0 proposer des produits authentiques et de qualit\u00e9 c\u00e9l\u00e9brant le riche h\u00e9ritage de l&rsquo;Espagne.<\/p>\n","protected":false},"excerpt":{"rendered":"<p>Dessous de verre en c\u00e9ramique avec une vue panoramique vibrante de S\u00e9ville. Cet article \u00e9l\u00e9gant pr\u00e9sente des illustrations d\u00e9taill\u00e9es de la c\u00e9l\u00e8bre Giralda et d&rsquo;autres monuments embl\u00e9matiques, orn\u00e9s d&rsquo;une mosa\u00efque de couleurs \u00e9voquant la riche culture andalouse. Le mot \u00ab SEVILLA \u00bb est estampill\u00e9 sur la partie sup\u00e9rieure, compl\u00e9t\u00e9 par des motifs ornementaux verts, ce qui lui donne une touche artistique et distinctive. Id\u00e9al pour ajouter du style \u00e0 n&rsquo;importe quelle table ou comme cadeau pour les amoureux de cette ville historique.<\/p>\n","protected":false},"featured_media":9489,"template":"","meta":{"_acf_changed":false},"product_brand":[],"product_cat":[812],"product_tag":[585],"class_list":{"0":"post-32414","1":"product","2":"type-product","3":"status-publish","4":"has-post-thumbnail","6":"product_cat-sous-verres","7":"product_tag-ceramique","8":"pa_ciudad-sevilla","9":"pa_motivo-panoramas","10":"pa_pais-espana","12":"first","13":"instock","14":"shipping-taxable","15":"product-type-simple"},"acf":[],"_links":{"self":[{"href":"https:\/\/olemosaic.com\/fr\/wp-json\/wp\/v2\/product\/32414","targetHints":{"allow":["GET"]}}],"collection":[{"href":"https:\/\/olemosaic.com\/fr\/wp-json\/wp\/v2\/product"}],"about":[{"href":"https:\/\/olemosaic.com\/fr\/wp-json\/wp\/v2\/types\/product"}],"wp:featuredmedia":[{"embeddable":true,"href":"https:\/\/olemosaic.com\/fr\/wp-json\/wp\/v2\/media\/9489"}],"wp:attachment":[{"href":"https:\/\/olemosaic.com\/fr\/wp-json\/wp\/v2\/media?parent=32414"}],"wp:term":[{"taxonomy":"product_brand","embeddable":true,"href":"https:\/\/olemosaic.com\/fr\/wp-json\/wp\/v2\/product_brand?post=32414"},{"taxonomy":"product_cat","embeddable":true,"href":"https:\/\/olemosaic.com\/fr\/wp-json\/wp\/v2\/product_cat?post=32414"},{"taxonomy":"product_tag","embeddable":true,"href":"https:\/\/olemosaic.com\/fr\/wp-json\/wp\/v2\/product_tag?post=32414"}],"curies":[{"name":"wp","href":"https:\/\/api.w.org\/{rel}","templated":true}]}}