{"id":32412,"date":"2025-02-20T23:34:16","date_gmt":"2025-02-20T22:34:16","guid":{"rendered":"http:\/\/olemosaic.com\/producto\/posavasos-de-ceramica-barcelona\/"},"modified":"2025-07-25T20:07:18","modified_gmt":"2025-07-25T18:07:18","slug":"dessous-de-verre-ceramique-barcelone","status":"publish","type":"product","link":"https:\/\/olemosaic.com\/fr\/produit\/dessous-de-verre-ceramique-barcelone\/","title":{"rendered":"Dessous de verre en c\u00e9ramique. Barcelone."},"content":{"rendered":"<p>Ce dessous de verre en c\u00e9ramique, inspir\u00e9 par la vibrante Barcelone, est une v\u00e9ritable \u0153uvre d&rsquo;art qui ajoute une touche d\u00e9corative \u00e0 n&rsquo;importe quelle table. Son design met en avant l&#8217;embl\u00e9matique Sagrada Familia, l&rsquo;une des merveilles architecturales d&rsquo;Antoni Gaud\u00ed, soulignant les d\u00e9tails distinctifs du monument et capturant la majest\u00e9 de ses tours et de ses formes complexes. La finition brillante refl\u00e8te les couleurs vives de la c\u00e9ramique, o\u00f9 pr\u00e9dominent les tons rouges, verts et bleus, harmonieusement dispos\u00e9s pour compl\u00e9ter la diversit\u00e9 artistique de la ville.<\/p>\n<p>Chaque pi\u00e8ce semble \u00eatre peinte \u00e0 la main, garantissant la singularit\u00e9 de chaque dessous de verre et son lien avec la riche culture catalane. L&rsquo;inclusion d&rsquo;\u00e9l\u00e9ments g\u00e9om\u00e9triques et des mosa\u00efques caract\u00e9ristiques qui ornent les \u0153uvres de Gaud\u00ed ne le rendent pas seulement fonctionnel, mais en font \u00e9galement un excellent souvenir qui c\u00e9l\u00e8bre l&rsquo;essence de Barcelone. Id\u00e9al pour les touristes \u00e0 la recherche de souvenirs authentiques, ce dessous de verre est, en plus d&rsquo;un objet pratique, un rappel embl\u00e9matique de leur visite dans la ville.<\/p>\n<p>Chez Ol\u00e9 Mosaic, nous nous engageons \u00e0 offrir des souvenirs de haute qualit\u00e9, et ce dessous de verre en c\u00e9ramique est une option parfaite pour les boutiques de cadeaux touristiques souhaitant int\u00e9grer des produits repr\u00e9sentatifs et color\u00e9s de Barcelone \u00e0 leur catalogue. En tant que grossistes de souvenirs, nous garantissons l&rsquo;authenticit\u00e9 et l&rsquo;artisanat de chaque article que nous distribuons.<\/p>\n","protected":false},"excerpt":{"rendered":"<p>Dessous de verre en c\u00e9ramique inspir\u00e9 par la vibrante Barcelone. Ce dessous de verre color\u00e9 pr\u00e9sente un design mettant en avant l&#8217;embl\u00e9matique Sagrada Familia et des motifs architecturaux de Gaud\u00ed, avec une finition brillante et des d\u00e9tails peints \u00e0 la main. Les couleurs vives, comme les rouges, verts et bleus, se combinent de mani\u00e8re harmonieuse, cr\u00e9ant une pi\u00e8ce d\u00e9corative et fonctionnelle qui capture l&rsquo;essence artistique de la ville. Id\u00e9al pour ajouter une touche de style \u00e0 n&rsquo;importe quelle table.<\/p>\n","protected":false},"featured_media":9518,"template":"","meta":{"_acf_changed":false},"product_brand":[],"product_cat":[812],"product_tag":[585],"class_list":{"0":"post-32412","1":"product","2":"type-product","3":"status-publish","4":"has-post-thumbnail","6":"product_cat-sous-verres","7":"product_tag-ceramique","8":"pa_ciudad-barcelona","9":"pa_pais-espana","11":"first","12":"instock","13":"shipping-taxable","14":"product-type-simple"},"acf":[],"_links":{"self":[{"href":"https:\/\/olemosaic.com\/fr\/wp-json\/wp\/v2\/product\/32412","targetHints":{"allow":["GET"]}}],"collection":[{"href":"https:\/\/olemosaic.com\/fr\/wp-json\/wp\/v2\/product"}],"about":[{"href":"https:\/\/olemosaic.com\/fr\/wp-json\/wp\/v2\/types\/product"}],"wp:featuredmedia":[{"embeddable":true,"href":"https:\/\/olemosaic.com\/fr\/wp-json\/wp\/v2\/media\/9518"}],"wp:attachment":[{"href":"https:\/\/olemosaic.com\/fr\/wp-json\/wp\/v2\/media?parent=32412"}],"wp:term":[{"taxonomy":"product_brand","embeddable":true,"href":"https:\/\/olemosaic.com\/fr\/wp-json\/wp\/v2\/product_brand?post=32412"},{"taxonomy":"product_cat","embeddable":true,"href":"https:\/\/olemosaic.com\/fr\/wp-json\/wp\/v2\/product_cat?post=32412"},{"taxonomy":"product_tag","embeddable":true,"href":"https:\/\/olemosaic.com\/fr\/wp-json\/wp\/v2\/product_tag?post=32412"}],"curies":[{"name":"wp","href":"https:\/\/api.w.org\/{rel}","templated":true}]}}