{"id":32411,"date":"2025-02-20T22:34:16","date_gmt":"2025-02-20T22:34:16","guid":{"rendered":"http:\/\/olemosaic.com\/producto\/posavasos-de-ceramica-flamencos-mallorca\/"},"modified":"2025-07-25T18:46:47","modified_gmt":"2025-07-25T16:46:47","slug":"dessous-de-verre-ceramique-flamants-roses-majorque","status":"publish","type":"product","link":"https:\/\/olemosaic.com\/fr\/produit\/dessous-de-verre-ceramique-flamants-roses-majorque\/","title":{"rendered":"Dessous de verre en c\u00e9ramique. Flamants roses. Majorque."},"content":{"rendered":"<p>Ce dessous de verre en c\u00e9ramique, inspir\u00e9 par la beaut\u00e9 de Majorque, est une pi\u00e8ce vibrante et artistique qui symbolise l&rsquo;essence de l&rsquo;\u00eele. Avec un design captivant pr\u00e9sentant deux flamants roses au centre, formant un c\u0153ur \u00e9mouvant, il se distingue par son fond bleu \u00e9voquant les eaux cristallines de la M\u00e9diterran\u00e9e. Les flamants roses, repr\u00e9sent\u00e9s dans des tons roses intenses, contrastent de mani\u00e8re spectaculaire avec le bleu, cr\u00e9ant une \u0153uvre qui n&rsquo;est pas seulement fonctionnelle, mais aussi un v\u00e9ritable hommage \u00e0 la nature.<\/p>\n<p>La technique de la mosa\u00efque utilis\u00e9e dans les d\u00e9tails du design souligne la cr\u00e9ativit\u00e9 et le talent artistique pr\u00e9sents dans chaque pi\u00e8ce. La disposition des flamants roses, entour\u00e9s d&rsquo;un motif d&rsquo;autres flamants en plein vol, apporte dynamisme et fra\u00eecheur \u00e0 n&rsquo;importe quelle table. Ce dessous de verre ne prot\u00e8ge pas seulement les surfaces, mais apporte \u00e9galement de la couleur et du style, devenant un souvenir parfait qui captera l&rsquo;attention des touristes comme des locaux.<\/p>\n<p>En acqu\u00e9rant ce dessous de verre en c\u00e9ramique typique de Majorque, les acheteurs obtiennent un objet d\u00e9coratif et un souvenir repr\u00e9sentatif de la riche culture et de la biodiversit\u00e9 de l&rsquo;\u00eele. Chez Ol\u00e9 Mosaic, en tant que grossistes de souvenirs authentiques, nous proposons ce produit exceptionnel, id\u00e9al pour les boutiques de cadeaux touristiques souhaitant offrir \u00e0 leurs clients une connexion authentique avec l&rsquo;environnement majorquin. Un cadeau parfait qui se distingue par sa pertinence culturelle et esth\u00e9tique.<\/p>\n","protected":false},"excerpt":{"rendered":"<p>Dessous de verre en c\u00e9ramique inspir\u00e9s par la beaut\u00e9 de Majorque, d\u00e9cor\u00e9s d&rsquo;un design vibrant de flamants roses. Au centre, deux flamants roses forment un c\u0153ur sur un fond bleu \u00e9voquant les eaux cristallines de l&rsquo;\u00eele. Les d\u00e9tails en rose et bleu, r\u00e9alis\u00e9s avec la technique de la mosa\u00efque, apportent une touche artistique et attrayante. Un souvenir parfait qui ajoute style et fra\u00eecheur \u00e0 n&rsquo;importe quelle table.<\/p>\n","protected":false},"featured_media":8969,"template":"","meta":{"_acf_changed":false},"product_brand":[],"product_cat":[812],"product_tag":[530,585],"class_list":{"0":"post-32411","1":"product","2":"type-product","3":"status-publish","4":"has-post-thumbnail","6":"product_cat-sous-verres","7":"product_tag-animaux","8":"product_tag-ceramique","9":"pa_ciudad-mallorca","10":"pa_motivo-flamants-roses","11":"pa_pais-espana","13":"first","14":"instock","15":"shipping-taxable","16":"product-type-simple"},"acf":[],"_links":{"self":[{"href":"https:\/\/olemosaic.com\/fr\/wp-json\/wp\/v2\/product\/32411","targetHints":{"allow":["GET"]}}],"collection":[{"href":"https:\/\/olemosaic.com\/fr\/wp-json\/wp\/v2\/product"}],"about":[{"href":"https:\/\/olemosaic.com\/fr\/wp-json\/wp\/v2\/types\/product"}],"wp:featuredmedia":[{"embeddable":true,"href":"https:\/\/olemosaic.com\/fr\/wp-json\/wp\/v2\/media\/8969"}],"wp:attachment":[{"href":"https:\/\/olemosaic.com\/fr\/wp-json\/wp\/v2\/media?parent=32411"}],"wp:term":[{"taxonomy":"product_brand","embeddable":true,"href":"https:\/\/olemosaic.com\/fr\/wp-json\/wp\/v2\/product_brand?post=32411"},{"taxonomy":"product_cat","embeddable":true,"href":"https:\/\/olemosaic.com\/fr\/wp-json\/wp\/v2\/product_cat?post=32411"},{"taxonomy":"product_tag","embeddable":true,"href":"https:\/\/olemosaic.com\/fr\/wp-json\/wp\/v2\/product_tag?post=32411"}],"curies":[{"name":"wp","href":"https:\/\/api.w.org\/{rel}","templated":true}]}}