{"id":32410,"date":"2025-02-20T23:34:16","date_gmt":"2025-02-20T22:34:16","guid":{"rendered":"http:\/\/olemosaic.com\/producto\/posavasos-de-ceramica-patio-2\/"},"modified":"2025-07-25T18:54:56","modified_gmt":"2025-07-25T16:54:56","slug":"dessous-de-verre-ceramique-patio-andalou","status":"publish","type":"product","link":"https:\/\/olemosaic.com\/fr\/produit\/dessous-de-verre-ceramique-patio-andalou\/","title":{"rendered":"Dessous de verre en c\u00e9ramique. Patio andalou."},"content":{"rendered":"<p>Ce dessous de verre en c\u00e9ramique, illustr\u00e9 d&rsquo;une sc\u00e8ne vibrante de danse flamenco, est un v\u00e9ritable hommage \u00e0 la culture andalouse. Cet accessoire color\u00e9 pr\u00e9sente un couple de danseurs dans un patio anim\u00e9, o\u00f9 la femme, v\u00eatue d&rsquo;une robe traditionnelle rouge \u00e0 pois blancs, rayonne de joie et de passion en dansant, tandis que l&rsquo;homme, avec un \u00e9l\u00e9gant chapeau \u00e0 larges bords, l&rsquo;accompagne dans sa danse. Le fond est orn\u00e9 d&rsquo;une charmante mosa\u00efque simulant le pavage des patios andalous embl\u00e9matiques, rehauss\u00e9e par des fleurs aux couleurs vives en pots, \u00e9voquant la beaut\u00e9 du printemps en Andalousie. Chaque d\u00e9tail est m\u00e9ticuleusement con\u00e7u pour capturer l&rsquo;essence d&rsquo;un moment festif, faisant de ce dessous de verre une pi\u00e8ce fonctionnelle et artistique qui enrichira n&rsquo;importe quelle table.<\/p>\n<p>Ce produit n&rsquo;est pas seulement un excellent souvenir d&rsquo;Andalousie, mais aussi un t\u00e9moignage de la riche tradition flamenca, un symbole du domaine culturel espagnol qui fascine les touristes du monde entier. Chez Ol\u00e9 Mosaic, notre sp\u00e9cialit\u00e9 est les souvenirs en c\u00e9ramique qui refl\u00e8tent l&rsquo;authenticit\u00e9 et l&rsquo;art de la tradition espagnole. Ce dessous de verre est id\u00e9al pour les boutiques de cadeaux touristiques \u00e0 la recherche d&rsquo;articles qui cr\u00e9ent un lien \u00e9motionnel avec les touristes et qui, \u00e0 leur tour, enrichissent le contexte culturel de leurs achats. En tant que grossistes en c\u00e9ramique, nous proposons des produits de qualit\u00e9 qui c\u00e9l\u00e8brent l&rsquo;h\u00e9ritage culturel de l&rsquo;Espagne, en faisant des souvenirs repr\u00e9sentatifs et m\u00e9morables.<\/p>\n","protected":false},"excerpt":{"rendered":"<p>Dessous de verre en c\u00e9ramique illustr\u00e9 d&rsquo;une sc\u00e8ne vibrante de danse flamenco dans un patio andalou. Ce dessous de verre color\u00e9 montre un couple de danseurs ; elle, avec une robe traditionnelle rouge \u00e0 pois blancs, et lui, avec un chapeau \u00e0 larges bords, l&rsquo;accompagnant dans la danse. D\u00e9cor\u00e9 de fleurs color\u00e9es en pots et d&rsquo;un fond en mosa\u00efque, cet article allie art et fonctionnalit\u00e9, ajoutant une touche culturelle \u00e0 n&rsquo;importe quelle table.<\/p>\n","protected":false},"featured_media":8145,"template":"","meta":{"_acf_changed":false},"product_brand":[],"product_cat":[812],"product_tag":[585],"class_list":{"0":"post-32410","1":"product","2":"type-product","3":"status-publish","4":"has-post-thumbnail","6":"product_cat-sous-verres","7":"product_tag-ceramique","8":"pa_motivo-cours-interieures","10":"first","11":"instock","12":"shipping-taxable","13":"product-type-simple"},"acf":[],"_links":{"self":[{"href":"https:\/\/olemosaic.com\/fr\/wp-json\/wp\/v2\/product\/32410","targetHints":{"allow":["GET"]}}],"collection":[{"href":"https:\/\/olemosaic.com\/fr\/wp-json\/wp\/v2\/product"}],"about":[{"href":"https:\/\/olemosaic.com\/fr\/wp-json\/wp\/v2\/types\/product"}],"wp:featuredmedia":[{"embeddable":true,"href":"https:\/\/olemosaic.com\/fr\/wp-json\/wp\/v2\/media\/8145"}],"wp:attachment":[{"href":"https:\/\/olemosaic.com\/fr\/wp-json\/wp\/v2\/media?parent=32410"}],"wp:term":[{"taxonomy":"product_brand","embeddable":true,"href":"https:\/\/olemosaic.com\/fr\/wp-json\/wp\/v2\/product_brand?post=32410"},{"taxonomy":"product_cat","embeddable":true,"href":"https:\/\/olemosaic.com\/fr\/wp-json\/wp\/v2\/product_cat?post=32410"},{"taxonomy":"product_tag","embeddable":true,"href":"https:\/\/olemosaic.com\/fr\/wp-json\/wp\/v2\/product_tag?post=32410"}],"curies":[{"name":"wp","href":"https:\/\/api.w.org\/{rel}","templated":true}]}}