{"id":32404,"date":"2025-02-20T22:34:16","date_gmt":"2025-02-20T22:34:16","guid":{"rendered":"http:\/\/olemosaic.com\/producto\/posavasos-de-ceramica-gato-mallorca\/"},"modified":"2025-07-25T19:22:25","modified_gmt":"2025-07-25T17:22:25","slug":"sous-verre-en-ceramique-chat-majorque","status":"publish","type":"product","link":"https:\/\/olemosaic.com\/fr\/produit\/sous-verre-en-ceramique-chat-majorque\/","title":{"rendered":"Sous-verre en c\u00e9ramique. Chat. Majorque."},"content":{"rendered":"<p>Ce sous-verre en c\u00e9ramique est une repr\u00e9sentation ensoleill\u00e9e de l&rsquo;esprit de Majorque, \u00e9voquant la joie et la beaut\u00e9 de l&rsquo;\u00eele. Avec un chat color\u00e9 comme protagoniste, cet article se distingue par son design vibrant et artistique, inspir\u00e9 de la vie quotidienne de la r\u00e9gion. Le chat, avec son pelage en mosa\u00efque dans des tons bleus, verts et oranges, est assis sur un fond de mosa\u00efque rappelant les rues et les places pleines de vie de Majorque. Autour de ce charmant f\u00e9lin, de petits papillons rouges et bleus ajoutent une touche de dynamisme, cr\u00e9ant une atmosph\u00e8re de fra\u00eecheur et de vitalit\u00e9.<\/p>\n<p>Le nom \u00ab\u00a0MALLORCA\u00a0\u00bb est \u00e9l\u00e9gamment imprim\u00e9 dans la partie inf\u00e9rieure, apportant une touche distinctive \u00e0 ce souvenir. Avec sa finition brillante, le sous-verre n&rsquo;est pas seulement fonctionnel, mais sert \u00e9galement de pi\u00e8ce d\u00e9corative qui ajoute une nuance artistique \u00e0 n&rsquo;importe quelle table. C&rsquo;est le souvenir id\u00e9al pour ceux qui souhaitent emporter un morceau de la culture majorquine chez eux, c\u00e9l\u00e9brant non seulement sa beaut\u00e9, mais aussi sa connexion avec la vie insulaire.<\/p>\n<p>Chez Ol\u00e9 Mosaic, nous sommes experts dans la distribution de souvenirs en gros, et ce sous-verre en c\u00e9ramique est une parfaite repr\u00e9sentation de l&rsquo;art et de la tradition de Majorque. Id\u00e9al pour les boutiques de cadeaux touristiques, cet article capture l&rsquo;essence de l&rsquo;\u00eele, offrant aux visiteurs un souvenir authentique et repr\u00e9sentatif qui leur rappellera toujours leur exp\u00e9rience dans ce paradis m\u00e9diterran\u00e9en. En tant que grossistes de souvenirs, nous garantissons la qualit\u00e9 et l&rsquo;authenticit\u00e9 de chaque produit que nous proposons.<\/p>\n","protected":false},"excerpt":{"rendered":"<p>Sous-verre en c\u00e9ramique au design vibrant d&rsquo;un chat inspir\u00e9 de la vie \u00e0 Majorque. Cet article attrayant pr\u00e9sente un fond de mosa\u00efque aux couleurs brillantes et des papillons, avec le nom \u00ab\u00a0MALLORCA\u00a0\u00bb imprim\u00e9 en bas. Avec une finition brillante et une technique de peinture qui fait ressortir les tons vifs, ce sous-verre est un souvenir parfait qui ajoute une touche artistique et joyeuse \u00e0 n&rsquo;importe quelle table.<\/p>\n","protected":false},"featured_media":8959,"template":"","meta":{"_acf_changed":false},"product_brand":[],"product_cat":[812],"product_tag":[530,585],"class_list":{"0":"post-32404","1":"product","2":"type-product","3":"status-publish","4":"has-post-thumbnail","6":"product_cat-sous-verres","7":"product_tag-animaux","8":"product_tag-ceramique","9":"pa_ciudad-mallorca","10":"pa_motivo-chats","11":"pa_pais-espana","13":"first","14":"instock","15":"shipping-taxable","16":"product-type-simple"},"acf":[],"_links":{"self":[{"href":"https:\/\/olemosaic.com\/fr\/wp-json\/wp\/v2\/product\/32404","targetHints":{"allow":["GET"]}}],"collection":[{"href":"https:\/\/olemosaic.com\/fr\/wp-json\/wp\/v2\/product"}],"about":[{"href":"https:\/\/olemosaic.com\/fr\/wp-json\/wp\/v2\/types\/product"}],"wp:featuredmedia":[{"embeddable":true,"href":"https:\/\/olemosaic.com\/fr\/wp-json\/wp\/v2\/media\/8959"}],"wp:attachment":[{"href":"https:\/\/olemosaic.com\/fr\/wp-json\/wp\/v2\/media?parent=32404"}],"wp:term":[{"taxonomy":"product_brand","embeddable":true,"href":"https:\/\/olemosaic.com\/fr\/wp-json\/wp\/v2\/product_brand?post=32404"},{"taxonomy":"product_cat","embeddable":true,"href":"https:\/\/olemosaic.com\/fr\/wp-json\/wp\/v2\/product_cat?post=32404"},{"taxonomy":"product_tag","embeddable":true,"href":"https:\/\/olemosaic.com\/fr\/wp-json\/wp\/v2\/product_tag?post=32404"}],"curies":[{"name":"wp","href":"https:\/\/api.w.org\/{rel}","templated":true}]}}