{"id":32403,"date":"2025-02-20T23:34:16","date_gmt":"2025-02-20T22:34:16","guid":{"rendered":"http:\/\/olemosaic.com\/producto\/posavasos-de-ceramica-mosaico-3\/"},"modified":"2025-07-25T19:27:28","modified_gmt":"2025-07-25T17:27:28","slug":"sous-verre-en-ceramique-mosaique-3","status":"publish","type":"product","link":"https:\/\/olemosaic.com\/fr\/produit\/sous-verre-en-ceramique-mosaique-3\/","title":{"rendered":"Sous-verre en c\u00e9ramique. Mosa\u00efque. Espagne."},"content":{"rendered":"<p>Ce sous-verre en c\u00e9ramique est une magnifique repr\u00e9sentation de la riche tradition du design d&rsquo;azulejos en Espagne, con\u00e7u pour \u00e9voquer le coloris et l&rsquo;\u00e9l\u00e9gance de la culture espagnole. D\u00e9cor\u00e9 d&rsquo;une mosa\u00efque vibrante, il pr\u00e9sente une vari\u00e9t\u00e9 fascinante de motifs g\u00e9om\u00e9triques dans des tons bleus, gris et des touches attrayantes de rouge et de jaune, cr\u00e9ant une composition visuellement captivante. Chaque d\u00e9tail a \u00e9t\u00e9 soigneusement \u00e9labor\u00e9, refl\u00e9tant l&rsquo;artisanat exceptionnel qui caract\u00e9rise les souvenirs en c\u00e9ramique de la r\u00e9gion. La c\u00e9ramique de haute qualit\u00e9 garantit non seulement sa durabilit\u00e9, mais sa finition lisse et r\u00e9sistante \u00e0 la chaleur en fait un compl\u00e9ment pratique pour n&rsquo;importe quelle table, prot\u00e9geant les surfaces des temp\u00e9ratures \u00e9lev\u00e9es et de l&rsquo;humidit\u00e9.<\/p>\n<p>Ce sous-verre est plus qu&rsquo;un simple objet d\u00e9coratif ; c&rsquo;est un souvenir culturel authentique qui incarne la beaut\u00e9 du patrimoine espagnol. Son design \u00e9voque les azulejos traditionnels qui ornent de nombreux b\u00e2timents historiques dans des villes comme S\u00e9ville et Grenade, connectant les touristes \u00e0 l&rsquo;histoire et \u00e0 la tradition locale. Chez Ol\u00e9 Mosaic, nous nous sp\u00e9cialisons dans la distribution de souvenirs en gros, offrant des pi\u00e8ces qui c\u00e9l\u00e8brent l&rsquo;essence de l&rsquo;Espagne. Cette option \u00e9l\u00e9gante est id\u00e9ale pour les boutiques de cadeaux touristiques qui recherchent des articles authentiques et culturellement significatifs. Avec ce sous-verre en c\u00e9ramique, les visiteurs peuvent emporter chez eux un morceau d&rsquo;Espagne, ajoutant une touche culturelle et color\u00e9e \u00e0 leur foyer.<\/p>\n","protected":false},"excerpt":{"rendered":"<p>Sous-verre en c\u00e9ramique d\u00e9cor\u00e9 d&rsquo;une mosa\u00efque vibrante \u00e9voquant la riche tradition du design d&rsquo;azulejos en Espagne. Ce sous-verre \u00e9l\u00e9gant pr\u00e9sente une vari\u00e9t\u00e9 de motifs g\u00e9om\u00e9triques dans des tons bleus et gris, avec des touches de rouge et de jaune, cr\u00e9ant une composition visuellement attrayante. La c\u00e9ramique de haute qualit\u00e9 garantit la durabilit\u00e9, tandis que sa finition lisse et r\u00e9sistante \u00e0 la chaleur en fait un compl\u00e9ment id\u00e9al pour n&rsquo;importe quelle table. Parfait pour ajouter une touche culturelle \u00e0 votre foyer.<\/p>\n","protected":false},"featured_media":7904,"template":"","meta":{"_acf_changed":false},"product_brand":[],"product_cat":[812],"product_tag":[585],"class_list":{"0":"post-32403","1":"product","2":"type-product","3":"status-publish","4":"has-post-thumbnail","6":"product_cat-sous-verres","7":"product_tag-ceramique","8":"pa_motivo-mosaique","10":"first","11":"instock","12":"shipping-taxable","13":"product-type-simple"},"acf":[],"_links":{"self":[{"href":"https:\/\/olemosaic.com\/fr\/wp-json\/wp\/v2\/product\/32403","targetHints":{"allow":["GET"]}}],"collection":[{"href":"https:\/\/olemosaic.com\/fr\/wp-json\/wp\/v2\/product"}],"about":[{"href":"https:\/\/olemosaic.com\/fr\/wp-json\/wp\/v2\/types\/product"}],"wp:featuredmedia":[{"embeddable":true,"href":"https:\/\/olemosaic.com\/fr\/wp-json\/wp\/v2\/media\/7904"}],"wp:attachment":[{"href":"https:\/\/olemosaic.com\/fr\/wp-json\/wp\/v2\/media?parent=32403"}],"wp:term":[{"taxonomy":"product_brand","embeddable":true,"href":"https:\/\/olemosaic.com\/fr\/wp-json\/wp\/v2\/product_brand?post=32403"},{"taxonomy":"product_cat","embeddable":true,"href":"https:\/\/olemosaic.com\/fr\/wp-json\/wp\/v2\/product_cat?post=32403"},{"taxonomy":"product_tag","embeddable":true,"href":"https:\/\/olemosaic.com\/fr\/wp-json\/wp\/v2\/product_tag?post=32403"}],"curies":[{"name":"wp","href":"https:\/\/api.w.org\/{rel}","templated":true}]}}