{"id":32401,"date":"2025-02-20T22:34:15","date_gmt":"2025-02-20T22:34:15","guid":{"rendered":"http:\/\/olemosaic.com\/producto\/posavasos-de-ceramica-sevilla\/"},"modified":"2025-07-25T19:41:19","modified_gmt":"2025-07-25T17:41:19","slug":"sous-verre-en-ceramique-seville","status":"publish","type":"product","link":"https:\/\/olemosaic.com\/fr\/produit\/sous-verre-en-ceramique-seville\/","title":{"rendered":"Sous-verre en c\u00e9ramique. S\u00e9ville."},"content":{"rendered":"<p>Ce sous-verre en c\u00e9ramique est une authentique repr\u00e9sentation de la beaut\u00e9 et de l&rsquo;histoire de S\u00e9ville, con\u00e7u pour capturer l&rsquo;essence de cette ville embl\u00e9matique d&rsquo;Andalousie. La pi\u00e8ce pr\u00e9sente une illustration vibrante et color\u00e9e mettant en valeur l&rsquo;iconique Plaza de Espa\u00f1a, entour\u00e9e d&rsquo;autres monuments embl\u00e9matiques qui \u00e9voquent la richesse culturelle de S\u00e9ville. Sa finition brillante fait ressortir les tons vifs, transformant ce sous-verre non seulement en un objet fonctionnel, mais aussi en un \u00e9l\u00e9ment d\u00e9coratif attrayant pour n&rsquo;importe quel foyer.<\/p>\n<p>Les d\u00e9tails artistiques, inspir\u00e9s des c\u00e9l\u00e8bres mosa\u00efques s\u00e9villanes, refl\u00e8tent la tradition artistique de la r\u00e9gion, faisant de ce produit le souvenir parfait pour ceux qui souhaitent emporter un morceau de S\u00e9ville. Le design inclut des \u00e9l\u00e9ments caract\u00e9ristiques tels que les tours de la Place et des d\u00e9tails floraux qui ornent l&rsquo;environnement, cr\u00e9ant une connexion visuelle imm\u00e9diate avec le patrimoine architectural de la ville. Ce sous-verre n&rsquo;est pas seulement utile pour prot\u00e9ger les surfaces, mais sert \u00e9galement de rappel vibrant des moments v\u00e9cus \u00e0 S\u00e9ville.<\/p>\n<p>Chez Ol\u00e9 Mosaic, nous nous sp\u00e9cialisons dans la distribution de souvenirs en c\u00e9ramique en gros, offrant des produits authentiques qui c\u00e9l\u00e8brent la culture locale. Ce sous-verre en c\u00e9ramique est id\u00e9al pour les boutiques de cadeaux touristiques qui recherchent des articles repr\u00e9sentatifs et uniques capturant l&rsquo;essence de S\u00e9ville, devenant le choix parfait pour ceux qui recherchent des souvenirs de grande qualit\u00e9 et valeur culturelle.<\/p>\n","protected":false},"excerpt":{"rendered":"<p>Sous-verre en c\u00e9ramique au design vibrant capturant l&rsquo;essence de S\u00e9ville. Cet objet d\u00e9coratif pr\u00e9sente une illustration color\u00e9e de l&rsquo;iconique Plaza de Espa\u00f1a et d&rsquo;autres monuments embl\u00e9matiques, entour\u00e9s de d\u00e9tails en mosa\u00efque \u00e9voquant la richesse culturelle de la ville. Les tons vifs et la finition brillante font de ce sous-verre un \u00e9l\u00e9ment fonctionnel et d\u00e9coratif, id\u00e9al pour se souvenir de la beaut\u00e9 de S\u00e9ville \u00e0 chaque utilisation.<\/p>\n","protected":false},"featured_media":9943,"template":"","meta":{"_acf_changed":false},"product_brand":[],"product_cat":[812],"product_tag":[585],"class_list":{"0":"post-32401","1":"product","2":"type-product","3":"status-publish","4":"has-post-thumbnail","6":"product_cat-sous-verres","7":"product_tag-ceramique","8":"pa_ciudad-sevilla","9":"pa_pais-espana","11":"first","12":"instock","13":"shipping-taxable","14":"product-type-simple"},"acf":[],"_links":{"self":[{"href":"https:\/\/olemosaic.com\/fr\/wp-json\/wp\/v2\/product\/32401","targetHints":{"allow":["GET"]}}],"collection":[{"href":"https:\/\/olemosaic.com\/fr\/wp-json\/wp\/v2\/product"}],"about":[{"href":"https:\/\/olemosaic.com\/fr\/wp-json\/wp\/v2\/types\/product"}],"wp:featuredmedia":[{"embeddable":true,"href":"https:\/\/olemosaic.com\/fr\/wp-json\/wp\/v2\/media\/9943"}],"wp:attachment":[{"href":"https:\/\/olemosaic.com\/fr\/wp-json\/wp\/v2\/media?parent=32401"}],"wp:term":[{"taxonomy":"product_brand","embeddable":true,"href":"https:\/\/olemosaic.com\/fr\/wp-json\/wp\/v2\/product_brand?post=32401"},{"taxonomy":"product_cat","embeddable":true,"href":"https:\/\/olemosaic.com\/fr\/wp-json\/wp\/v2\/product_cat?post=32401"},{"taxonomy":"product_tag","embeddable":true,"href":"https:\/\/olemosaic.com\/fr\/wp-json\/wp\/v2\/product_tag?post=32401"}],"curies":[{"name":"wp","href":"https:\/\/api.w.org\/{rel}","templated":true}]}}