{"id":32400,"date":"2025-02-20T23:34:15","date_gmt":"2025-02-20T22:34:15","guid":{"rendered":"http:\/\/olemosaic.com\/producto\/posavasos-de-ceramica-mosaico-2\/"},"modified":"2025-07-25T18:48:45","modified_gmt":"2025-07-25T16:48:45","slug":"sous-verre-en-ceramique-mosaique-2","status":"publish","type":"product","link":"https:\/\/olemosaic.com\/fr\/produit\/sous-verre-en-ceramique-mosaique-2\/","title":{"rendered":"Sous-verre en c\u00e9ramique. Mosa\u00efque. Portugal."},"content":{"rendered":"<p>Ce sous-verre en c\u00e9ramique est un v\u00e9ritable bijou, inspir\u00e9 des mosa\u00efques traditionnelles color\u00e9es du Portugal. De conception circulaire, chaque pi\u00e8ce pr\u00e9sente un motif vibrant combinant des formes g\u00e9om\u00e9triques et florales, avec une palette de couleurs comprenant des rouges, des bleus, des jaunes et des gris. Ces teintes ne rendent pas seulement le sous-verre visuellement attrayant, mais \u00e9voquent \u00e9galement le riche h\u00e9ritage culturel des azulejos portugais, connus dans le monde entier pour leur beaut\u00e9 et leur symbolisme.<\/p>\n<p>Peint \u00e0 la main, chaque sous-verre est unique, ce qui garantit son authenticit\u00e9 et en fait un excellent souvenir pour ceux qui souhaitent emporter un morceau de la tradition ib\u00e9rique. Cet article ne remplit pas seulement la fonction de prot\u00e9ger les surfaces, mais ajoute \u00e9galement une touche d\u00e9corative et artistique \u00e0 n&rsquo;importe quel environnement, \u00e9tant id\u00e9al pour la maison, les caf\u00e9s ou les restaurants.<\/p>\n<p>Chez Ol\u00e9 Mosaic, nous nous sp\u00e9cialisons dans la distribution de souvenirs en gros, et ces sous-verres en c\u00e9ramique sont une option parfaite pour les boutiques de cadeaux touristiques cherchant \u00e0 offrir des produits culturels et de qualit\u00e9. Avec son charme visuel et sa touche de folklore portugais, ce souvenir se distingue comme un incontournable pour les collectionneurs et les amoureux de l&rsquo;artisanat ib\u00e9rique.<\/p>\n","protected":false},"excerpt":{"rendered":"<p>Sous-verre en c\u00e9ramique au design attrayant, inspir\u00e9 des mosa\u00efques traditionnelles color\u00e9es du Portugal. Chaque sous-verre pr\u00e9sente un motif vibrant combinant des formes g\u00e9om\u00e9triques et florales, avec une palette de couleurs incluant le rouge, le bleu, le jaune et le gris. Cette pi\u00e8ce, en plus de prot\u00e9ger les surfaces, ajoute une touche d\u00e9corative \u00e0 n&rsquo;importe quel environnement, \u00e9voquant le riche h\u00e9ritage culturel gr\u00e2ce \u00e0 sa conception artisanale, peinte \u00e0 la main. Id\u00e9al pour les collectionneurs et les amoureux du folklore ib\u00e9rique.<\/p>\n","protected":false},"featured_media":7903,"template":"","meta":{"_acf_changed":false},"product_brand":[],"product_cat":[812],"product_tag":[585],"class_list":{"0":"post-32400","1":"product","2":"type-product","3":"status-publish","4":"has-post-thumbnail","6":"product_cat-sous-verres","7":"product_tag-ceramique","8":"pa_motivo-mosaique","10":"first","11":"instock","12":"shipping-taxable","13":"product-type-simple"},"acf":[],"_links":{"self":[{"href":"https:\/\/olemosaic.com\/fr\/wp-json\/wp\/v2\/product\/32400","targetHints":{"allow":["GET"]}}],"collection":[{"href":"https:\/\/olemosaic.com\/fr\/wp-json\/wp\/v2\/product"}],"about":[{"href":"https:\/\/olemosaic.com\/fr\/wp-json\/wp\/v2\/types\/product"}],"wp:featuredmedia":[{"embeddable":true,"href":"https:\/\/olemosaic.com\/fr\/wp-json\/wp\/v2\/media\/7903"}],"wp:attachment":[{"href":"https:\/\/olemosaic.com\/fr\/wp-json\/wp\/v2\/media?parent=32400"}],"wp:term":[{"taxonomy":"product_brand","embeddable":true,"href":"https:\/\/olemosaic.com\/fr\/wp-json\/wp\/v2\/product_brand?post=32400"},{"taxonomy":"product_cat","embeddable":true,"href":"https:\/\/olemosaic.com\/fr\/wp-json\/wp\/v2\/product_cat?post=32400"},{"taxonomy":"product_tag","embeddable":true,"href":"https:\/\/olemosaic.com\/fr\/wp-json\/wp\/v2\/product_tag?post=32400"}],"curies":[{"name":"wp","href":"https:\/\/api.w.org\/{rel}","templated":true}]}}