{"id":32378,"date":"2025-02-20T22:34:15","date_gmt":"2025-02-20T22:34:15","guid":{"rendered":"http:\/\/olemosaic.com\/producto\/posavasos-de-ceramica-punt-de-trobada-barcelona\/"},"modified":"2025-07-25T19:29:05","modified_gmt":"2025-07-25T17:29:05","slug":"sous-verre-ceramique-punt-de-trobada-barcelone","status":"publish","type":"product","link":"https:\/\/olemosaic.com\/fr\/produit\/sous-verre-ceramique-punt-de-trobada-barcelone\/","title":{"rendered":"Sous-verre en c\u00e9ramique. Punt de trobada. Barcelone."},"content":{"rendered":"<p>Ce sous-verre en c\u00e9ramique est un souvenir vibrant et artistique de Barcelone, inspir\u00e9 du c\u00e9l\u00e8bre style de l&rsquo;artiste Joan Mir\u00f3. Avec un design abstrait jouant sur des tons intenses de rouge, jaune et bleu sur un fond blanc, ce sous-verre n&rsquo;est pas seulement fonctionnel, il agit \u00e9galement comme une v\u00e9ritable pi\u00e8ce d\u00e9corative. Son illustration capture l&rsquo;essence cr\u00e9ative et le caract\u00e8re boh\u00e8me de la ville, \u00e9voquant les mosa\u00efques color\u00e9es qui ornent les parcs et les rues de Barcelone.<\/p>\n<p>Le sous-verre pr\u00e9sente une mosa\u00efque d\u00e9taill\u00e9e avec un style rappelant les \u0153uvres de Mir\u00f3, o\u00f9 la spontan\u00e9it\u00e9 du trait et les couleurs vibrantes fusionnent pour raconter une histoire d&rsquo;art et de culture. Les formes organiques et les motifs g\u00e9om\u00e9triques s&rsquo;entrelacent, tandis que le nom \u00ab\u00a0Barcelone\u00a0\u00bb appara\u00eet en haut, rappelant aux touristes le lien sp\u00e9cial entre la ville et son h\u00e9ritage artistique.<\/p>\n<p>En tant qu&rsquo;authentique souvenir en c\u00e9ramique, ce sous-verre est id\u00e9al pour ceux qui recherchent un morceau de Barcelone refl\u00e9tant sa riche tradition culturelle et son esprit innovant. Chez Ol\u00e9 Mosaic, nous sommes des grossistes en souvenirs de c\u00e9ramique garantissant qualit\u00e9 et authenticit\u00e9, proposant des produits qui c\u00e9l\u00e8brent la cr\u00e9ativit\u00e9 et la diversit\u00e9 culturelle. Ce sous-verre est un excellent ajout pour les boutiques de cadeaux touristiques souhaitant offrir des souvenirs uniques et repr\u00e9sentatifs.<\/p>\n","protected":false},"excerpt":{"rendered":"<p>Sous-verre en c\u00e9ramique d\u00e9cor\u00e9 d&rsquo;une mosa\u00efque color\u00e9e inspir\u00e9e du c\u00e9l\u00e8bre artiste Joan Mir\u00f3 et de l&rsquo;esprit de Barcelone. Il pr\u00e9sente un design abstrait combinant des tons vibrants de rouge, jaune et bleu sur un fond blanc avec des d\u00e9tails noirs, \u00e9voquant la cr\u00e9ativit\u00e9 et le caract\u00e8re artistique de la ville. Ce sous-verre est une pi\u00e8ce fonctionnelle et d\u00e9corative, parfaite pour ajouter une touche d&rsquo;art \u00e0 n&rsquo;importe quelle table.<\/p>\n","protected":false},"featured_media":9135,"template":"","meta":{"_acf_changed":false},"product_brand":[],"product_cat":[812],"product_tag":[585],"class_list":{"0":"post-32378","1":"product","2":"type-product","3":"status-publish","4":"has-post-thumbnail","6":"product_cat-sous-verres","7":"product_tag-ceramique","8":"pa_ciudad-barcelona","9":"pa_motivo-punt-de-trobada","10":"pa_pais-espana","12":"first","13":"instock","14":"shipping-taxable","15":"product-type-simple"},"acf":[],"_links":{"self":[{"href":"https:\/\/olemosaic.com\/fr\/wp-json\/wp\/v2\/product\/32378","targetHints":{"allow":["GET"]}}],"collection":[{"href":"https:\/\/olemosaic.com\/fr\/wp-json\/wp\/v2\/product"}],"about":[{"href":"https:\/\/olemosaic.com\/fr\/wp-json\/wp\/v2\/types\/product"}],"wp:featuredmedia":[{"embeddable":true,"href":"https:\/\/olemosaic.com\/fr\/wp-json\/wp\/v2\/media\/9135"}],"wp:attachment":[{"href":"https:\/\/olemosaic.com\/fr\/wp-json\/wp\/v2\/media?parent=32378"}],"wp:term":[{"taxonomy":"product_brand","embeddable":true,"href":"https:\/\/olemosaic.com\/fr\/wp-json\/wp\/v2\/product_brand?post=32378"},{"taxonomy":"product_cat","embeddable":true,"href":"https:\/\/olemosaic.com\/fr\/wp-json\/wp\/v2\/product_cat?post=32378"},{"taxonomy":"product_tag","embeddable":true,"href":"https:\/\/olemosaic.com\/fr\/wp-json\/wp\/v2\/product_tag?post=32378"}],"curies":[{"name":"wp","href":"https:\/\/api.w.org\/{rel}","templated":true}]}}