{"id":32374,"date":"2025-02-20T23:34:14","date_gmt":"2025-02-20T22:34:14","guid":{"rendered":"http:\/\/olemosaic.com\/producto\/posavasos-de-ceramica-bailaora-mallorca-2\/"},"modified":"2025-07-25T19:02:06","modified_gmt":"2025-07-25T17:02:06","slug":"sous-verre-en-ceramique-danseuse-majorque-2","status":"publish","type":"product","link":"https:\/\/olemosaic.com\/fr\/produit\/sous-verre-en-ceramique-danseuse-majorque-2\/","title":{"rendered":"Sous-verre en c\u00e9ramique. Danseuse. \u00cele. Majorque."},"content":{"rendered":"<p>Ce sous-verre d\u00e9coratif en c\u00e9ramique est une c\u00e9l\u00e9bration vibrante du folklore majorquin, parfait pour ajouter une touche de tradition espagnole \u00e0 n&rsquo;importe quelle table. Le design pr\u00e9sente une danseuse de flamenco captivante, v\u00eatue d&rsquo;un costume color\u00e9 qui se distingue par sa vari\u00e9t\u00e9 de tons bleus, rouges et jaunes, capturant l&rsquo;essence de la danse et sa connexion avec la culture espagnole. Entour\u00e9e de fleurs rouges qui contrastent ing\u00e9nieusement avec le fond blanc, cette pi\u00e8ce n&rsquo;est pas seulement visuellement attrayante, mais \u00e9voque \u00e9galement le riche h\u00e9ritage artistique des \u00eeles Bal\u00e9ares.<\/p>\n<p>Le bord du sous-verre est orn\u00e9 de motifs rouges rappelant les \u00e9l\u00e9ments d\u00e9coratifs typiques de la r\u00e9gion, ce qui souligne son authenticit\u00e9 en tant que souvenir de Majorque. Fabriqu\u00e9 \u00e0 la main avec soin, chaque sous-verre est une \u0153uvre d&rsquo;art en soi, et sa fonctionnalit\u00e9 ne diminue en rien sa beaut\u00e9 : il est parfait pour prot\u00e9ger les surfaces tout en ajoutant une touche artistique \u00e0 votre foyer.<\/p>\n<p>Chez Ol\u00e9 Mosaic, nous nous consacrons \u00e0 offrir des souvenirs de qualit\u00e9 en gros, et ce sous-verre en c\u00e9ramique se distingue comme une option id\u00e9ale pour les boutiques de cadeaux touristiques recherchant des produits authentiques et repr\u00e9sentatifs de la culture locale. En choisissant ce sous-verre, les touristes peuvent emporter chez eux un fragment de la magie de Majorque, en faisant un merveilleux souvenir qu&rsquo;ils ch\u00e9riront pour toujours.<\/p>\n","protected":false},"excerpt":{"rendered":"<p>Sous-verre d\u00e9coratif en c\u00e9ramique, inspir\u00e9 du folklore majorquin. Ce design vibrant pr\u00e9sente une danseuse de flamenco, v\u00eatue d&rsquo;un costume color\u00e9 rempli de d\u00e9tails dans des tons bleus, rouges et jaunes. Entour\u00e9e de fleurs rouges sur un fond blanc, la pi\u00e8ce int\u00e8gre un bord rouge avec des motifs \u00e9voquant la culture bal\u00e9are. Id\u00e9al pour ajouter une touche de tradition espagnole \u00e0 n&rsquo;importe quelle table, alliant art et fonctionnalit\u00e9.<\/p>\n","protected":false},"featured_media":13816,"template":"","meta":{"_acf_changed":false},"product_brand":[],"product_cat":[812],"product_tag":[585],"class_list":{"0":"post-32374","1":"product","2":"type-product","3":"status-publish","4":"has-post-thumbnail","6":"product_cat-sous-verres","7":"product_tag-ceramique","8":"pa_ciudad-mallorca","9":"pa_motivo-danseurs","10":"pa_pais-espana","12":"first","13":"instock","14":"shipping-taxable","15":"product-type-simple"},"acf":[],"_links":{"self":[{"href":"https:\/\/olemosaic.com\/fr\/wp-json\/wp\/v2\/product\/32374","targetHints":{"allow":["GET"]}}],"collection":[{"href":"https:\/\/olemosaic.com\/fr\/wp-json\/wp\/v2\/product"}],"about":[{"href":"https:\/\/olemosaic.com\/fr\/wp-json\/wp\/v2\/types\/product"}],"wp:featuredmedia":[{"embeddable":true,"href":"https:\/\/olemosaic.com\/fr\/wp-json\/wp\/v2\/media\/13816"}],"wp:attachment":[{"href":"https:\/\/olemosaic.com\/fr\/wp-json\/wp\/v2\/media?parent=32374"}],"wp:term":[{"taxonomy":"product_brand","embeddable":true,"href":"https:\/\/olemosaic.com\/fr\/wp-json\/wp\/v2\/product_brand?post=32374"},{"taxonomy":"product_cat","embeddable":true,"href":"https:\/\/olemosaic.com\/fr\/wp-json\/wp\/v2\/product_cat?post=32374"},{"taxonomy":"product_tag","embeddable":true,"href":"https:\/\/olemosaic.com\/fr\/wp-json\/wp\/v2\/product_tag?post=32374"}],"curies":[{"name":"wp","href":"https:\/\/api.w.org\/{rel}","templated":true}]}}