{"id":32373,"date":"2025-02-20T22:34:14","date_gmt":"2025-02-20T22:34:14","guid":{"rendered":"http:\/\/olemosaic.com\/producto\/posavasos-de-ceramica-flores-mallorca\/"},"modified":"2025-07-25T18:48:40","modified_gmt":"2025-07-25T16:48:40","slug":"sous-verre-en-ceramique-fleurs-majorque","status":"publish","type":"product","link":"https:\/\/olemosaic.com\/fr\/produit\/sous-verre-en-ceramique-fleurs-majorque\/","title":{"rendered":"Sous-verre en c\u00e9ramique. Fleurs. Majorque."},"content":{"rendered":"<p>Ce sous-verre d\u00e9coratif en c\u00e9ramique est un bijou inspir\u00e9 par la beaut\u00e9 naturelle de Majorque, id\u00e9al pour ceux qui recherchent un souvenir unique des \u00eeles Bal\u00e9ares. Il pr\u00e9sente un design de mosa\u00efque vibrant combinant des nuances captivantes de rouge, jaune, bleu et noir, \u00e9voquant l&rsquo;essence du folklore majorquin. Les motifs floraux sont m\u00e9ticuleusement \u00e9labor\u00e9s, soulignant sa finition brillante et la technique de peinture d\u00e9taill\u00e9e qui caract\u00e9rise ce produit. Cela en fait non seulement un accessoire fonctionnel, mais aussi une pi\u00e8ce artistique qui \u00e9gaye n&rsquo;importe quelle table.<\/p>\n<p>La c\u00e9ramique marron de haute qualit\u00e9 qui compose ce sous-verre assure sa durabilit\u00e9, tandis que son design color\u00e9 ajoute une touche de joie et de sophistication \u00e0 n&rsquo;importe quel environnement. Ce souvenir est parfait pour ceux qui souhaitent personnaliser leur foyer, mais c&rsquo;est aussi un excellent cadeau pour les amis et la famille, offrant un morceau de la culture majorquine \u00e0 chaque utilisation. Chez Ol\u00e9 Mosaic, nous sommes des distributeurs de souvenirs en gros, et ce sous-verre en c\u00e9ramique est un excellent choix pour les boutiques de cadeaux touristiques recherchant authenticit\u00e9 et beaut\u00e9 dans leurs produits. Avec ce sous-verre de fleurs de Majorque, vos clients pourront emporter un souvenir inoubliable de leur visite aux \u00eeles Bal\u00e9ares.<\/p>\n","protected":false},"excerpt":{"rendered":"<p>Sous-verre en c\u00e9ramique avec un design vibrant inspir\u00e9 des fleurs de Majorque. Ce sous-verre pr\u00e9sente une mosa\u00efque color\u00e9e combinant des tons rouges, jaunes, bleus et noirs, \u00e9voquant l&rsquo;essence du folklore bal\u00e9are. D\u00e9cor\u00e9 de motifs floraux, il se distingue par sa finition brillante et sa technique de peinture d\u00e9taill\u00e9e, offrant une pi\u00e8ce fonctionnelle et artistique. Id\u00e9al pour personnaliser votre table et emporter un morceau de Majorque chez vous.<\/p>\n","protected":false},"featured_media":9087,"template":"","meta":{"_acf_changed":false},"product_brand":[],"product_cat":[812],"product_tag":[585],"class_list":{"0":"post-32373","1":"product","2":"type-product","3":"status-publish","4":"has-post-thumbnail","6":"product_cat-sous-verres","7":"product_tag-ceramique","8":"pa_ciudad-mallorca","9":"pa_motivo-fleurs","10":"pa_pais-espana","12":"first","13":"instock","14":"shipping-taxable","15":"product-type-simple"},"acf":[],"_links":{"self":[{"href":"https:\/\/olemosaic.com\/fr\/wp-json\/wp\/v2\/product\/32373","targetHints":{"allow":["GET"]}}],"collection":[{"href":"https:\/\/olemosaic.com\/fr\/wp-json\/wp\/v2\/product"}],"about":[{"href":"https:\/\/olemosaic.com\/fr\/wp-json\/wp\/v2\/types\/product"}],"wp:featuredmedia":[{"embeddable":true,"href":"https:\/\/olemosaic.com\/fr\/wp-json\/wp\/v2\/media\/9087"}],"wp:attachment":[{"href":"https:\/\/olemosaic.com\/fr\/wp-json\/wp\/v2\/media?parent=32373"}],"wp:term":[{"taxonomy":"product_brand","embeddable":true,"href":"https:\/\/olemosaic.com\/fr\/wp-json\/wp\/v2\/product_brand?post=32373"},{"taxonomy":"product_cat","embeddable":true,"href":"https:\/\/olemosaic.com\/fr\/wp-json\/wp\/v2\/product_cat?post=32373"},{"taxonomy":"product_tag","embeddable":true,"href":"https:\/\/olemosaic.com\/fr\/wp-json\/wp\/v2\/product_tag?post=32373"}],"curies":[{"name":"wp","href":"https:\/\/api.w.org\/{rel}","templated":true}]}}