{"id":32370,"date":"2025-02-20T22:34:13","date_gmt":"2025-02-20T22:34:13","guid":{"rendered":"http:\/\/olemosaic.com\/producto\/posavasos-de-ceramica-flores\/"},"modified":"2025-07-25T18:48:40","modified_gmt":"2025-07-25T16:48:40","slug":"sous-verre-en-ceramique-fleurs","status":"publish","type":"product","link":"https:\/\/olemosaic.com\/fr\/produit\/sous-verre-en-ceramique-fleurs\/","title":{"rendered":"Sous-verre en c\u00e9ramique. Fleurs."},"content":{"rendered":"<p>Ce sous-verre en c\u00e9ramique d\u00e9cor\u00e9 est un hommage vibrant \u00e0 la riche tradition artistique du sud de l&rsquo;Espagne. Avec un design color\u00e9 qui d\u00e9ploie une splendide vari\u00e9t\u00e9 de fleurs dans des tons rouges, jaunes, bleus et noirs, cet article n&rsquo;est pas seulement fonctionnel, mais agit \u00e9galement comme un charmant \u00e9l\u00e9ment d\u00e9coratif qui \u00e9gayera n&rsquo;importe quelle table. La technique artisanale utilis\u00e9e pour sa fabrication garantit une finition de haute qualit\u00e9, soulignant la singularit\u00e9 et le d\u00e9tail de chaque motif floral. Les formes arrondies du sous-verre, associ\u00e9es aux couleurs intenses qui brillent ensemble, \u00e9voquent les mosa\u00efques typiques de la r\u00e9gion andalouse, apportant un morceau de la vibrante culture espagnole dans votre foyer.<\/p>\n<p>Ce sous-verre n&rsquo;est pas seulement id\u00e9al pour prot\u00e9ger les surfaces de votre maison, mais il sert \u00e9galement de souvenir exceptionnel de la tradition artisanale qui caract\u00e9rise le sud de l&rsquo;Espagne. En choisissant ce produit, vous optez pour un souvenir qui encapsule l&rsquo;essence de l&rsquo;art local et qui ravira les touristes \u00e0 la recherche de cadeaux authentiques. Chez Ol\u00e9 Mosaic, nous sommes fiers d&rsquo;\u00eatre des distributeurs de souvenirs qui c\u00e9l\u00e8brent la culture espagnole, proposant des articles en c\u00e9ramique comme celui-ci, parfaits pour les boutiques de cadeaux touristiques souhaitant offrir qualit\u00e9 et authenticit\u00e9 \u00e0 leurs clients. Avec ce sous-verre en c\u00e9ramique, vous emportez une pi\u00e8ce du patrimoine andalou, id\u00e9al pour ceux qui recherchent des souvenirs qui racontent une histoire.<\/p>\n","protected":false},"excerpt":{"rendered":"<p>Sous-verre en c\u00e9ramique d\u00e9cor\u00e9 d&rsquo;un design floral vibrant. Ce sous-verre color\u00e9 pr\u00e9sente des motifs de mosa\u00efque en rouge, jaune, bleu et noir, \u00e9voquant l&rsquo;art et la culture du sud de l&rsquo;Espagne. Sa fabrication artisanale assure une finition de qualit\u00e9, tandis que ses formes arrondies et l&rsquo;utilisation de couleurs intenses ajoutent une touche joyeuse \u00e0 n&rsquo;importe quelle table. Id\u00e9al pour prot\u00e9ger les surfaces et comme souvenir de la riche tradition artistique andalouse.<\/p>\n","protected":false},"featured_media":8930,"template":"","meta":{"_acf_changed":false},"product_brand":[],"product_cat":[812],"product_tag":[585],"class_list":{"0":"post-32370","1":"product","2":"type-product","3":"status-publish","4":"has-post-thumbnail","6":"product_cat-sous-verres","7":"product_tag-ceramique","8":"pa_motivo-fleurs","10":"first","11":"instock","12":"shipping-taxable","13":"product-type-simple"},"acf":[],"_links":{"self":[{"href":"https:\/\/olemosaic.com\/fr\/wp-json\/wp\/v2\/product\/32370","targetHints":{"allow":["GET"]}}],"collection":[{"href":"https:\/\/olemosaic.com\/fr\/wp-json\/wp\/v2\/product"}],"about":[{"href":"https:\/\/olemosaic.com\/fr\/wp-json\/wp\/v2\/types\/product"}],"wp:featuredmedia":[{"embeddable":true,"href":"https:\/\/olemosaic.com\/fr\/wp-json\/wp\/v2\/media\/8930"}],"wp:attachment":[{"href":"https:\/\/olemosaic.com\/fr\/wp-json\/wp\/v2\/media?parent=32370"}],"wp:term":[{"taxonomy":"product_brand","embeddable":true,"href":"https:\/\/olemosaic.com\/fr\/wp-json\/wp\/v2\/product_brand?post=32370"},{"taxonomy":"product_cat","embeddable":true,"href":"https:\/\/olemosaic.com\/fr\/wp-json\/wp\/v2\/product_cat?post=32370"},{"taxonomy":"product_tag","embeddable":true,"href":"https:\/\/olemosaic.com\/fr\/wp-json\/wp\/v2\/product_tag?post=32370"}],"curies":[{"name":"wp","href":"https:\/\/api.w.org\/{rel}","templated":true}]}}