{"id":32353,"date":"2025-02-20T23:34:13","date_gmt":"2025-02-20T22:34:13","guid":{"rendered":"http:\/\/olemosaic.com\/producto\/posavasos-de-ceramica-marbella-azul\/"},"modified":"2025-07-25T18:37:30","modified_gmt":"2025-07-25T16:37:30","slug":"sous-verre-en-ceramique-marbella-bleu","status":"publish","type":"product","link":"https:\/\/olemosaic.com\/fr\/produit\/sous-verre-en-ceramique-marbella-bleu\/","title":{"rendered":"Sous-verre en c\u00e9ramique. Marbella. Bleu."},"content":{"rendered":"<p>Ce sous-verre en c\u00e9ramique, d\u00e9cor\u00e9 d&rsquo;une repr\u00e9sentation vibrante de Marbella, est le souvenir parfait pour ceux qui souhaitent emporter un morceau de la Costa del Sol. Avec un design en mosa\u00efque qui illustre la c\u00e9l\u00e8bre entr\u00e9e de la ville, ce sous-verre met en avant un ciel bleu radieux qui enveloppe la sc\u00e8ne c\u00f4ti\u00e8re embl\u00e9matique. Les couleurs vives, comme les jaunes et les verts, soulignent les \u00e9l\u00e9ments architecturaux de la ville et sa v\u00e9g\u00e9tation luxuriante, cr\u00e9ant une pi\u00e8ce attrayante et fonctionnelle. Le mot \u00ab\u00a0MARBELLA\u00a0\u00bb, en blanc, ressort dans le design, s&rsquo;int\u00e9grant parfaitement \u00e0 l&rsquo;environnement.<\/p>\n<p>La c\u00e9ramique de haute qualit\u00e9 utilis\u00e9e pour sa fabrication en fait non seulement un accessoire esth\u00e9tiquement attrayant, mais aussi une pi\u00e8ce robuste et durable qui prot\u00e9gera avec \u00e9l\u00e9gance les surfaces de n&rsquo;importe quelle table. Ce sous-verre ne repr\u00e9sente pas seulement Marbella comme une destination touristique de r\u00eave, mais il encapsule \u00e9galement l&rsquo;essence du style de vie andalou.<\/p>\n<p>Chez Ol\u00e9 Mosaic, notre engagement est d&rsquo;offrir des souvenirs authentiques, de haute qualit\u00e9 et d&rsquo;une grande pertinence culturelle. Ce sous-verre est une excellente option pour les boutiques de cadeaux touristiques, id\u00e9al pour ceux qui souhaitent offrir \u00e0 leurs clients un souvenir tangible de leur visite dans l&rsquo;une des villes les plus charmantes d&rsquo;Espagne. En tant que grossistes de souvenirs en c\u00e9ramique, nous garantissons que chaque pi\u00e8ce combine beaut\u00e9, fonctionnalit\u00e9 et essence culturelle.<\/p>\n","protected":false},"excerpt":{"rendered":"<p>Sous-verre en c\u00e9ramique d\u00e9cor\u00e9 d&rsquo;une repr\u00e9sentation vibrante de Marbella. Ce sous-verre attrayant pr\u00e9sente un design en mosa\u00efque qui illustre la c\u00e9l\u00e8bre entr\u00e9e de la ville, encadr\u00e9e par un ciel bleu brillant. Les couleurs vives, comme le jaune et le vert, soulignent les \u00e9l\u00e9ments architecturaux et la v\u00e9g\u00e9tation, tandis que le texte \u00ab\u00a0MARBELLA\u00a0\u00bb ressort en blanc. Id\u00e9al pour ajouter une touche de style andalou \u00e0 n&rsquo;importe quelle table, alliant fonctionnalit\u00e9 et art.<\/p>\n","protected":false},"featured_media":9922,"template":"","meta":{"_acf_changed":false},"product_brand":[],"product_cat":[812],"product_tag":[585],"class_list":{"0":"post-32353","1":"product","2":"type-product","3":"status-publish","4":"has-post-thumbnail","6":"product_cat-sous-verres","7":"product_tag-ceramique","8":"pa_ciudad-marbella","9":"pa_pais-espana","11":"first","12":"instock","13":"shipping-taxable","14":"product-type-simple"},"acf":[],"_links":{"self":[{"href":"https:\/\/olemosaic.com\/fr\/wp-json\/wp\/v2\/product\/32353","targetHints":{"allow":["GET"]}}],"collection":[{"href":"https:\/\/olemosaic.com\/fr\/wp-json\/wp\/v2\/product"}],"about":[{"href":"https:\/\/olemosaic.com\/fr\/wp-json\/wp\/v2\/types\/product"}],"wp:featuredmedia":[{"embeddable":true,"href":"https:\/\/olemosaic.com\/fr\/wp-json\/wp\/v2\/media\/9922"}],"wp:attachment":[{"href":"https:\/\/olemosaic.com\/fr\/wp-json\/wp\/v2\/media?parent=32353"}],"wp:term":[{"taxonomy":"product_brand","embeddable":true,"href":"https:\/\/olemosaic.com\/fr\/wp-json\/wp\/v2\/product_brand?post=32353"},{"taxonomy":"product_cat","embeddable":true,"href":"https:\/\/olemosaic.com\/fr\/wp-json\/wp\/v2\/product_cat?post=32353"},{"taxonomy":"product_tag","embeddable":true,"href":"https:\/\/olemosaic.com\/fr\/wp-json\/wp\/v2\/product_tag?post=32353"}],"curies":[{"name":"wp","href":"https:\/\/api.w.org\/{rel}","templated":true}]}}