{"id":32352,"date":"2025-02-20T22:34:13","date_gmt":"2025-02-20T22:34:13","guid":{"rendered":"http:\/\/olemosaic.com\/producto\/posavasos-de-ceramica-sagrada-familia-barcelona\/"},"modified":"2025-07-25T18:48:41","modified_gmt":"2025-07-25T16:48:41","slug":"sous-verre-en-ceramique-sagrada-familia-barcelone","status":"publish","type":"product","link":"https:\/\/olemosaic.com\/fr\/produit\/sous-verre-en-ceramique-sagrada-familia-barcelone\/","title":{"rendered":"Sous-verre en c\u00e9ramique. Sagrada Familia. Barcelone."},"content":{"rendered":"<p>Ce sous-verre en c\u00e9ramique, d\u00e9cor\u00e9 d&rsquo;une repr\u00e9sentation vibrante de la Sagrada Familia, est un article indispensable pour ceux qui cherchent \u00e0 emporter un morceau de Barcelone chez eux. Avec une finition brillante, ce sous-verre se distingue par ses couleurs intenses, qui capturent l&rsquo;essence de l&rsquo;un des monuments les plus embl\u00e9matiques d&rsquo;Espagne. La Sagrada Familia, con\u00e7ue par le c\u00e9l\u00e8bre architecte Antoni Gaud\u00ed, est un symbole de l&rsquo;architecture moderniste, et sa repr\u00e9sentation sur ce sous-verre souligne les d\u00e9tails complexes de ses tours et de sa fa\u00e7ade spectaculaire, avec une palette qui inclut des tons captivants de rouge, jaune et bleu.<\/p>\n<p>En haut, le mot \u00ab\u00a0Barcelona\u00a0\u00bb compl\u00e8te cette illustration, faisant de cet objet non seulement un accessoire fonctionnel, mais aussi un authentique souvenir du riche h\u00e9ritage culturel de la ville. Chaque fois qu&rsquo;il est utilis\u00e9, ce sous-verre transportera l&rsquo;utilisateur dans les rues de Barcelone, \u00e9voquant la grandeur de la Sagrada Familia et l&rsquo;ambiance vibrante de la ville. Ce souvenir est id\u00e9al pour les touristes \u00e0 la recherche d&rsquo;articles repr\u00e9sentatifs de leur voyage, et chez Ol\u00e9 Mosaic, nous nous sp\u00e9cialisons dans la distribution de souvenirs en gros comme ce sous-verre, garantissant authenticit\u00e9 et qualit\u00e9. En tant que grossistes de produits en c\u00e9ramique, nous proposons des articles qui c\u00e9l\u00e8brent l&rsquo;authenticit\u00e9 et la beaut\u00e9 de la culture espagnole, parfaits pour les boutiques de cadeaux touristiques.<\/p>\n","protected":false},"excerpt":{"rendered":"<p>Sous-verre en c\u00e9ramique d\u00e9cor\u00e9 d&rsquo;une repr\u00e9sentation vibrante de la Sagrada Familia, l&rsquo;un des monuments les plus embl\u00e9matiques de Barcelone. Cet article pr\u00e9sente une finition brillante et des motifs aux couleurs intenses, qui mettent en valeur les designs d\u00e9taill\u00e9s des tours et de la fa\u00e7ade, avec une palette incluant des rouges, des jaunes et des bleus. Le mot \u00ab\u00a0Barcelona\u00a0\u00bb appara\u00eet en haut, compl\u00e9tant l&rsquo;illustration de ce symbole architectural iconique de la ville.<\/p>\n","protected":false},"featured_media":8676,"template":"","meta":{"_acf_changed":false},"product_brand":[],"product_cat":[812],"product_tag":[585],"class_list":{"0":"post-32352","1":"product","2":"type-product","3":"status-publish","4":"has-post-thumbnail","6":"product_cat-sous-verres","7":"product_tag-ceramique","8":"pa_ciudad-barcelona","9":"pa_motivo-sagrada-familia","10":"pa_pais-espana","12":"first","13":"instock","14":"shipping-taxable","15":"product-type-simple"},"acf":[],"_links":{"self":[{"href":"https:\/\/olemosaic.com\/fr\/wp-json\/wp\/v2\/product\/32352","targetHints":{"allow":["GET"]}}],"collection":[{"href":"https:\/\/olemosaic.com\/fr\/wp-json\/wp\/v2\/product"}],"about":[{"href":"https:\/\/olemosaic.com\/fr\/wp-json\/wp\/v2\/types\/product"}],"wp:featuredmedia":[{"embeddable":true,"href":"https:\/\/olemosaic.com\/fr\/wp-json\/wp\/v2\/media\/8676"}],"wp:attachment":[{"href":"https:\/\/olemosaic.com\/fr\/wp-json\/wp\/v2\/media?parent=32352"}],"wp:term":[{"taxonomy":"product_brand","embeddable":true,"href":"https:\/\/olemosaic.com\/fr\/wp-json\/wp\/v2\/product_brand?post=32352"},{"taxonomy":"product_cat","embeddable":true,"href":"https:\/\/olemosaic.com\/fr\/wp-json\/wp\/v2\/product_cat?post=32352"},{"taxonomy":"product_tag","embeddable":true,"href":"https:\/\/olemosaic.com\/fr\/wp-json\/wp\/v2\/product_tag?post=32352"}],"curies":[{"name":"wp","href":"https:\/\/api.w.org\/{rel}","templated":true}]}}