{"id":32351,"date":"2025-02-20T23:34:13","date_gmt":"2025-02-20T22:34:13","guid":{"rendered":"http:\/\/olemosaic.com\/producto\/posavasos-de-ceramica-mariposa-mallorca\/"},"modified":"2025-07-25T20:09:31","modified_gmt":"2025-07-25T18:09:31","slug":"sous-verre-en-ceramique-papillon-majorque","status":"publish","type":"product","link":"https:\/\/olemosaic.com\/fr\/produit\/sous-verre-en-ceramique-papillon-majorque\/","title":{"rendered":"Sous-verre en c\u00e9ramique. Papillon. Majorque."},"content":{"rendered":"<p>Ce sous-verre en c\u00e9ramique, d\u00e9cor\u00e9 d&rsquo;un papillon vibrant, capture l&rsquo;essence de la beaut\u00e9 naturelle de Majorque. Avec un design peint \u00e0 la main, le sous-verre montre un papillon \u00e9blouissant dans des tons jaunes, oranges et bleus, \u00e9l\u00e9gamment pos\u00e9 sur un fond bleu, cr\u00e9ant un contraste visuel saisissant. Les d\u00e9licates fleurs rouges qui l&rsquo;entourent ajoutent une touche de joie et de couleur, en faisant une pi\u00e8ce \u00e0 la fois fonctionnelle et artistique. La finition brillante non seulement embellit la surface, mais fournit \u00e9galement une couche de protection durable, assurant qu&rsquo;il reste en parfait \u00e9tat au fil du temps.<\/p>\n<p>L&rsquo;inscription \u00ab\u00a0MALLORCA\u00a0\u00bb dans une typographie \u00e9l\u00e9gante lui donne une touche locale distinctive, transformant ce sous-verre en un souvenir authentique qui \u00e9voque l&rsquo;identit\u00e9 de l&rsquo;\u00eele. Cet art c\u00e9ramique est inspir\u00e9 par l&rsquo;environnement naturel de Majorque, refl\u00e9tant la richesse de sa flore et de sa faune, ce qui en fait un souvenir parfait pour ceux qui souhaitent emporter un morceau de cette merveilleuse r\u00e9gion.<\/p>\n<p>Chez Ol\u00e9 Mosaic, nous sommes distributeurs de souvenirs en c\u00e9ramique en gros et nous portons la culture majorquine \u00e0 travers des produits uniques comme ce sous-verre. Une excellente option pour les boutiques de cadeaux touristiques qui souhaitent offrir des articles de qualit\u00e9 et de pertinence culturelle, ce sous-verre n&rsquo;est pas seulement un article pratique, mais aussi un pr\u00e9cieux rappel de la beaut\u00e9 de Majorque.<\/p>\n","protected":false},"excerpt":{"rendered":"<p>Sous-verre en c\u00e9ramique d\u00e9cor\u00e9 d&rsquo;un papillon vibrant sur un fond bleu, inspir\u00e9 par la beaut\u00e9 de Majorque. Ce sous-verre attrayant pr\u00e9sente un design artisanal, peint \u00e0 la main, avec le papillon dans des tons jaunes, oranges et bleus, ainsi que de d\u00e9licates fleurs rouges qui ajoutent une touche de couleur. Avec une finition brillante, il est \u00e0 la fois fonctionnel et une \u0153uvre d&rsquo;art qui rehausse n&rsquo;importe quelle table. L&rsquo;inscription \u00ab\u00a0MALLORCA\u00a0\u00bb apporte une touche locale distinctive.<\/p>\n","protected":false},"featured_media":8968,"template":"","meta":{"_acf_changed":false},"product_brand":[],"product_cat":[812],"product_tag":[530,585],"class_list":{"0":"post-32351","1":"product","2":"type-product","3":"status-publish","4":"has-post-thumbnail","6":"product_cat-sous-verres","7":"product_tag-animaux","8":"product_tag-ceramique","9":"pa_ciudad-mallorca","10":"pa_motivo-papillons","11":"pa_pais-espana","13":"first","14":"instock","15":"shipping-taxable","16":"product-type-simple"},"acf":[],"_links":{"self":[{"href":"https:\/\/olemosaic.com\/fr\/wp-json\/wp\/v2\/product\/32351","targetHints":{"allow":["GET"]}}],"collection":[{"href":"https:\/\/olemosaic.com\/fr\/wp-json\/wp\/v2\/product"}],"about":[{"href":"https:\/\/olemosaic.com\/fr\/wp-json\/wp\/v2\/types\/product"}],"wp:featuredmedia":[{"embeddable":true,"href":"https:\/\/olemosaic.com\/fr\/wp-json\/wp\/v2\/media\/8968"}],"wp:attachment":[{"href":"https:\/\/olemosaic.com\/fr\/wp-json\/wp\/v2\/media?parent=32351"}],"wp:term":[{"taxonomy":"product_brand","embeddable":true,"href":"https:\/\/olemosaic.com\/fr\/wp-json\/wp\/v2\/product_brand?post=32351"},{"taxonomy":"product_cat","embeddable":true,"href":"https:\/\/olemosaic.com\/fr\/wp-json\/wp\/v2\/product_cat?post=32351"},{"taxonomy":"product_tag","embeddable":true,"href":"https:\/\/olemosaic.com\/fr\/wp-json\/wp\/v2\/product_tag?post=32351"}],"curies":[{"name":"wp","href":"https:\/\/api.w.org\/{rel}","templated":true}]}}