{"id":32349,"date":"2025-02-20T23:34:13","date_gmt":"2025-02-20T22:34:13","guid":{"rendered":"http:\/\/olemosaic.com\/producto\/posavasos-de-ceramica-patio-sevilla\/"},"modified":"2025-07-25T18:48:42","modified_gmt":"2025-07-25T16:48:42","slug":"sous-verre-ceramique-patio-seville","status":"publish","type":"product","link":"https:\/\/olemosaic.com\/fr\/produit\/sous-verre-ceramique-patio-seville\/","title":{"rendered":"Sous-verre en c\u00e9ramique. Patio. S\u00e9ville."},"content":{"rendered":"<p>Ce sous-verre en c\u00e9ramique, d\u00e9cor\u00e9 d&rsquo;une sc\u00e8ne vibrante d&rsquo;un patio s\u00e9villan, est une pi\u00e8ce exceptionnelle qui encapsule l&rsquo;essence du flamenco et de la culture andalouse. Son design peint \u00e0 la main montre un couple de danseurs \u00e9nergique, o\u00f9 l&rsquo;homme avec un chapeau et la femme, v\u00eatue d&rsquo;une captivante robe rouge \u00e0 volants, glissent avec gr\u00e2ce dans un environnement plein de vie. Autour, des pots de fleurs rouges ajoutent une touche color\u00e9e et joyeuse \u00e0 l&rsquo;ambiance, tandis qu&rsquo;un vieux r\u00e9verb\u00e8re et des \u00e9l\u00e9ments typiques du folklore, comme une guitare et une chaise en bois, compl\u00e8tent cette repr\u00e9sentation romantique.<\/p>\n<p>La palette de couleurs vibrantes et les d\u00e9tails soigneusement \u00e9labor\u00e9s font de ce sous-verre un souvenir authentique de S\u00e9ville, id\u00e9al pour ceux qui souhaitent emporter un morceau d&rsquo;Espagne chez eux. Ce souvenir n&rsquo;est pas seulement fonctionnel, prot\u00e9geant les surfaces de mani\u00e8re \u00e9l\u00e9gante, mais il agit \u00e9galement comme un splendide \u00e9l\u00e9ment d\u00e9coratif qui \u00e9voque la chaleur et la tradition des patios andalous.<\/p>\n<p>Chez Ol\u00e9 Mosaic, nous sommes experts dans la distribution de souvenirs, proposant des articles authentiques qui c\u00e9l\u00e8brent le patrimoine espagnol. Ce sous-verre en c\u00e9ramique est une excellente option pour les boutiques de cadeaux touristiques \u00e0 la recherche de produits uniques et repr\u00e9sentatifs. En tant que grossistes de souvenirs de S\u00e9ville, nous garantissons la qualit\u00e9 et un design qui portera la culture andalouse dans n&rsquo;importe quel coin du monde.<\/p>\n","protected":false},"excerpt":{"rendered":"<p>Sous-verre en c\u00e9ramique d\u00e9cor\u00e9 d&rsquo;une sc\u00e8ne vibrante d&rsquo;un patio s\u00e9villan. Ce sous-verre attrayant pr\u00e9sente un couple de danseurs dans un bel environnement, rempli de pots de fleurs rouges, d&rsquo;un r\u00e9verb\u00e8re et d&rsquo;\u00e9l\u00e9ments typiques comme une guitare et une chaise en bois. Avec un design artisanal peint \u00e0 la main qui capture l&rsquo;essence du flamenco et de la culture andalouse, ce sous-verre est une repr\u00e9sentation \u00e9l\u00e9gante de S\u00e9ville, id\u00e9ale pour d\u00e9corer votre foyer ou comme souvenir.<\/p>\n","protected":false},"featured_media":8144,"template":"","meta":{"_acf_changed":false},"product_brand":[],"product_cat":[812],"product_tag":[585],"class_list":{"0":"post-32349","1":"product","2":"type-product","3":"status-publish","4":"has-post-thumbnail","6":"product_cat-sous-verres","7":"product_tag-ceramique","8":"pa_ciudad-sevilla","9":"pa_motivo-cours-interieures","10":"pa_pais-espana","12":"first","13":"instock","14":"shipping-taxable","15":"product-type-simple"},"acf":[],"_links":{"self":[{"href":"https:\/\/olemosaic.com\/fr\/wp-json\/wp\/v2\/product\/32349","targetHints":{"allow":["GET"]}}],"collection":[{"href":"https:\/\/olemosaic.com\/fr\/wp-json\/wp\/v2\/product"}],"about":[{"href":"https:\/\/olemosaic.com\/fr\/wp-json\/wp\/v2\/types\/product"}],"wp:featuredmedia":[{"embeddable":true,"href":"https:\/\/olemosaic.com\/fr\/wp-json\/wp\/v2\/media\/8144"}],"wp:attachment":[{"href":"https:\/\/olemosaic.com\/fr\/wp-json\/wp\/v2\/media?parent=32349"}],"wp:term":[{"taxonomy":"product_brand","embeddable":true,"href":"https:\/\/olemosaic.com\/fr\/wp-json\/wp\/v2\/product_brand?post=32349"},{"taxonomy":"product_cat","embeddable":true,"href":"https:\/\/olemosaic.com\/fr\/wp-json\/wp\/v2\/product_cat?post=32349"},{"taxonomy":"product_tag","embeddable":true,"href":"https:\/\/olemosaic.com\/fr\/wp-json\/wp\/v2\/product_tag?post=32349"}],"curies":[{"name":"wp","href":"https:\/\/api.w.org\/{rel}","templated":true}]}}