{"id":32348,"date":"2025-02-20T22:34:12","date_gmt":"2025-02-20T22:34:12","guid":{"rendered":"http:\/\/olemosaic.com\/producto\/posavasos-de-ceramica-salamandra-y-flores-mallorca\/"},"modified":"2025-07-25T19:18:49","modified_gmt":"2025-07-25T17:18:49","slug":"sous-verre-ceramique-salamandre-fleurs-majorque","status":"publish","type":"product","link":"https:\/\/olemosaic.com\/fr\/produit\/sous-verre-ceramique-salamandre-fleurs-majorque\/","title":{"rendered":"Sous-verre en c\u00e9ramique. Salamandre et fleurs. Majorque."},"content":{"rendered":"<p>Ce sous-verre en c\u00e9ramique, d\u00e9cor\u00e9 d&rsquo;une salamandre color\u00e9e et de fleurs, est un souvenir embl\u00e9matique de la beaut\u00e9 naturelle de Majorque, id\u00e9al pour ceux qui souhaitent emporter un petit morceau de cette \u00eele paradisiaque chez eux. Son design vibrant se distingue par une mosa\u00efque de couleurs \u00e9clatantes, o\u00f9 la salamandre verte et bleue contraste merveilleusement avec l&rsquo;exub\u00e9rance des fleurs aux tons rouge, jaune et bleu. Ces d\u00e9tails cr\u00e9ent un effet visuel attrayant, \u00e9voquant la riche biodiversit\u00e9 de la r\u00e9gion.<\/p>\n<p>Le fond blanc du sous-verre accentue la splendeur des illustrations, tandis que le mot \u00ab\u00a0MALLORCA\u00a0\u00bb, \u00e9l\u00e9gamment imprim\u00e9, ajoute une touche distinctive qui souligne son authenticit\u00e9 en tant que souvenir. Ce sous-verre ne remplit pas seulement la fonction pratique de prot\u00e9ger les surfaces, mais il agit \u00e9galement comme un \u00e9l\u00e9ment d\u00e9coratif qui embellira n&rsquo;importe quel espace.<\/p>\n<p>Avec son design inspir\u00e9 de la flore et de la faune locales, cet article \u00e9voque la connexion culturelle de Majorque avec la nature et l&rsquo;artisanat, en faisant un excellent cadeau pour les touristes \u00e0 la recherche de souvenirs repr\u00e9sentatifs. Chez Ol\u00e9 Mosaic, nous nous sp\u00e9cialisons dans la distribution de souvenirs en c\u00e9ramique en gros, garantissant des produits authentiques qui enrichissent l&rsquo;offre des boutiques de cadeaux touristiques. Ce sous-verre salamandre est un choix parfait pour ceux qui appr\u00e9cient la culture et la beaut\u00e9 de Majorque.<\/p>\n","protected":false},"excerpt":{"rendered":"<p>Sous-verre en c\u00e9ramique d\u00e9cor\u00e9 d&rsquo;une salamandre color\u00e9e et de fleurs, inspir\u00e9 par la beaut\u00e9 naturelle de Majorque. Ce charmant sous-verre pr\u00e9sente un design vibrant avec une mosa\u00efque de couleurs \u00e9clatantes et des d\u00e9tails floraux dans les tons rouge, jaune et bleu, cr\u00e9ant un effet visuel attrayant. Le mot \u00ab\u00a0MALLORCA\u00a0\u00bb est \u00e9l\u00e9gamment imprim\u00e9, ce qui le rend id\u00e9al comme souvenir ou \u00e9l\u00e9ment d\u00e9coratif dans n&rsquo;importe quel foyer.<\/p>\n","protected":false},"featured_media":8137,"template":"","meta":{"_acf_changed":false},"product_brand":[],"product_cat":[812],"product_tag":[530,585],"class_list":{"0":"post-32348","1":"product","2":"type-product","3":"status-publish","4":"has-post-thumbnail","6":"product_cat-sous-verres","7":"product_tag-animaux","8":"product_tag-ceramique","9":"pa_ciudad-mallorca","10":"pa_motivo-salamandres","11":"pa_pais-espana","13":"first","14":"instock","15":"shipping-taxable","16":"product-type-simple"},"acf":[],"_links":{"self":[{"href":"https:\/\/olemosaic.com\/fr\/wp-json\/wp\/v2\/product\/32348","targetHints":{"allow":["GET"]}}],"collection":[{"href":"https:\/\/olemosaic.com\/fr\/wp-json\/wp\/v2\/product"}],"about":[{"href":"https:\/\/olemosaic.com\/fr\/wp-json\/wp\/v2\/types\/product"}],"wp:featuredmedia":[{"embeddable":true,"href":"https:\/\/olemosaic.com\/fr\/wp-json\/wp\/v2\/media\/8137"}],"wp:attachment":[{"href":"https:\/\/olemosaic.com\/fr\/wp-json\/wp\/v2\/media?parent=32348"}],"wp:term":[{"taxonomy":"product_brand","embeddable":true,"href":"https:\/\/olemosaic.com\/fr\/wp-json\/wp\/v2\/product_brand?post=32348"},{"taxonomy":"product_cat","embeddable":true,"href":"https:\/\/olemosaic.com\/fr\/wp-json\/wp\/v2\/product_cat?post=32348"},{"taxonomy":"product_tag","embeddable":true,"href":"https:\/\/olemosaic.com\/fr\/wp-json\/wp\/v2\/product_tag?post=32348"}],"curies":[{"name":"wp","href":"https:\/\/api.w.org\/{rel}","templated":true}]}}