{"id":32347,"date":"2025-02-20T22:34:12","date_gmt":"2025-02-20T22:34:12","guid":{"rendered":"http:\/\/olemosaic.com\/producto\/posavasos-de-ceramica-malaga\/"},"modified":"2025-07-25T18:46:56","modified_gmt":"2025-07-25T16:46:56","slug":"sous-verre-ceramique-malaga","status":"publish","type":"product","link":"https:\/\/olemosaic.com\/fr\/produit\/sous-verre-ceramique-malaga\/","title":{"rendered":"Sous-verre en c\u00e9ramique. Malaga."},"content":{"rendered":"<p>Ce sous-verre en c\u00e9ramique, d\u00e9cor\u00e9 d&rsquo;un paysage vibrant de Malaga, est une pi\u00e8ce artisanale qui capture l&rsquo;essence de cette belle ville andalouse. L&rsquo;illustration met en avant la majestueuse cath\u00e9drale et d&rsquo;autres monuments embl\u00e9matiques, pr\u00e9sent\u00e9s avec une palette de couleurs \u00e9clatantes qui rehausse son architecture impressionnante. La surface brillante du sous-verre fait resplendir chaque nuance de la peinture, cr\u00e9ant une pr\u00e9sentation attrayante et festive. Sur la partie sup\u00e9rieure, le mot \u00ab\u00a0M\u00e1laga\u00a0\u00bb appara\u00eet en lettres color\u00e9es, ajoutant une touche joyeuse et distinctive qui \u00e9voque imm\u00e9diatement les promenades dans ses rues.<\/p>\n<p>Ce souvenir n&rsquo;est pas seulement un objet fonctionnel pour n&rsquo;importe quel foyer, il devient aussi un souvenir inestimable d&rsquo;une exp\u00e9rience unique sur la c\u00f4te m\u00e9diterran\u00e9enne. La connexion culturelle de ce sous-verre avec Malaga r\u00e9side dans sa repr\u00e9sentation artistique, refl\u00e9tant la richesse historique et artistique de la ville, en plus de sa popularit\u00e9 comme destination touristique.<\/p>\n<p>Chez Ol\u00e9 Mosaic, nous nous sp\u00e9cialisons dans la distribution de souvenirs authentiques en gros, et ce sous-verre en c\u00e9ramique est une excellente option pour les boutiques de cadeaux touristiques \u00e0 la recherche de produits remarquables et repr\u00e9sentatifs. En choisissant ce souvenir de Malaga, les touristes peuvent emporter un morceau de la chaleur et de la beaut\u00e9 andalouse chez eux. En tant que grossistes en c\u00e9ramique, nous proposons des articles qui allient qualit\u00e9, design et pertinence culturelle, parfaits pour tous ceux qui souhaitent se souvenir de leur visite dans cette ville charmante.<\/p>\n","protected":false},"excerpt":{"rendered":"<p>Sous-verre en c\u00e9ramique d\u00e9cor\u00e9 d&rsquo;un paysage vibrant de Malaga. Cet article pr\u00e9sente une illustration d\u00e9taill\u00e9e de la cath\u00e9drale et des monuments embl\u00e9matiques de la ville, soulignant son architecture avec des couleurs \u00e9clatantes et des motifs typiques de la c\u00e9ramique. La surface brillante fait ressortir les nuances de la peinture, tandis que le mot \u00ab\u00a0M\u00e1laga\u00a0\u00bb appara\u00eet en lettres color\u00e9es sur la partie sup\u00e9rieure, ajoutant une touche festive et caract\u00e9ristique. Parfait pour se souvenir de votre visite dans cette charmante ville andalouse.<\/p>\n","protected":false},"featured_media":10559,"template":"","meta":{"_acf_changed":false},"product_brand":[],"product_cat":[812],"product_tag":[585],"class_list":{"0":"post-32347","1":"product","2":"type-product","3":"status-publish","4":"has-post-thumbnail","6":"product_cat-sous-verres","7":"product_tag-ceramique","8":"pa_ciudad-malaga","9":"pa_pais-espana","11":"first","12":"instock","13":"shipping-taxable","14":"product-type-simple"},"acf":[],"_links":{"self":[{"href":"https:\/\/olemosaic.com\/fr\/wp-json\/wp\/v2\/product\/32347","targetHints":{"allow":["GET"]}}],"collection":[{"href":"https:\/\/olemosaic.com\/fr\/wp-json\/wp\/v2\/product"}],"about":[{"href":"https:\/\/olemosaic.com\/fr\/wp-json\/wp\/v2\/types\/product"}],"wp:featuredmedia":[{"embeddable":true,"href":"https:\/\/olemosaic.com\/fr\/wp-json\/wp\/v2\/media\/10559"}],"wp:attachment":[{"href":"https:\/\/olemosaic.com\/fr\/wp-json\/wp\/v2\/media?parent=32347"}],"wp:term":[{"taxonomy":"product_brand","embeddable":true,"href":"https:\/\/olemosaic.com\/fr\/wp-json\/wp\/v2\/product_brand?post=32347"},{"taxonomy":"product_cat","embeddable":true,"href":"https:\/\/olemosaic.com\/fr\/wp-json\/wp\/v2\/product_cat?post=32347"},{"taxonomy":"product_tag","embeddable":true,"href":"https:\/\/olemosaic.com\/fr\/wp-json\/wp\/v2\/product_tag?post=32347"}],"curies":[{"name":"wp","href":"https:\/\/api.w.org\/{rel}","templated":true}]}}