{"id":32346,"date":"2025-02-20T23:34:12","date_gmt":"2025-02-20T22:34:12","guid":{"rendered":"http:\/\/olemosaic.com\/producto\/posavasos-de-ceramica-toros-sevilla\/"},"modified":"2025-07-25T18:58:25","modified_gmt":"2025-07-25T16:58:25","slug":"sous-verre-ceramique-taureaux-seville","status":"publish","type":"product","link":"https:\/\/olemosaic.com\/fr\/produit\/sous-verre-ceramique-taureaux-seville\/","title":{"rendered":"Sous-verre en c\u00e9ramique. Taureaux. S\u00e9ville."},"content":{"rendered":"<p>Ce sous-verre en c\u00e9ramique, d\u00e9cor\u00e9 d&rsquo;une mosa\u00efque vibrante, est un hommage \u00e0 la riche culture espagnole et refl\u00e8te l&rsquo;essence de S\u00e9ville \u00e0 travers un symbole iconique : le taureau. Peint \u00e0 la main, chaque d\u00e9tail souligne la ma\u00eetrise artisanale qui caract\u00e9rise ce produit. Le taureau, repr\u00e9sent\u00e9 avec des couleurs \u00e9clatantes et voyantes, se dresse dans un paysage orn\u00e9 d&rsquo;un soleil radieux et de fleurs rouges, cr\u00e9ant une composition visuelle joyeuse et dynamique. Le fond, con\u00e7u dans un style mosa\u00efque, apporte texture et profondeur, mettant l&rsquo;accent sur la tradition artistique de la r\u00e9gion.<\/p>\n<p>Le nom \u00ab\u00a0Sevilla\u00a0\u00bb est \u00e9l\u00e9gamment imprim\u00e9 sur la partie sup\u00e9rieure, ce qui fait de ce sous-verre non seulement un objet fonctionnel, mais aussi un souvenir significatif qui capture l&rsquo;essence du folklore s\u00e9villan. Utiliser ce sous-verre sur la table, c&rsquo;est comme inviter un morceau d&rsquo;Andalousie dans votre foyer, ce qui en fait un excellent souvenir pour les touristes \u00e0 la recherche de quelque chose d&rsquo;authentique et de m\u00e9morable.<\/p>\n<p>Chez Ol\u00e9 Mosaic, nous nous sp\u00e9cialisons dans la distribution de souvenirs en gros, et ce sous-verre est une option id\u00e9ale pour les boutiques de cadeaux touristiques qui souhaitent proposer des produits refl\u00e9tant la culture locale. L&rsquo;authenticit\u00e9 et l&rsquo;attrait visuel de ce souvenir en c\u00e9ramique en font un choix parfait pour ceux qui cherchent \u00e0 conserver une partie de leur aventure en Espagne.<\/p>\n","protected":false},"excerpt":{"rendered":"<p>Sous-verre en c\u00e9ramique d\u00e9cor\u00e9 d&rsquo;une mosa\u00efque vibrante repr\u00e9sentant un taureau, symbole embl\u00e9matique de la culture espagnole, particuli\u00e8rement \u00e0 S\u00e9ville. Ce sous-verre, au design artisanal peint \u00e0 la main, se distingue par ses couleurs \u00e9clatantes et ses motifs artistiques, tels qu&rsquo;un soleil radieux et des fleurs rouges, le tout sur un fond au design de mosa\u00efque. Avec le nom \u00ab\u00a0Sevilla\u00a0\u00bb imprim\u00e9 sur la partie sup\u00e9rieure, il est id\u00e9al pour ceux qui souhaitent emporter un morceau de la tradition andalouse chez eux.<\/p>\n","protected":false},"featured_media":8147,"template":"","meta":{"_acf_changed":false},"product_brand":[],"product_cat":[812],"product_tag":[530,585],"class_list":{"0":"post-32346","1":"product","2":"type-product","3":"status-publish","4":"has-post-thumbnail","6":"product_cat-sous-verres","7":"product_tag-animaux","8":"product_tag-ceramique","9":"pa_ciudad-sevilla","10":"pa_motivo-taureaux","11":"pa_pais-espana","13":"first","14":"instock","15":"shipping-taxable","16":"product-type-simple"},"acf":[],"_links":{"self":[{"href":"https:\/\/olemosaic.com\/fr\/wp-json\/wp\/v2\/product\/32346","targetHints":{"allow":["GET"]}}],"collection":[{"href":"https:\/\/olemosaic.com\/fr\/wp-json\/wp\/v2\/product"}],"about":[{"href":"https:\/\/olemosaic.com\/fr\/wp-json\/wp\/v2\/types\/product"}],"wp:featuredmedia":[{"embeddable":true,"href":"https:\/\/olemosaic.com\/fr\/wp-json\/wp\/v2\/media\/8147"}],"wp:attachment":[{"href":"https:\/\/olemosaic.com\/fr\/wp-json\/wp\/v2\/media?parent=32346"}],"wp:term":[{"taxonomy":"product_brand","embeddable":true,"href":"https:\/\/olemosaic.com\/fr\/wp-json\/wp\/v2\/product_brand?post=32346"},{"taxonomy":"product_cat","embeddable":true,"href":"https:\/\/olemosaic.com\/fr\/wp-json\/wp\/v2\/product_cat?post=32346"},{"taxonomy":"product_tag","embeddable":true,"href":"https:\/\/olemosaic.com\/fr\/wp-json\/wp\/v2\/product_tag?post=32346"}],"curies":[{"name":"wp","href":"https:\/\/api.w.org\/{rel}","templated":true}]}}