{"id":32339,"date":"2025-02-20T22:34:12","date_gmt":"2025-02-20T22:34:12","guid":{"rendered":"http:\/\/olemosaic.com\/producto\/posavasos-de-ceramica-dragon-barcelona\/"},"modified":"2025-07-25T18:49:31","modified_gmt":"2025-07-25T16:49:31","slug":"dessous-de-verre-ceramique-dragon-barcelone","status":"publish","type":"product","link":"https:\/\/olemosaic.com\/fr\/produit\/dessous-de-verre-ceramique-dragon-barcelone\/","title":{"rendered":"Dessous de verre en c\u00e9ramique. Dragon. Barcelone."},"content":{"rendered":"<p>Ce dessous de verre en c\u00e9ramique, d\u00e9cor\u00e9 d&rsquo;un design de dragon vibrant, est un reflet authentique de l&rsquo;essence de Barcelone. Avec sa technique de mosa\u00efque, qui combine des couleurs vives comme le rouge, le bleu et le vert sur un fond bleu clair attrayant, ce dessous de verre \u00e9voque la c\u00e9l\u00e8bre architecture de Gaud\u00ed, reconnu pour ses formes organiques et sa palette chromatique \u00e9blouissante. L&rsquo;illustration centrale pr\u00e9sente un dragon stylis\u00e9 qui serpente \u00e0 travers un paysage o\u00f9 s&rsquo;entrelacent des motifs de la nature, rappelant les mosa\u00efques embl\u00e9matiques pr\u00e9sentes dans l&rsquo;\u0153uvre de l&rsquo;architecte moderniste. Le mot \u00ab\u00a0Barcelona\u00a0\u00bb est \u00e9l\u00e9gamment imprim\u00e9 en haut, ajoutant une touche d&rsquo;authenticit\u00e9 \u00e0 cet article.<\/p>\n<p>Ce produit n&rsquo;est pas seulement fonctionnel, il agit \u00e9galement comme un souvenir significatif de la culture catalane, id\u00e9al pour ceux qui souhaitent emporter une pi\u00e8ce de l&rsquo;histoire de la ville. En tant que souvenir repr\u00e9sentatif de Barcelone, son design unique en fait une excellente option pour les touristes \u00e0 la recherche de souvenirs de haute qualit\u00e9. Chez Ol\u00e9 Mosaic, nous nous sp\u00e9cialisons dans la distribution de ce type de souvenirs en gros, garantissant des produits authentiques qui c\u00e9l\u00e8brent le riche h\u00e9ritage culturel de l&rsquo;Espagne. Avec ce dessous de verre en c\u00e9ramique, vous n&rsquo;offrirez pas seulement un article esth\u00e9tique, mais aussi un lien tangible avec la vie vibrante de Barcelone.<\/p>\n","protected":false},"excerpt":{"rendered":"<p>Dessous de verre en c\u00e9ramique d\u00e9cor\u00e9 d&rsquo;un design de dragon vibrant, typique de Barcelone. Cet article pr\u00e9sente une technique de mosa\u00efque qui combine des couleurs vives, comme le rouge, le bleu et le vert, sur un fond bleu clair, \u00e9voquant la c\u00e9l\u00e8bre architecture de Gaud\u00ed. Le mot \u00ab\u00a0Barcelona\u00a0\u00bb est \u00e9l\u00e9gamment imprim\u00e9 en haut, ce qui fait de ce dessous de verre une pi\u00e8ce id\u00e9ale pour se souvenir de l&rsquo;essence de la ville \u00e0 chaque gorg\u00e9e.<\/p>\n","protected":false},"featured_media":8677,"template":"","meta":{"_acf_changed":false},"product_brand":[],"product_cat":[812],"product_tag":[585],"class_list":{"0":"post-32339","1":"product","2":"type-product","3":"status-publish","4":"has-post-thumbnail","6":"product_cat-sous-verres","7":"product_tag-ceramique","8":"pa_ciudad-barcelona","9":"pa_motivo-dragon","10":"pa_pais-espana","12":"first","13":"instock","14":"shipping-taxable","15":"product-type-simple"},"acf":[],"_links":{"self":[{"href":"https:\/\/olemosaic.com\/fr\/wp-json\/wp\/v2\/product\/32339","targetHints":{"allow":["GET"]}}],"collection":[{"href":"https:\/\/olemosaic.com\/fr\/wp-json\/wp\/v2\/product"}],"about":[{"href":"https:\/\/olemosaic.com\/fr\/wp-json\/wp\/v2\/types\/product"}],"wp:featuredmedia":[{"embeddable":true,"href":"https:\/\/olemosaic.com\/fr\/wp-json\/wp\/v2\/media\/8677"}],"wp:attachment":[{"href":"https:\/\/olemosaic.com\/fr\/wp-json\/wp\/v2\/media?parent=32339"}],"wp:term":[{"taxonomy":"product_brand","embeddable":true,"href":"https:\/\/olemosaic.com\/fr\/wp-json\/wp\/v2\/product_brand?post=32339"},{"taxonomy":"product_cat","embeddable":true,"href":"https:\/\/olemosaic.com\/fr\/wp-json\/wp\/v2\/product_cat?post=32339"},{"taxonomy":"product_tag","embeddable":true,"href":"https:\/\/olemosaic.com\/fr\/wp-json\/wp\/v2\/product_tag?post=32339"}],"curies":[{"name":"wp","href":"https:\/\/api.w.org\/{rel}","templated":true}]}}